{"id":9,"date":"2012-07-30T14:05:37","date_gmt":"2012-07-30T12:05:37","guid":{"rendered":""},"modified":"2025-07-28T00:13:00","modified_gmt":"2025-07-27T22:13:00","slug":"deutsch-sprachkursedeutsch-intensivkurse","status":"publish","type":"page","link":"https:\/\/www.sprachboerse.de\/ru\/deutsch-sprachkurse\/deutsch-sprachkursedeutsch-intensivkurse\/","title":{"rendered":"\u0418\u043d\u0442\u0435\u043d\u0441\u0438\u0432\u043d\u044b\u0439 \u043a\u0443\u0440\u0441 \u043d\u0435\u043c\u0435\u0446\u043a\u043e\u0433\u043e \u044f\u0437\u044b\u043a\u0430 \u0432 \u043c\u0430\u043b\u0435\u043d\u044c\u043a\u0438\u0445 \u0433\u0440\u0443\u043f\u043f\u0430\u0445Intensivkurs deutsch"},"content":{"rendered":"<p>Sie suchen einen Abendkurs Deutsch oder einen Intensivkurs am Morgen? Unsere Sprachschule in M\u00fcnchen ist seit mehr als 14 Jahren spezialisiert auf Deutsch Intensivkurse. Unser Deutschkurs bereitet Sie auf Deutschpr\u00fcfungen wie das Goethe-Zertifikat oder das Telc Zertifikat sowie auf den TestDaF, die DSH und den Aufnahmetest beim Studienkolleg vor. Sie lernen in kleinen Gruppen (5-12 Teilnehmer) in sympathisch-famili\u00e4rer Atmosph\u00e4re. Sie kommen zu Wort!<\/p>\n<p>Das Preis-Leistungsverh\u00e4ltnis des Intensivkurs deutsch unserer Sprachschule ist unvergleichlich gut, pr\u00fcfen Sie selbst.<\/p>\n<p><a href=\"http:\/\/www.sprachboerse.de\/wp-content\/uploads\/2012\/08\/AusflugStarnbergerSee.jpg\"><img loading=\"lazy\" decoding=\"async\" class=\"alignnone wp-image-769\" src=\"http:\/\/www.sprachboerse.de\/wp-content\/uploads\/2012\/08\/AusflugStarnbergerSee-300x200.jpg\" alt=\"AusflugStarnbergerSee\" width=\"574\" height=\"382\" srcset=\"https:\/\/www.sprachboerse.de\/wp-content\/uploads\/2012\/08\/AusflugStarnbergerSee-300x200.jpg 300w, https:\/\/www.sprachboerse.de\/wp-content\/uploads\/2012\/08\/AusflugStarnbergerSee-1024x683.jpg 1024w, https:\/\/www.sprachboerse.de\/wp-content\/uploads\/2012\/08\/AusflugStarnbergerSee.jpg 2048w\" sizes=\"(max-width: 574px) 100vw, 574px\" \/><\/a><\/p>\n<p>Der Deutschkurs wird von bestens ausgebildeten und engagierten Sprachtrainern geleitet. In kurzer Zeit werden Sprachhemmungen abgebaut und Ihre Deutschkenntnisse aktiviert.<\/p>\n<p>Mit unserem Intensivkurs (20 Unterrichtsstunden\/Woche) k\u00f6nnen Sie ein Visum als Sprachstudent (Sprachvisum f\u00fcr die Teilnahme an einem Deutschkurs) beantragen oder verl\u00e4ngern.<\/p>\n<p><strong>Deutsch Intensivkurs in kleinen Gruppen<\/strong><\/p>\n<p>\u041d\u0430\u0448\u0430 \u044f\u0437\u044b\u043a\u043e\u0432\u0430\u044f \u0448\u043a\u043e\u043b\u0430 \u0432 \u041c\u044e\u043d\u0445\u0435\u043d\u0435 \u0441\u043f\u0435\u0446\u0438\u0430\u043b\u0438\u0437\u0438\u0440\u0443\u0435\u0442\u0441\u044f \u043d\u0430 \u0438\u043d\u0442\u0435\u043d\u0441\u0438\u0432\u043d\u044b\u0445 \u043a\u0443\u0440\u0441\u0430\u0445 \u043d\u0435\u043c\u0435\u0446\u043a\u043e\u0433\u043e \u044f\u0437\u044b\u043a\u0430. \u0417\u0430\u043d\u044f\u0442\u0438\u044f \u043f\u0440\u043e\u0432\u043e\u0434\u044f\u0442\u0441\u044f \u0432 \u043c\u0430\u043b\u0435\u043d\u044c\u043a\u0438\u0445 \u0433\u0440\u0443\u043f\u043f\u0430\u0445 \u043f\u043e 6 \u2013 12 \u0447\u0435\u043b\u043e\u0432\u0435\u043a \u0432 \u043f\u0440\u0438\u044f\u0442\u043d\u043e\u0439 \u043e\u0431\u0441\u0442\u0430\u043d\u043e\u0432\u043a\u0435.<\/p>\n<p>\u0411\u043b\u0430\u0433\u043e\u0434\u0430\u0440\u044f \u0438\u043d\u0442\u0435\u043d\u0441\u0438\u0432\u043d\u043e\u043c\u0443 \u0443\u0442\u0440\u0435\u043d\u043d\u0435\u043c\u0443 \u043a\u0443\u0440\u0441\u0443 (20 \u0447\u0430\u0441\u043e\u0432 \u0432 \u043d\u0435\u0434\u0435\u043b\u044e) \u0432\u044b \u043c\u043e\u0436\u0435\u0442\u0435 \u043f\u043e\u0434\u0430\u0442\u044c \u0437\u0430\u044f\u0432\u043b\u0435\u043d\u0438\u0435 \u043d\u0430 \u043f\u043e\u043b\u0443\u0447\u0435\u043d\u0438\u0435 \u0438\u043b\u0438 \u043f\u0440\u043e\u0434\u043b\u0435\u043d\u0438\u0435 \u0432\u0438\u0437\u044b \u043a\u0430\u043a \u0441\u0442\u0443\u0434\u0435\u043d\u0442 \u044f\u0437\u044b\u043a\u043e\u0432\u043e\u0433\u043e \u043a\u0443\u0440\u0441\u0430 (\u044f\u0437\u044b\u043a\u043e\u0432\u0430\u044f \u0432\u0438\u0437\u0430 \u0434\u043b\u044f \u0443\u0447\u0430\u0441\u0442\u0438\u044f \u0432 \u043a\u0443\u0440\u0441\u0430\u0445 \u043d\u0435\u043c\u0435\u0446\u043a\u043e\u0433\u043e \u044f\u0437\u044b\u043a\u0430).<\/p>\n<p>\u0421\u043e\u043e\u0442\u043d\u043e\u0448\u0435\u043d\u0438\u0435 \u043e\u043f\u043b\u0430\u0442\u044b \u0437\u0430 \u043e\u0431\u0443\u0447\u0435\u043d\u0438\u0435 \u0438 \u043f\u0440\u0435\u0434\u043e\u0441\u0442\u0430\u0432\u043b\u044f\u0435\u043c\u044b\u0445 \u0432\u043e\u0437\u043c\u043e\u0436\u043d\u043e\u0441\u0442\u0435\u0439 \u043e\u0447\u0435\u043d\u044c \u0445\u043e\u0440\u043e\u0448\u0435\u0435. \u0421\u0440\u0430\u0432\u043d\u0438\u0442\u0435 \u0438\u00a0\u043f\u0440\u043e\u0432\u0435\u0440\u044c\u0442\u0435 \u0441\u0430\u043c\u0438!<\/p>\n<p>\u041a\u0443\u0440\u0441\u044b \u043d\u0435\u043c\u0435\u0446\u043a\u043e\u0433\u043e \u044f\u0437\u044b\u043a\u0430 \u043f\u0440\u043e\u0432\u043e\u0434\u044f\u0442 \u0437\u0430\u0438\u043d\u0442\u0435\u0440\u0435\u0441\u043e\u0432\u0430\u043d\u043d\u044b\u0435 \u043f\u0440\u0435\u043f\u043e\u0434\u0430\u0432\u0430\u0442\u0435\u043b\u0438 \u0441 \u0432\u044b\u0441\u0448\u0438\u043c \u043e\u0431\u0440\u0430\u0437\u043e\u0432\u0430\u043d\u0438\u0435\u043c. \u0412 \u043a\u0440\u0430\u0442\u0447\u0430\u0439\u0448\u0438\u0435 \u0441\u0440\u043e\u043a\u0438 \u043f\u0440\u0435\u043e\u0434\u043e\u043b\u0435\u0432\u0430\u0435\u0442\u0441\u044f \u044f\u0437\u044b\u043a\u043e\u0432\u043e\u0439 \u0431\u0430\u0440\u044c\u0435\u0440, \u0438 \u0430\u043a\u0442\u0438\u0432\u0438\u0440\u0443\u044e\u0442\u0441\u044f \u0412\u0430\u0448\u0438 \u0437\u043d\u0430\u043d\u0438\u044f \u043d\u0435\u043c\u0435\u0446\u043a\u043e\u0433\u043e \u044f\u0437\u044b\u043a\u0430.<\/p>\n<p>&nbsp;<\/p>\n<p><strong>\u0418\u043d\u0442\u0435\u043d\u0441\u0438\u0432\u043d\u044b\u0439 \u043a\u0443\u0440\u0441 \u043d\u0435\u043c\u0435\u0446\u043a\u043e\u0433\u043e \u044f\u0437\u044b\u043a\u0430\u00a0\u0432 \u043c\u0430\u043b\u0435\u043d\u044c\u043a\u0438\u0445 \u0433\u0440\u0443\u043f\u043f\u0430\u0445<\/strong><\/p>\n<p><strong>20 \u0410\u0427* \u0432 \u043d\u0435\u0434\u0435\u043b\u044e. \u041e\u0441\u043d\u043e\u0432\u043d\u0430\u044f \u0441\u0442\u0443\u043f\u0435\u043d\u044c, \u0443\u0440\u043e\u0432\u0435\u043d\u044c \u04101 \u0438 \u04102<\/strong><\/p>\n<p>\u041f\u043e\u043d\u0435\u0434\u0435\u043b\u044c\u043d\u0438\u043a &#8212; \u043f\u044f\u0442\u043d\u0438\u0446\u0430, 10.00 &#8212; 13.15<\/p>\n<p>590,00 \u20ac\/4\u00a0\u043d\u0435\u0434\u0435\u043b\u0438 +\u00a025,00 \u20ac (\u043a\u043d\u0438\u0433\u0430)<\/p>\n<p>&nbsp;<\/p>\n<p><strong>20 \u0410\u0427* \u0432 \u043d\u0435\u0434\u0435\u043b\u044e. \u0421\u0440\u0435\u0434\u043d\u044f\u044f \u0441\u0442\u0443\u043f\u0435\u043d\u044c, \u0443\u0440\u043e\u0432\u0435\u043d\u044c B1 \u0438 B2<\/strong><\/p>\n<p>\u041f\u043e\u043d\u0435\u0434\u0435\u043b\u044c\u043d\u0438\u043a &#8212; \u043f\u044f\u0442\u043d\u0438\u0446\u0430, 10.00 &#8212; 13.15\u00a0\u0438\u043b\u0438 \u04122 \u043f\u043e\u043d\u0435\u0434\u0435\u043b\u044c\u043d\u0438\u043a &#8212; \u0447\u0435\u0442\u0432\u0435\u0440\u0433, 14.00 &#8212; 18.00<\/p>\n<p>590,00 \u20ac\/4\u00a0\u043d\u0435\u0434\u0435\u043b\u0438 +\u00a025,00 \u20ac (\u043a\u043d\u0438\u0433\u0430)<\/p>\n<p>&nbsp;<\/p>\n<p><strong>20 \u0410\u0427* \u0432 \u043d\u0435\u0434\u0435\u043b\u044e. \u0412\u044b\u0441\u0448\u0430\u044f \u0441\u0442\u0443\u043f\u0435\u043d\u044c, \u0443\u0440\u043e\u0432\u0435\u043d\u044c C1<\/strong><\/p>\n<p>\u041f\u043e\u043d\u0435\u0434\u0435\u043b\u044c\u043d\u0438\u043a &#8212; \u043f\u044f\u0442\u043d\u0438\u0446\u0430, 10.00 &#8212; 13.15<\/p>\n<p>595,00 \u20ac\/4\u00a0\u043d\u0435\u0434\u0435\u043b\u0438<\/p>\n<p><a href=\"\/ru\/deutsch-sprachkurse-russisch\/termine-preise-russisch\/\">\u0446\u0435\u043d\u044b \u0438 \u0434\u0430\u0442\u044b<\/a><\/p>\n<p>&nbsp;<\/p>\n<p>&nbsp;<\/p>\n<p><strong>\u0418\u043d\u0442\u0435\u043d\u0441\u0438\u0432\u043d\u044b\u0439 \u043a\u0443\u0440\u0441 \u043d\u0435\u043c\u0435\u0446\u043a\u043e\u0433\u043e \u044f\u0437\u044b\u043a\u0430 \u041f\u041b\u042e\u0421<\/strong><\/p>\n<p><strong>24 \u0410\u0427* \u0432 \u043d\u0435\u0434\u0435\u043b\u044e. \u0412\u044b\u0441\u0448\u0430\u044f \u0441\u0442\u0443\u043f\u0435\u043d\u044c, \u0443\u0440\u043e\u0432\u0435\u043d\u044c C1<\/strong><\/p>\n<p>\u041f\u043e\u043d\u0435\u0434\u0435\u043b\u044c\u043d\u0438\u043a &#8212; \u043f\u044f\u0442\u043d\u0438\u0446\u0430, 10.00 &#8212; 13.15 \u0438 \u043f\u043e\u043d\u0435\u0434\u0435\u043b\u044c\u043d\u0438\u043a + \u0441\u0440\u0435\u0434\u0430,\u00a014.00 \u2013 15.30.<\/p>\n<p>790,00 \u20ac\/4\u00a0\u043d\u0435\u0434\u0435\u043b\u0438<\/p>\n<p>&nbsp;<\/p>\n<p><strong>24 \u0410\u0427* \u0432 \u043d\u0435\u0434\u0435\u043b\u044e. \u0421\u0440\u0435\u0434\u043d\u044f\u044f \u0441\u0442\u0443\u043f\u0435\u043d\u044c, \u0443\u0440\u043e\u0432\u0435\u043d\u044c \u04122.<\/strong><\/p>\n<p>\u041f\u043e\u043d\u0435\u0434\u0435\u043b\u044c\u043d\u0438\u043a &#8212; \u043f\u044f\u0442\u043d\u0438\u0446\u0430, 10.00 &#8212; 13.15 \u0438 \u043f\u043e\u043d\u0435\u0434\u0435\u043b\u044c\u043d\u0438\u043a + \u0441\u0440\u0435\u0434\u0430,\u00a014.00 \u2013 15.30.<\/p>\n<p>790,00 \u20ac\/4\u00a0\u043d\u0435\u0434\u0435\u043b\u0438<\/p>\n<p><a href=\"\/ru\/deutsch-sprachkurse-russisch\/termine-preise-russisch\/\">\u0446\u0435\u043d\u044b \u0438 \u0434\u0430\u0442\u044b<\/a><\/p>\n<p><a href=\"..\/sprachkurs-muenchen-anmeldung-russisch\">\u0417\u0430\u043f\u0438\u0441\u044c \u043d\u0430 \u0438\u043d\u0442\u0435\u043d\u0441\u0438\u0432\u043d\u044b\u0439 \u043a\u0443\u0440\u0441 \u043d\u0435\u043c\u0435\u0446\u043a\u043e\u0433\u043e \u044f\u0437\u044b\u043a\u0430<\/a><\/p>\n<p>*\u0410\u0427 = \u0410\u043a\u0430\u0434\u0435\u043c\u0438\u0447\u0435\u0441\u043a\u0438\u0439 \u0447\u0430\u0441= 45 \u043c\u0438\u043d\u0443\u0442<\/p>\n<div class=\"fusion-one-full fusion-layout-column fusion-column-last fusion-spacing-yes\" style=\"margin-top:0px;margin-bottom:20px;\"><div class=\"fusion-column-wrapper\"><div class=\"fusion-clearfix\"><\/div><\/div><\/div><div class=\"fusion-clearfix\"><\/div>","protected":false},"excerpt":{"rendered":"","protected":false},"author":1,"featured_media":0,"parent":202,"menu_order":0,"comment_status":"closed","ping_status":"closed","template":"","meta":{"footnotes":""},"aioseo_notices":[],"_links":{"self":[{"href":"https:\/\/www.sprachboerse.de\/ru\/wp-json\/wp\/v2\/pages\/9"}],"collection":[{"href":"https:\/\/www.sprachboerse.de\/ru\/wp-json\/wp\/v2\/pages"}],"about":[{"href":"https:\/\/www.sprachboerse.de\/ru\/wp-json\/wp\/v2\/types\/page"}],"author":[{"embeddable":true,"href":"https:\/\/www.sprachboerse.de\/ru\/wp-json\/wp\/v2\/users\/1"}],"replies":[{"embeddable":true,"href":"https:\/\/www.sprachboerse.de\/ru\/wp-json\/wp\/v2\/comments?post=9"}],"version-history":[{"count":151,"href":"https:\/\/www.sprachboerse.de\/ru\/wp-json\/wp\/v2\/pages\/9\/revisions"}],"predecessor-version":[{"id":1643,"href":"https:\/\/www.sprachboerse.de\/ru\/wp-json\/wp\/v2\/pages\/9\/revisions\/1643"}],"up":[{"embeddable":true,"href":"https:\/\/www.sprachboerse.de\/ru\/wp-json\/wp\/v2\/pages\/202"}],"wp:attachment":[{"href":"https:\/\/www.sprachboerse.de\/ru\/wp-json\/wp\/v2\/media?parent=9"}],"curies":[{"name":"wp","href":"https:\/\/api.w.org\/{rel}","templated":true}]}}