{"id":4,"date":"2012-07-30T10:58:16","date_gmt":"2012-07-30T08:58:16","guid":{"rendered":""},"modified":"2022-08-17T11:48:11","modified_gmt":"2022-08-17T09:48:11","slug":"deutsch-sprachkursedeutschkurs-muenchen","status":"publish","type":"page","link":"https:\/\/www.sprachboerse.de\/ru\/deutsch-sprachkurse\/deutsch-sprachkursedeutschkurs-muenchen\/","title":{"rendered":"\u041a\u0443\u0440\u0441\u044b \u043d\u0435\u043c\u0435\u0446\u043a\u043e\u0433\u043e \u044f\u0437\u044b\u043a\u0430 \u0432 \u041c\u044e\u043d\u0445\u0435\u043d\u0435"},"content":{"rendered":"<div class=\"fusion-fullwidth fullwidth-box fusion-fullwidth-1  fusion-parallax-none nonhundred-percent-fullwidth\" style=\"border-color:#eae9e9;border-bottom-width: 0px;border-top-width: 0px;border-bottom-style: solid;border-top-style: solid;padding-bottom:20px;padding-top:20px;padding-left:px;padding-right:px;\"><style type=\"text\/css\" scoped=\"scoped\">.fusion-fullwidth-1 {\n                            padding-left: px !important;\n                            padding-right: px !important;\n                        }<\/style><div class=\"fusion-row\"><div class=\"fusion-one-full fusion-layout-column fusion-column-last fusion-spacing-yes\" style=\"margin-top:0px;margin-bottom:20px;\"><div class=\"fusion-column-wrapper\"><p>Die drei wichtigsten Gr\u00fcnde f\u00fcr Deutschkurse in M\u00fcnchen:<\/p>\n<ol>\n<li>Der Deutschkurs hat maximal 12 Teilnehmer. Sie kommen zu Wort!<\/li>\n<li>Das Preis-Leistungsverh\u00e4ltnis der Deutschkurse ist unvergleichlich gut, vergleichen\/pr\u00fcfen Sie selbst!<\/li>\n<li>Die Deutsch-Sprachkurse werden von bestens ausgebildeten und engagierten Sprachtrainern geleitet, die jeden Sprachstudenten im Auge behalten. Die Dozenten haben alle einen Hochschulabschluss und Erfahrung im Umgang mit ausl\u00e4ndischen Sprachstudenten &#8212; Sie werden verstanden!<\/li>\n<\/ol>\n<div class=\"fusion-clearfix\"><\/div><\/div><\/div><div class=\"fusion-clearfix\"><\/div><div class=\"fusion-one-half fusion-layout-column fusion-spacing-no\" style=\"margin-top:0px;margin-bottom:20px;\"><div class=\"fusion-column-wrapper\" style=\"padding:5px;\"><div class=\"fusion-column-table\"><div class=\"fusion-column-tablecell\"><span class=\"fusion-imageframe imageframe-none imageframe-1 hover-type-none\"> <img decoding=\"async\" src=\"https:\/\/www.sprachboerse.de\/wp-content\/uploads\/2012\/07\/Bootstour2.jpg\" alt=\"\" class=\"img-responsive\"\/><\/span><div class=\"fusion-clearfix\"><\/div><\/div><\/div><\/div><\/div><div class=\"fusion-one-half fusion-layout-column fusion-column-last fusion-spacing-yes\" style=\"margin-top:0px;margin-bottom:20px;\"><div class=\"fusion-column-wrapper\" style=\"padding:5px;\"><span class=\"fusion-imageframe imageframe-none imageframe-2 hover-type-none\"> <img decoding=\"async\" src=\"https:\/\/www.sprachboerse.de\/wp-content\/uploads\/2012\/07\/Wei\u00dfwurstfr\u00fchst\u00fcck.jpg\" alt=\"\" class=\"img-responsive\"\/><\/span><div class=\"fusion-clearfix\"><\/div><\/div><\/div><div class=\"fusion-clearfix\"><\/div><div class=\"fusion-one-full fusion-layout-column fusion-column-last fusion-spacing-yes\" style=\"margin-top:0px;margin-bottom:0px;\"><div class=\"fusion-column-wrapper\"><p><\/p>\n<div class=\"fusion-clearfix\"><\/div><\/div><\/div><div class=\"fusion-clearfix\"><\/div><\/div><\/div><div class=\"fusion-fullwidth fullwidth-box fusion-fullwidth-2  fusion-parallax-none nonhundred-percent-fullwidth\" style=\"border-color:#eae9e9;border-bottom-width: 0px;border-top-width: 0px;border-bottom-style: solid;border-top-style: solid;padding-bottom:20px;padding-top:0px;padding-left:px;padding-right:px;\"><style type=\"text\/css\" scoped=\"scoped\">.fusion-fullwidth-2 {\n                            padding-left: px !important;\n                            padding-right: px !important;\n                        }<\/style><div class=\"fusion-row\"><div class=\"fusion-one-half fusion-layout-column fusion-spacing-no\" style=\"margin-top:0px;margin-bottom:20px;\"><div class=\"fusion-column-wrapper\" style=\"padding:5px;\"><span class=\"fusion-imageframe imageframe-none imageframe-3 hover-type-none\"> <img decoding=\"async\" src=\"https:\/\/www.sprachboerse.de\/wp-content\/uploads\/2012\/07\/deutschintensivkurs-muenchen.jpg\" alt=\"\" class=\"img-responsive\"\/><\/span><div class=\"fusion-clearfix\"><\/div><\/div><\/div><div class=\"fusion-one-half fusion-layout-column fusion-column-last fusion-spacing-no\" style=\"margin-top:0px;margin-bottom:20px;\"><div class=\"fusion-column-wrapper\" style=\"padding:5px;\"><span class=\"fusion-imageframe imageframe-none imageframe-4 hover-type-none\"> <img decoding=\"async\" src=\"https:\/\/www.sprachboerse.de\/wp-content\/uploads\/2012\/07\/deutschkurs-muenchen.jpg\" alt=\"\" class=\"img-responsive\"\/><\/span><div class=\"fusion-clearfix\"><\/div><\/div><\/div><div class=\"fusion-clearfix\"><\/div><\/div><\/div><p><\/p>\n<p>\u0422\u0440\u0438 \u0432\u0430\u0436\u043d\u044b\u0435 \u043f\u0440\u0438\u0447\u0438\u043d\u044b \u0438\u0437\u0443\u0447\u0430\u0442\u044c \u043d\u0435\u043c\u0435\u0446\u043a\u0438\u0439 \u044f\u0437\u044b\u043a \u0432 \u043d\u0430\u0448\u0435\u0439 \u0448\u043a\u043e\u043b\u0435:<\/p>\n<ol>\n<li>\u0417\u0430\u043d\u044f\u0442\u0438\u044f \u043f\u0440\u043e\u0432\u043e\u0434\u044f\u0442\u0441\u044f \u0432 \u043c\u0430\u043b\u0435\u043d\u044c\u043a\u0438\u0445 \u0433\u0440\u0443\u043f\u043f\u0430\u0445 \u043c\u0430\u043a\u0441\u0438\u043c\u0430\u043b\u044c\u043d\u043e \u043f\u043e 12 \u0447\u0435\u043b\u043e\u0432\u0435\u043a!<\/li>\n<li>\u0421\u043e\u043e\u0442\u043d\u043e\u0448\u0435\u043d\u0438\u0435 \u0441\u0442\u043e\u0438\u043c\u043e\u0441\u0442\u0438 \u043e\u0431\u0443\u0447\u0435\u043d\u0438\u044f \u0438 \u043f\u0440\u0435\u0434\u043e\u0441\u0442\u0430\u0432\u043b\u044f\u0435\u043c\u044b\u0445 \u0432\u043e\u0437\u043c\u043e\u0436\u043d\u043e\u0441\u0442\u0435\u0439 \u043e\u0447\u0435\u043d\u044c \u0445\u043e\u0440\u043e\u0448\u0435\u0435. \u0421\u0440\u0430\u0432\u043d\u0438\u0442\u0435 \u0438 \u043f\u0440\u043e\u0432\u0435\u0440\u044c\u0442\u0435 \u0441\u0430\u043c\u0438!<\/li>\n<li>\u041a\u0443\u0440\u0441\u044b \u043d\u0435\u043c\u0435\u0446\u043a\u043e\u0433\u043e \u044f\u0437\u044b\u043a\u0430 \u043f\u0440\u043e\u0432\u043e\u0434\u044f\u0442 \u0437\u0430\u0438\u043d\u0442\u0435\u0440\u0435\u0441\u043e\u0432\u0430\u043d\u043d\u044b\u0435 \u043f\u0440\u0435\u043f\u043e\u0434\u0430\u0432\u0430\u0442\u0435\u043b\u0438 \u0441 \u0432\u044b\u0441\u0448\u0435\u043c \u043e\u0431\u0440\u0430\u0437\u043e\u0432\u0430\u043d\u0438\u0435\u043c, \u043a\u043e\u0442\u043e\u0440\u044b\u0435 \u0432\u043d\u0438\u043c\u0430\u0442\u0435\u043b\u044c\u043d\u043e \u043e\u0442\u043d\u043e\u0441\u044f\u0442\u0441\u044f \u043a \u043a\u0430\u0436\u0434\u043e\u043c\u0443 \u0441\u0442\u0443\u0434\u0435\u043d\u0442\u0443. \u0423 \u043f\u0440\u0435\u043f\u043e\u0434\u0430\u0432\u0430\u0442\u0435\u043b\u0435\u0439 \u0435\u0441\u0442\u044c \u043e\u043f\u044b\u0442 \u0440\u0430\u0431\u043e\u0442\u044b \u0441 \u0438\u043d\u043e\u0441\u0442\u0440\u0430\u043d\u043d\u044b\u043c\u0438 \u0441\u0442\u0443\u0434\u0435\u043d\u0442\u0430\u043c\u0438. \u0412\u0430\u0441 \u043f\u043e\u0439\u043c\u0443\u0442 \u0438 \u043f\u043e\u043c\u043e\u0433\u0443\u0442!<\/li>\n<li>\u0411\u043b\u0430\u0433\u043e\u0434\u0430\u0440\u044f \u0438\u043d\u0442\u0435\u043d\u0441\u0438\u0432\u043d\u043e\u043c\u0443 \u0443\u0442\u0440\u0435\u043d\u043d\u0435\u043c\u0443 \u043a\u0443\u0440\u0441\u0443 (20 \u0447\u0430\u0441\u043e\u0432 \u0432 \u043d\u0435\u0434\u0435\u043b\u044e) \u0432\u044b \u043c\u043e\u0436\u0435\u0442\u0435 \u043f\u043e\u0434\u0430\u0442\u044c \u0437\u0430\u044f\u0432\u043b\u0435\u043d\u0438\u0435 \u043d\u0430 \u043f\u043e\u043b\u0443\u0447\u0435\u043d\u0438\u0435 \u0438\u043b\u0438 \u043f\u0440\u043e\u0434\u043b\u0435\u043d\u0438\u0435 \u0432\u0438\u0437\u044b \u043a\u0430\u043a \u0441\u0442\u0443\u0434\u0435\u043d\u0442 \u044f\u0437\u044b\u043a\u043e\u0432\u043e\u0433\u043e \u043a\u0443\u0440\u0441\u0430 (\u044f\u0437\u044b\u043a\u043e\u0432\u0430\u044f \u0432\u0438\u0437\u0430 \u0434\u043b\u044f \u0443\u0447\u0430\u0441\u0442\u0438\u044f \u0432 \u043a\u0443\u0440\u0441\u0430\u0445 \u043d\u0435\u043c\u0435\u0446\u043a\u043e\u0433\u043e \u044f\u0437\u044b\u043a\u0430)!<\/li>\n<\/ol>\n<p>\u041c\u044b \u043f\u0440\u0435\u0434\u043b\u0430\u0433\u0430\u0435\u043c \u043a\u0443\u0440\u0441\u044b \u043d\u0435\u043c\u0435\u0446\u043a\u043e\u0433\u043e \u044f\u0437\u044b\u043a\u0430, \u043d\u0430\u0447\u0438\u043d\u0430\u044f \u0441 \u043e\u0441\u043d\u043e\u0432\u043d\u043e\u0439 (\u0443\u0440\u043e\u0432\u0435\u043d\u044c \u04101) \u0438 \u0432\u043f\u043b\u043e\u0442\u044c \u0434\u043e \u0432\u044b\u0441\u0448\u0435\u0439 (\u0443\u0440\u043e\u0432\u0435\u043d\u044c \u04212) \u0441\u0442\u0443\u043f\u0435\u043d\u0438.<\/p>\n<p>\u0412 \u0441\u043e\u0442\u0440\u0443\u0434\u043d\u0438\u0447\u0435\u0441\u0442\u0432\u0435 \u0441 \u043d\u0430\u0448\u0438\u043c \u043f\u0430\u0440\u0442\u043d\u0451\u0440\u043e\u043c \u2013 \u044f\u0437\u044b\u043a\u043e\u0432\u043e\u0439 \u0448\u043a\u043e\u043b\u043e\u0439 \u0432 \u041c\u044e\u043d\u0445\u0435\u043d-\u0428\u0432\u0430\u0431\u0438\u043d\u0433 \u2013 \u043c\u044b \u043f\u043e\u0434\u0433\u043e\u0442\u043e\u0432\u0438\u043c \u0412\u0430\u0441 \u043a \u0441\u0430\u043c\u044b\u043c \u0432\u0430\u0436\u043d\u044b\u043c \u044d\u043a\u0437\u0430\u043c\u0435\u043d\u0430\u043c \u043f\u043e \u043d\u0435\u043c\u0435\u0446\u043a\u043e\u043c\u0443 \u044f\u0437\u044b\u043a\u0443. \u041d\u0430\u043f\u0440\u0438\u043c\u0435\u0440, \u043a \u044d\u043a\u0437\u0430\u043c\u0435\u043d\u0443 \u043d\u0430 \u0421\u0435\u0440\u0442\u0438\u0444\u0438\u043a\u0430\u0442 \u0413\u0451\u0442\u0435-\u0418\u043d\u0441\u0442\u0438\u0442\u0443\u0442\u0430, \u043a \u0442\u0435\u0441\u0442\u0443 Daf, DSH (\u043d\u0435\u043c\u0435\u0446\u043a\u0438\u0439 \u044f\u0437\u044b\u043a \u0434\u043b\u044f \u043e\u0431\u0443\u0447\u0435\u043d\u0438\u044f \u0432 \u0432\u044b\u0441\u0448\u0435\u0439 \u0448\u043a\u043e\u043b\u0435) \u0438 \u043a \u044d\u043a\u0437\u0430\u043c\u0435\u043d\u0430\u043c \u043d\u0430 \u041c\u0430\u043b\u044b\u0439 \u0414\u0438\u043f\u043b\u043e\u043c \u043d\u0435\u043c\u0435\u0446\u043a\u043e\u0433\u043e \u044f\u0437\u044b\u043a\u0430 \u0438 \u043d\u0430 \u0411\u043e\u043b\u044c\u0448\u043e\u0439 \u0414\u0438\u043f\u043b\u043e\u043c \u043d\u0435\u043c\u0435\u0446\u043a\u043e\u0433\u043e \u044f\u0437\u044b\u043a\u0430.<\/p>\n<p>\u041e\u0431\u0443\u0447\u0435\u043d\u0438\u0435 \u043d\u0435\u043c\u0435\u0446\u043a\u043e\u043c\u0443 \u044f\u0437\u044b\u043a\u0443 \u043f\u0440\u0435\u0434\u043b\u0430\u0433\u0430\u0435\u0442\u0441\u044f \u0432 \u0432\u0438\u0434\u0435 \u0438\u043d\u0442\u0435\u043d\u0441\u0438\u0432\u043d\u043e\u0433\u043e \u043a\u0443\u0440\u0441\u0430, \u0438\u043d\u0442\u0435\u043d\u0441\u0438\u0432\u043d\u043e\u0433\u043e \u043a\u0443\u0440\u0441\u0430 \u041f\u041b\u042e\u0421 \u0438 \u0432\u0435\u0447\u0435\u0440\u043d\u0435\u0433\u043e \u043a\u0443\u0440\u0441\u0430.<\/p>\n<p>\u0412\u043e\u0442 \u0443\u0436\u0435 \u043c\u043d\u043e\u0433\u043e \u043b\u0435\u0442 \u043c\u044b \u043f\u0440\u043e\u0432\u043e\u0434\u0438\u043c \u043b\u0435\u0442\u043d\u0438\u0435 \u043a\u0443\u0440\u0441\u044b \u043d\u0435\u043c\u0435\u0446\u043a\u043e\u0433\u043e \u044f\u0437\u044b\u043a\u0430 \u0441\u043e \u0441\u043f\u0435\u0446\u0438\u0430\u043b\u044c\u043d\u043e\u0439 \u043b\u0435\u0442\u043d\u0435\u0439 \u043f\u0440\u043e\u0433\u0440\u0430\u043c\u043c\u043e\u0439 \u0434\u043b\u044f \u0438\u043d\u0442\u0435\u0440\u043d\u0430\u0446\u0438\u043e\u043d\u0430\u043b\u044c\u043d\u043e\u0439, \u0437\u0430\u0438\u043d\u0442\u0435\u0440\u0435\u0441\u043e\u0432\u0430\u043d\u043d\u043e\u0439 \u0432 \u044f\u0437\u044b\u043a\u0430\u0445 \u043f\u0443\u0431\u043b\u0438\u043a\u0438.<\/p>\n<p>\u0412\u044b \u043c\u043e\u0436\u0435\u0442\u0435 \u0442\u0430\u043a\u0436\u0435 \u0432\u044b\u0431\u0440\u0430\u0442\u044c \u043a\u0443\u0440\u0441 &#171;\u041d\u0435\u043c\u0435\u0446\u043a\u0438\u0439 \u044f\u0437\u044b\u043a \u0432 \u0441\u0444\u0435\u0440\u0435 \u044d\u043a\u043e\u043d\u043e\u043c\u0438\u043a\u0438&#187;, \u0447\u0442\u043e\u0431\u044b \u043f\u043e\u043b\u0443\u0447\u0438\u0442\u044c \u0434\u043e\u043f\u043e\u043b\u043d\u0438\u0442\u0435\u043b\u044c\u043d\u044b\u0439 \u0441\u043b\u043e\u0432\u0430\u0440\u043d\u044b\u0439 \u0437\u0430\u043f\u0430\u0441 \u0438 \u043f\u0440\u0430\u043a\u0442\u0438\u043a\u0443 \u0432 \u0431\u0435\u0441\u0435\u0434\u0435 \u0432 \u044d\u0442\u043e\u0439 \u043e\u0431\u043b\u0430\u0441\u0442\u0438.<\/p>\n<p>\u041a\u043e\u043d\u0435\u0447\u043d\u043e, \u043d\u0430 \u043a\u0443\u0440\u0441\u0430\u0445 \u043d\u0435\u043c\u0435\u0446\u043a\u043e\u0433\u043e \u044f\u0437\u044b\u043a\u0430 \u043f\u0440\u043e\u0432\u043e\u0434\u044f\u0442\u0441\u044f \u0438 \u0438\u043d\u0434\u0438\u0432\u0438\u0434\u0443\u0430\u043b\u044c\u043d\u044b\u0435 \u0437\u0430\u043d\u044f\u0442\u0438\u044f \u0441\u043f\u0435\u0446\u0438\u0430\u043b\u044c\u043d\u043e \u043f\u043e \u0412\u0430\u0448\u0438\u043c \u043b\u0438\u0447\u043d\u044b\u043c \u0437\u0430\u043f\u0440\u043e\u0441\u0430\u043c. \u041c\u044b \u043f\u0440\u0435\u0434\u043b\u0430\u0433\u0430\u0435\u043c \u0442\u0430\u043a\u0436\u0435 \u043a\u0443\u0440\u0441\u044b \u043d\u0435\u043c\u0435\u0446\u043a\u043e\u0433\u043e \u044f\u0437\u044b\u043a\u0430 \u0434\u043b\u044f \u0444\u0438\u0440\u043c. \u041f\u0440\u0435\u043f\u043e\u0434\u0430\u0432\u0430\u0442\u0435\u043b\u044c \u043c\u043e\u0436\u0435\u0442 \u043f\u0440\u0438\u0445\u043e\u0434\u0438\u0442\u044c \u043a \u0412\u0430\u043c \u0432 \u043e\u0444\u0438\u0441.<\/p>\n<p>\u041d\u0430\u0448\u0438 \u043a\u0443\u0440\u0441\u044b \u043d\u0435\u043c\u0435\u0446\u043a\u043e\u0433\u043e \u044f\u0437\u044b\u043a\u0430 \u043c\u043e\u0433\u0443\u0442 \u043f\u0440\u0438\u0441\u043f\u043e\u0441\u0430\u0431\u043b\u0438\u0432\u0430\u0442\u044c \u0441\u0432\u043e\u044e \u043f\u0440\u043e\u0433\u0440\u0430\u043c\u043c\u0443 \u0432 \u0440\u0430\u043c\u043a\u0430\u0445 \u0440\u0430\u0437\u043d\u044b\u0445 \u0443\u0440\u043e\u0432\u043d\u0435\u0439. \u0412\u044b \u043c\u043e\u0436\u0435\u0442\u0435 \u043f\u0440\u043e\u0445\u043e\u0434\u0438\u0442\u044c \u043c\u0430\u0442\u0435\u0440\u0438\u0430\u043b \u0431\u044b\u0441\u0442\u0440\u043e \u0438\u043b\u0438 \u043c\u0435\u0434\u043b\u0435\u043d\u043d\u043e, \u0431\u0435\u0437 \u043e\u0441\u043e\u0431\u044b\u0445 \u0441\u043b\u043e\u0436\u043d\u043e\u0441\u0442\u0435\u0439 \u043c\u0435\u043d\u044f\u0442\u044c \u0441\u0442\u0443\u043f\u0435\u043d\u0438 \u043e\u0441\u043d\u043e\u0432\u043d\u0443\u044e\/\u0441\u0440\u0435\u0434\u043d\u044e\u044e\/\u0432\u044b\u0441\u0448\u0443\u044e \u0432 \u0441\u043e\u043e\u0442\u0432\u0435\u0442\u0441\u0442\u0432\u0438\u0435 \u0441 \u0412\u0430\u0448\u0438\u043c \u0443\u0440\u043e\u0432\u043d\u0435\u043c \u0437\u043d\u0430\u043d\u0438\u0439.<\/p>\n<p><\/p>","protected":false},"excerpt":{"rendered":"","protected":false},"author":1,"featured_media":0,"parent":202,"menu_order":0,"comment_status":"closed","ping_status":"closed","template":"","meta":{"footnotes":""},"aioseo_notices":[],"_links":{"self":[{"href":"https:\/\/www.sprachboerse.de\/ru\/wp-json\/wp\/v2\/pages\/4"}],"collection":[{"href":"https:\/\/www.sprachboerse.de\/ru\/wp-json\/wp\/v2\/pages"}],"about":[{"href":"https:\/\/www.sprachboerse.de\/ru\/wp-json\/wp\/v2\/types\/page"}],"author":[{"embeddable":true,"href":"https:\/\/www.sprachboerse.de\/ru\/wp-json\/wp\/v2\/users\/1"}],"replies":[{"embeddable":true,"href":"https:\/\/www.sprachboerse.de\/ru\/wp-json\/wp\/v2\/comments?post=4"}],"version-history":[{"count":36,"href":"https:\/\/www.sprachboerse.de\/ru\/wp-json\/wp\/v2\/pages\/4\/revisions"}],"predecessor-version":[{"id":1520,"href":"https:\/\/www.sprachboerse.de\/ru\/wp-json\/wp\/v2\/pages\/4\/revisions\/1520"}],"up":[{"embeddable":true,"href":"https:\/\/www.sprachboerse.de\/ru\/wp-json\/wp\/v2\/pages\/202"}],"wp:attachment":[{"href":"https:\/\/www.sprachboerse.de\/ru\/wp-json\/wp\/v2\/media?parent=4"}],"curies":[{"name":"wp","href":"https:\/\/api.w.org\/{rel}","templated":true}]}}