{"id":24,"date":"2012-08-29T10:46:57","date_gmt":"2012-08-29T08:46:57","guid":{"rendered":""},"modified":"2025-04-12T21:46:47","modified_gmt":"2025-04-12T19:46:47","slug":"deutsch-sprachkursedsh-muenchen","status":"publish","type":"page","link":"https:\/\/www.sprachboerse.de\/ru\/deutsch-sprachkurse\/deutsch-sprachkursedsh-muenchen\/","title":{"rendered":"telc \u0438 DSH \u0432 \u041c\u044e\u043d\u0445\u0435\u043d\u0435"},"content":{"rendered":"<div class=\"fusion-title title fusion-title-size-one\"><h1 class=\"title-heading-left\">\n<p>Wir bereiten auf Telcpr\u00fcfungen vor.<\/p>\n<p>Die n\u00e4chste Pr\u00fcfung telc B1 findet am 31. Mai 2025 und am 18. Oktober 2025 statt.<\/p>\n<p>Die n\u00e4chste Pr\u00fcfung telc B2 findet am 31. Mai 2025 und am 18. Oktober 2025 statt.<\/p>\n<p>Die n\u00e4chste Pr\u00fcfung telc C1 findet am 31. Mai 2025 und am 18. Oktober 2025 statt.<\/p>\n<\/h1><div class=\"title-sep-container\"><div class=\"title-sep sep-double\"><\/div><\/div><\/div><span class=\"fusion-imageframe imageframe-none imageframe-1 hover-type-none\"> <img decoding=\"async\" src=\"https:\/\/www.sprachboerse.de\/wp-content\/uploads\/2018\/04\/201804_sprachboerse_startslider02-300x135.jpg\" alt=\"\" class=\"img-responsive\"\/><\/span><hr \/>\n<p><\/p>\n<div class=\"fusion-one-full fusion-layout-column fusion-column-last fusion-spacing-yes\" style=\"margin-top:0px;margin-bottom:20px;\"><div class=\"fusion-column-wrapper\"><div class=\"fusion-title title fusion-title-size-one\"><h1 class=\"title-heading-left\">Starttermine der n\u00e4chsten Vorbereitungskurse<\/h1><div class=\"title-sep-container\"><div class=\"title-sep sep-double\"><\/div><\/div><\/div><div class=\"fusion-clearfix\"><\/div><\/div><\/div><div class=\"fusion-clearfix\"><\/div><div class=\"fusion-one-half fusion-layout-column fusion-spacing-yes\" style=\"margin-top:0px;margin-bottom:20px;\"><div class=\"fusion-column-wrapper\"><div class=\"table-1\">\n<table width=\"100%\">\n<thead>\n<tr>\n<th align=\"left\"><strong>Vorbereitungskurs auf Telc Zertifikat B2<\/strong><\/th>\n<\/tr>\n<\/thead>\n<tbody>\n<tr>\n<td>Datum: jede Woche Montag<\/td>\n<\/tr>\n<tr>\n<td>Uhrzeiten: Mo bis Frei, 10.00 -13.15 Uhr<\/td>\n<\/tr>\n<tr>\n<td>\n<table width=\"100%\">\n<tbody>\n<tr>\n<td>ab 590,00 \u20ac\/4 Wochen<\/td>\n<\/tr>\n<tr>\n<td>ab 1080,00 \u20ac\/8 Wochen<\/td>\n<\/tr>\n<\/tbody>\n<\/table>\n<\/td>\n<\/tr>\n<tr>\n<td>Anmeldung: im B\u00fcro oder per E-Mail an welcome@sprachboerse.de<\/td>\n<\/tr>\n<\/tbody>\n<\/table>\n<\/div>\n<div class=\"fusion-clearfix\"><\/div><\/div><\/div><div class=\"fusion-one-half fusion-layout-column fusion-column-last fusion-spacing-yes\" style=\"margin-top:0px;margin-bottom:20px;\"><div class=\"fusion-column-wrapper\"><div class=\"table-1\">\n<table width=\"100%\">\n<thead>\n<tr>\n<th align=\"left\"><strong>Vorbereitungskurs auf Telc Zertifikat C1<\/strong><\/th>\n<\/tr>\n<\/thead>\n<tbody>\n<tr>\n<td>Start: jede Woche Montag<\/td>\n<\/tr>\n<tr>\n<td>Uhrzeit: Mo bis Frei, 10.00 bis 13.15\u00a0 Uhr<\/td>\n<\/tr>\n<tr>\n<td>ab 590,00 \u20ac\/4 Wochen<\/td>\n<\/tr>\n<tr>\n<td>ab 1080,00 \/8 Wochen<\/td>\n<\/tr>\n<tr>\n<td>Anmeldung: Im Office oder per E-Mail an welcome@sprachboerse.de<\/td>\n<\/tr>\n<\/tbody>\n<\/table>\n<\/div>\n<div class=\"fusion-clearfix\"><\/div><\/div><\/div><div class=\"fusion-clearfix\"><\/div><div class=\"fusion-one-full fusion-layout-column fusion-column-last fusion-spacing-yes\" style=\"margin-top:0px;margin-bottom:20px;\"><div class=\"fusion-column-wrapper\"><p>In der Oberstufe unserer Deutschkurse trainieren wir die Pr\u00fcfung, Telc C1 Hochschule, den TestDaF und die DSH (Wissenschaftssprachliche Strukturen, H\u00f6ren, Lesen und Textproduktion [etwa 200 W\u00f6rter in 60 Minuten]). Sie haben in unserer Sprachschule die M\u00f6glichkeit, Modellteste zu trainieren, die wir korrigieren und besprechen.<\/p>\n<p>Bei der DSH gibt drei Noten:<\/p>\n<ul>\n<li>DSH 1:\u00a0 Insgesamt wurden 57 % der zu erreichenden Punkte erreicht.<\/li>\n<li>DSH 2: Insgesamt wurden 67 % erreicht.<\/li>\n<li>DSH 3: Insgesamt wurden mindestens 82 % erreicht.<\/li>\n<\/ul>\n<p>In der Regel reicht die Note DSH 2 f\u00fcr die Zulassung zu einem Studium an einer deutschen Hochschule.<\/p>\n<a href=\"\/deutsch-sprachkurse\/termine-preise-deutschkurse\/\" class=\"medium square otw-button\">Termine und Preise<\/a>\n<p style=\"text-align: right;\"><a href=\"\/sprachkurs-muenchen-anmeldung\/\" class=\"medium square otw-button\">Jetzt anmelden!<\/a><\/p>\n<div class=\"fusion-clearfix\"><\/div><\/div><\/div><div class=\"fusion-clearfix\"><\/div><div class=\"fusion-one-full fusion-layout-column fusion-column-last fusion-spacing-yes\" style=\"margin-top:0px;margin-bottom:20px;\"><div class=\"fusion-column-wrapper\"><p><\/p>\n<p>\u041d\u0430\u0448\u0430 \u044f\u0437\u044b\u043a\u043e\u0432\u0430\u044f \u0448\u043a\u043e\u043b\u0430 \u0432 \u041c\u044e\u043d\u0445\u0435\u043d\u0435 \u043f\u0440\u0435\u0434\u043b\u0430\u0433\u0430\u0435\u0442 \u043a\u0443\u0440\u0441\u044b \u043f\u043e \u043f\u043e\u0434\u0433\u043e\u0442\u043e\u0432\u043a\u0435 \u043a \u044d\u043a\u0437\u0430\u043c\u0435\u043d\u0443 DSH, Telc C1 Hochschule, TestDaF. \u041f\u0440\u0438 \u043f\u043e\u0441\u0442\u0443\u043f\u043b\u0435\u043d\u0438\u0438 \u0432 \u043d\u0435\u043c\u0435\u0446\u043a\u0438\u0439 \u0412\u0423\u0417 \u043d\u0430 \u043c\u043d\u043e\u0433\u0438\u0435 \u0444\u0430\u043a\u0443\u043b\u044c\u0442\u0435\u0442\u044b \u0442\u0440\u0435\u0431\u0443\u0435\u0442\u0441\u044f \u0443\u0441\u043f\u0435\u0448\u043d\u0430\u044f \u0441\u0434\u0430\u0447\u0430 \u044d\u043a\u0437\u0430\u043c\u0435\u043d\u0430 DSH (\u044d\u043a\u0437\u0430\u043c\u0435\u043d \u043f\u043e \u043d\u0435\u043c\u0435\u0446\u043a\u043e\u043c\u0443 \u044f\u0437\u044b\u043a\u0443 \u0434\u043b\u044f \u043f\u043e\u0441\u0442\u0443\u043f\u043b\u0435\u043d\u0438\u044f \u0432 \u0412\u0423\u0417).<\/p>\n<p>\u041a\u0443\u0440\u0441 \u043d\u0435\u043c\u0435\u0446\u043a\u043e\u0433\u043e \u044f\u0437\u044b\u043a\u0430 \u0441 \u043f\u043e\u0434\u0433\u043e\u0442\u043e\u0432\u043a\u043e\u0439 \u043a\u00a0DSH \u043f\u0440\u043e\u0445\u043e\u0434\u0438\u0442 \u0441 \u043f\u043e\u043d\u0435\u0434\u0435\u043b\u044c\u043d\u0438\u043a\u0430 \u0434\u043e \u043f\u044f\u0442\u043d\u0438\u0446\u044b. \u041c\u043e\u0436\u043d\u043e \u043d\u0430\u0447\u0430\u0442\u044c \u043a\u0430\u0436\u0434\u044b\u0439 \u043f\u043e\u043d\u0435\u0434\u0435\u043b\u044c\u043d\u0438\u043a.<\/p>\n<p>\u041d\u0430 \u0432\u0435\u0440\u0445\u043d\u0438\u0445 \u0441\u0442\u0443\u043f\u0435\u043d\u044f\u0445 \u043d\u0430\u0448\u0438\u0445 \u043a\u0443\u0440\u0441\u043e\u0432 \u043d\u0435\u043c\u0435\u0446\u043a\u043e\u0433\u043e \u044f\u0437\u044b\u043a\u0430 \u043c\u044b \u043f\u043e\u0434\u0433\u043e\u0442\u043e\u0432\u0438\u043c \u0412\u0430\u0441 \u043a DSH (\u043d\u0430\u0443\u0447\u043d\u043e-\u044f\u0437\u044b\u043a\u043e\u0432\u044b\u0435 \u0441\u0442\u0440\u0443\u043a\u0442\u0443\u0440\u044b, \u0441\u043b\u0443\u0448\u0430\u043d\u0438\u0435, \u0447\u0442\u0435\u043d\u0438\u0435 \u0438 \u043d\u0430\u043f\u0438\u0441\u0430\u043d\u0438\u0435 \u0442\u0435\u043a\u0441\u0442\u043e\u0432 [\u043f\u0440\u0438\u043c\u0435\u0440\u043d\u043e 200 \u0441\u043b\u043e\u0432 \u0437\u0430 60 \u043c\u0438\u043d\u0443\u0442]). \u0412 \u043d\u0430\u0448\u0435\u0439 \u0448\u043a\u043e\u043b\u0435 \u0443 \u0432\u0430\u0441 \u0435\u0441\u0442\u044c \u0432\u043e\u0437\u043c\u043e\u0436\u043d\u043e\u0441\u0442\u044c \u043f\u0440\u043e\u0439\u0442\u0438 \u043f\u0440\u043e\u0431\u043d\u044b\u0439 \u0442\u0435\u0441\u0442, \u043a\u043e\u0442\u043e\u0440\u044b\u0439 \u043c\u044b \u0441 \u0412\u0430\u043c\u0438 \u043f\u0440\u043e\u0432\u0435\u0440\u0438\u043c \u0438 \u043e\u0431\u0441\u0443\u0434\u0438\u043c.<\/p>\n<p>\u0415\u0441\u0442\u044c \u0442\u0440\u0438 \u0443\u0440\u043e\u0432\u043d\u044f:<\/p>\n<ul>\n<li>DSH 1: \u0431\u044b\u043b\u0438 \u0434\u043e\u0441\u0442\u0438\u0433\u043d\u0443\u0442\u044b 57% \u043e\u0442 \u043e\u0431\u0449\u0435\u0433\u043e \u043a\u043e\u043b\u0438\u0447\u0435\u0441\u0442\u0432\u0430 \u0431\u0430\u043b\u043b\u043e\u0432.<\/li>\n<li>DSH 2: \u0431\u044b\u043b\u0438 \u0434\u043e\u0441\u0442\u0438\u0433\u043d\u0443\u0442\u044b 67%.<\/li>\n<li>DSH 3: \u0431\u044b\u043b\u0438 \u0434\u043e\u0441\u0442\u0438\u0433\u043d\u0443\u0442\u044b \u043c\u0438\u043d\u0438\u043c\u0443\u043c 82%.<\/li>\n<\/ul>\n<p>\u041a\u0430\u043a \u043f\u0440\u0430\u0432\u0438\u043b\u043e, \u0434\u043b\u044f \u043f\u043e\u0441\u0442\u0443\u043f\u043b\u0435\u043d\u0438\u044f \u043d\u0430 \u0443\u0447\u0435\u0431\u0443 \u0432 \u043d\u0435\u043c\u0435\u0446\u043a\u0438\u0439 \u0412\u0423\u0417 \u0434\u043e\u0441\u0442\u0430\u0442\u043e\u0447\u043d\u043e \u0443\u0440\u043e\u0432\u043d\u044f DSH 2.<\/p>\n<div class=\"fusion-clearfix\"><\/div><\/div><\/div><div class=\"fusion-clearfix\"><\/div>","protected":false},"excerpt":{"rendered":"","protected":false},"author":1,"featured_media":0,"parent":202,"menu_order":0,"comment_status":"closed","ping_status":"closed","template":"","meta":{"footnotes":""},"aioseo_notices":[],"_links":{"self":[{"href":"https:\/\/www.sprachboerse.de\/ru\/wp-json\/wp\/v2\/pages\/24"}],"collection":[{"href":"https:\/\/www.sprachboerse.de\/ru\/wp-json\/wp\/v2\/pages"}],"about":[{"href":"https:\/\/www.sprachboerse.de\/ru\/wp-json\/wp\/v2\/types\/page"}],"author":[{"embeddable":true,"href":"https:\/\/www.sprachboerse.de\/ru\/wp-json\/wp\/v2\/users\/1"}],"replies":[{"embeddable":true,"href":"https:\/\/www.sprachboerse.de\/ru\/wp-json\/wp\/v2\/comments?post=24"}],"version-history":[{"count":38,"href":"https:\/\/www.sprachboerse.de\/ru\/wp-json\/wp\/v2\/pages\/24\/revisions"}],"predecessor-version":[{"id":1638,"href":"https:\/\/www.sprachboerse.de\/ru\/wp-json\/wp\/v2\/pages\/24\/revisions\/1638"}],"up":[{"embeddable":true,"href":"https:\/\/www.sprachboerse.de\/ru\/wp-json\/wp\/v2\/pages\/202"}],"wp:attachment":[{"href":"https:\/\/www.sprachboerse.de\/ru\/wp-json\/wp\/v2\/media?parent=24"}],"curies":[{"name":"wp","href":"https:\/\/api.w.org\/{rel}","templated":true}]}}