{"id":9,"date":"2012-07-30T14:05:37","date_gmt":"2012-07-30T12:05:37","guid":{"rendered":""},"modified":"2025-07-28T00:13:00","modified_gmt":"2025-07-27T22:13:00","slug":"deutsch-sprachkursedeutsch-intensivkurse","status":"publish","type":"page","link":"https:\/\/www.sprachboerse.de\/it\/deutsch-sprachkurse\/deutsch-sprachkursedeutsch-intensivkurse\/","title":{"rendered":"Corso intensivo di tedesco in piccoli gruppi Intensivkurs deutsch"},"content":{"rendered":"<p>Sie suchen einen Abendkurs Deutsch oder einen Intensivkurs am Morgen? Unsere Sprachschule in M\u00fcnchen ist seit mehr als 14 Jahren spezialisiert auf Deutsch Intensivkurse. Unser Deutschkurs bereitet Sie auf Deutschpr\u00fcfungen wie das Goethe-Zertifikat oder das Telc Zertifikat sowie auf den TestDaF, die DSH und den Aufnahmetest beim Studienkolleg vor. Sie lernen in kleinen Gruppen (5-12 Teilnehmer) in sympathisch-famili\u00e4rer Atmosph\u00e4re. Sie kommen zu Wort!<\/p>\n<p>Das Preis-Leistungsverh\u00e4ltnis des Intensivkurs deutsch unserer Sprachschule ist unvergleichlich gut, pr\u00fcfen Sie selbst.<\/p>\n<p><a href=\"http:\/\/www.sprachboerse.de\/wp-content\/uploads\/2012\/08\/AusflugStarnbergerSee.jpg\"><img loading=\"lazy\" decoding=\"async\" class=\"alignnone wp-image-769\" src=\"http:\/\/www.sprachboerse.de\/wp-content\/uploads\/2012\/08\/AusflugStarnbergerSee-300x200.jpg\" alt=\"AusflugStarnbergerSee\" width=\"574\" height=\"382\" srcset=\"https:\/\/www.sprachboerse.de\/wp-content\/uploads\/2012\/08\/AusflugStarnbergerSee-300x200.jpg 300w, https:\/\/www.sprachboerse.de\/wp-content\/uploads\/2012\/08\/AusflugStarnbergerSee-1024x683.jpg 1024w, https:\/\/www.sprachboerse.de\/wp-content\/uploads\/2012\/08\/AusflugStarnbergerSee.jpg 2048w\" sizes=\"(max-width: 574px) 100vw, 574px\" \/><\/a><\/p>\n<p>Der Deutschkurs wird von bestens ausgebildeten und engagierten Sprachtrainern geleitet. In kurzer Zeit werden Sprachhemmungen abgebaut und Ihre Deutschkenntnisse aktiviert.<\/p>\n<p>Mit unserem Intensivkurs (20 Unterrichtsstunden\/Woche) k\u00f6nnen Sie ein Visum als Sprachstudent (Sprachvisum f\u00fcr die Teilnahme an einem Deutschkurs) beantragen oder verl\u00e4ngern.<\/p>\n<p><strong>Deutsch Intensivkurs in kleinen Gruppen<\/strong><\/p>\n<p><\/p>\n<p>La nostra scuola a Monaco di Baviera \u00e8 specializzata in corsi intensivi di tedesco. Si studia in piccoli gruppi da 6 a 12 partecipanti in un&#8217;atmosfera simpatica e familiare.<\/p>\n<p>Il rapporto prezzo-qualit\u00e0 \u00e8 conveniente, verificate\u00a0voi stessi!<\/p>\n<p>I corsi di tedesco vengono svolti\u00a0da insegnanti molto qualificati. In poco tempo diminuisce l&#8217;inibizione e vengono attivate le vostre conoscenze del tedesco.<\/p>\n<p>Con il corso intensivo mattutino (20 ore accademiche a settimana) \u00e8 possibile richiedere o prolungare un visto come studente di lingua (visto linguistico per la partecipazione a un corso di tedesco).<\/p>\n<p>&nbsp;<\/p>\n<p><strong>Corso intensivo di tedesco in piccoli gruppi<\/strong><\/p>\n<p><strong>20 ore*\/settimana. Livello A1 e A2\u00a0<\/strong><\/p>\n<p>Luned\u00ec \u2013 Venerd\u00ec, 10.00 \u2013 13.15<\/p>\n<p>590,00 \u20ac\/4\u00a0settimane<\/p>\n<p>&nbsp;<\/p>\n<p><strong>20 ore*\/settimana. Livello B1 e B2\u00a0<\/strong><\/p>\n<p>Luned\u00ec \u2013 Venerd\u00ec, 10.00 \u2013 13.15<\/p>\n<p>\u00c8 possibile iniziare ogni luned\u00ec<\/p>\n<p>590,00 \u20ac\/4 settimane<\/p>\n<p>&nbsp;<\/p>\n<p><strong>20 ore*\/settimana. Livello C1\u00a0<\/strong><\/p>\n<p>Luned\u00ec \u2013 Venerd\u00ec, 10.00 \u2013 13.15<\/p>\n<p>\u00c8 possibile iniziare ogni luned\u00ec<\/p>\n<p>595,00 \u20ac\/4 settimane<\/p>\n<p><a href=\"date-prezzi-corsi-tedesco\">Date e prezzi<\/a><\/p>\n<p>&nbsp;<\/p>\n<p><strong>Corso intensivo di tedesco PLUS<\/strong><\/p>\n<p><strong>24 ore*\/settimana. Livello B2\u00a0<\/strong><\/p>\n<p>Luned\u00ec \u2013 Venerd\u00ec, 10.00 \u2013 13.15, Luned\u00ec\u00a0+ Mercoled\u00ec, 14.00 &#8211; 15.30<\/p>\n<p>790,00 \u20ac\/4 settimane<\/p>\n<p>&nbsp;<\/p>\n<p><strong>24 ore*\/settimana. Livello C1\u00a0<\/strong><\/p>\n<p>Luned\u00ec \u2013 Venerd\u00ec, 10.00 \u2013 13.15, Luned\u00ec+ Mercoled\u00ec, 14.00 &#8211; 15.30<\/p>\n<p>790,00 \u20ac\/4 settimane<\/p>\n<p><a href=\"date-prezzi-corsi-tedesco\">Date e prezzi<\/a><\/p>\n<p>&nbsp;<\/p>\n<p>&nbsp;<\/p>\n<p>*Ora di lezione = 45 minuti<\/p>\n<p><\/p>\n<div class=\"fusion-one-full fusion-layout-column fusion-column-last fusion-spacing-yes\" style=\"margin-top:0px;margin-bottom:20px;\"><div class=\"fusion-column-wrapper\"><div class=\"fusion-clearfix\"><\/div><\/div><\/div><div class=\"fusion-clearfix\"><\/div>","protected":false},"excerpt":{"rendered":"","protected":false},"author":1,"featured_media":0,"parent":202,"menu_order":0,"comment_status":"closed","ping_status":"closed","template":"","meta":{"footnotes":""},"aioseo_notices":[],"_links":{"self":[{"href":"https:\/\/www.sprachboerse.de\/it\/wp-json\/wp\/v2\/pages\/9"}],"collection":[{"href":"https:\/\/www.sprachboerse.de\/it\/wp-json\/wp\/v2\/pages"}],"about":[{"href":"https:\/\/www.sprachboerse.de\/it\/wp-json\/wp\/v2\/types\/page"}],"author":[{"embeddable":true,"href":"https:\/\/www.sprachboerse.de\/it\/wp-json\/wp\/v2\/users\/1"}],"replies":[{"embeddable":true,"href":"https:\/\/www.sprachboerse.de\/it\/wp-json\/wp\/v2\/comments?post=9"}],"version-history":[{"count":151,"href":"https:\/\/www.sprachboerse.de\/it\/wp-json\/wp\/v2\/pages\/9\/revisions"}],"predecessor-version":[{"id":1643,"href":"https:\/\/www.sprachboerse.de\/it\/wp-json\/wp\/v2\/pages\/9\/revisions\/1643"}],"up":[{"embeddable":true,"href":"https:\/\/www.sprachboerse.de\/it\/wp-json\/wp\/v2\/pages\/202"}],"wp:attachment":[{"href":"https:\/\/www.sprachboerse.de\/it\/wp-json\/wp\/v2\/media?parent=9"}],"curies":[{"name":"wp","href":"https:\/\/api.w.org\/{rel}","templated":true}]}}