{"id":4,"date":"2012-07-30T10:58:16","date_gmt":"2012-07-30T08:58:16","guid":{"rendered":""},"modified":"2022-08-17T11:48:11","modified_gmt":"2022-08-17T09:48:11","slug":"deutsch-sprachkursedeutschkurs-muenchen","status":"publish","type":"page","link":"https:\/\/www.sprachboerse.de\/it\/deutsch-sprachkurse\/deutsch-sprachkursedeutschkurs-muenchen\/","title":{"rendered":"Corsi di tedesco a Monaco"},"content":{"rendered":"<div class=\"fusion-fullwidth fullwidth-box fusion-fullwidth-1  fusion-parallax-none nonhundred-percent-fullwidth\" style=\"border-color:#eae9e9;border-bottom-width: 0px;border-top-width: 0px;border-bottom-style: solid;border-top-style: solid;padding-bottom:20px;padding-top:20px;padding-left:px;padding-right:px;\"><style type=\"text\/css\" scoped=\"scoped\">.fusion-fullwidth-1 {\n                            padding-left: px !important;\n                            padding-right: px !important;\n                        }<\/style><div class=\"fusion-row\"><div class=\"fusion-one-full fusion-layout-column fusion-column-last fusion-spacing-yes\" style=\"margin-top:0px;margin-bottom:20px;\"><div class=\"fusion-column-wrapper\"><p>Die drei wichtigsten Gr\u00fcnde f\u00fcr Deutschkurse in M\u00fcnchen:<\/p>\n<ol>\n<li>Der Deutschkurs hat maximal 12 Teilnehmer. Sie kommen zu Wort!<\/li>\n<li>Das Preis-Leistungsverh\u00e4ltnis der Deutschkurse ist unvergleichlich gut, vergleichen\/pr\u00fcfen Sie selbst!<\/li>\n<li>Die Deutsch-Sprachkurse werden von bestens ausgebildeten und engagierten Sprachtrainern geleitet, die jeden Sprachstudenten im Auge behalten. Die Dozenten haben alle einen Hochschulabschluss und Erfahrung im Umgang mit ausl\u00e4ndischen Sprachstudenten &#8211; Sie werden verstanden!<\/li>\n<\/ol>\n<div class=\"fusion-clearfix\"><\/div><\/div><\/div><div class=\"fusion-clearfix\"><\/div><div class=\"fusion-one-half fusion-layout-column fusion-spacing-no\" style=\"margin-top:0px;margin-bottom:20px;\"><div class=\"fusion-column-wrapper\" style=\"padding:5px;\"><div class=\"fusion-column-table\"><div class=\"fusion-column-tablecell\"><span class=\"fusion-imageframe imageframe-none imageframe-1 hover-type-none\"> <img decoding=\"async\" src=\"https:\/\/www.sprachboerse.de\/wp-content\/uploads\/2012\/07\/Bootstour2.jpg\" alt=\"\" class=\"img-responsive\"\/><\/span><div class=\"fusion-clearfix\"><\/div><\/div><\/div><\/div><\/div><div class=\"fusion-one-half fusion-layout-column fusion-column-last fusion-spacing-yes\" style=\"margin-top:0px;margin-bottom:20px;\"><div class=\"fusion-column-wrapper\" style=\"padding:5px;\"><span class=\"fusion-imageframe imageframe-none imageframe-2 hover-type-none\"> <img decoding=\"async\" src=\"https:\/\/www.sprachboerse.de\/wp-content\/uploads\/2012\/07\/Wei\u00dfwurstfr\u00fchst\u00fcck.jpg\" alt=\"\" class=\"img-responsive\"\/><\/span><div class=\"fusion-clearfix\"><\/div><\/div><\/div><div class=\"fusion-clearfix\"><\/div><div class=\"fusion-one-full fusion-layout-column fusion-column-last fusion-spacing-yes\" style=\"margin-top:0px;margin-bottom:0px;\"><div class=\"fusion-column-wrapper\"><p><\/p>\n<div class=\"fusion-clearfix\"><\/div><\/div><\/div><div class=\"fusion-clearfix\"><\/div><\/div><\/div><div class=\"fusion-fullwidth fullwidth-box fusion-fullwidth-2  fusion-parallax-none nonhundred-percent-fullwidth\" style=\"border-color:#eae9e9;border-bottom-width: 0px;border-top-width: 0px;border-bottom-style: solid;border-top-style: solid;padding-bottom:20px;padding-top:0px;padding-left:px;padding-right:px;\"><style type=\"text\/css\" scoped=\"scoped\">.fusion-fullwidth-2 {\n                            padding-left: px !important;\n                            padding-right: px !important;\n                        }<\/style><div class=\"fusion-row\"><div class=\"fusion-one-half fusion-layout-column fusion-spacing-no\" style=\"margin-top:0px;margin-bottom:20px;\"><div class=\"fusion-column-wrapper\" style=\"padding:5px;\"><span class=\"fusion-imageframe imageframe-none imageframe-3 hover-type-none\"> <img decoding=\"async\" src=\"https:\/\/www.sprachboerse.de\/wp-content\/uploads\/2012\/07\/deutschintensivkurs-muenchen.jpg\" alt=\"\" class=\"img-responsive\"\/><\/span><div class=\"fusion-clearfix\"><\/div><\/div><\/div><div class=\"fusion-one-half fusion-layout-column fusion-column-last fusion-spacing-no\" style=\"margin-top:0px;margin-bottom:20px;\"><div class=\"fusion-column-wrapper\" style=\"padding:5px;\"><span class=\"fusion-imageframe imageframe-none imageframe-4 hover-type-none\"> <img decoding=\"async\" src=\"https:\/\/www.sprachboerse.de\/wp-content\/uploads\/2012\/07\/deutschkurs-muenchen.jpg\" alt=\"\" class=\"img-responsive\"\/><\/span><div class=\"fusion-clearfix\"><\/div><\/div><\/div><div class=\"fusion-clearfix\"><\/div><\/div><\/div><p><\/p>\n<p>Motivi pi\u00fa importanti per venire a studiare tedesco a Monaco alla Sprachb\u00f6rse<\/p>\n<ol>\n<li>I corsi di tedesco sono composti massimo da 12 partecipanti<\/li>\n<li>Il rapporto prezzo\/qualit\u00e0 del corso \u00e8 senza uguali<\/li>\n<li>I corsi di lingua tedesca sono tenuti da insegnanti ottimamente formati e attenti a non perdere mai d&#8217;occhio ogni singolo partecipante. Gli insegnanti hanno un diploma universitario e lunga esperienza con l&#8217;insegnamento del tedesco<\/li>\n<li>Con il corso intensivo mattutino (20 ore a settimana) \u00e8 possibile richiedere o prolungare un visto come studente di lingua (visto linguistico per la partecipazione a un corso di tedesco).<\/li>\n<\/ol>\n<p>Offriamo corsi di tedesco di ogni livello: A1- C2<\/p>\n<p>La prepariamo agli esami di tedesco pi\u00f9 importanti, come il certificato Goethe, TestDaF, DSH; al piccolo o grande diploma di tedesco.<\/p>\n<p>Offriamo corsi di tedesco come : intensivi, intensivi Plus, corsi serali, corsi di conversazione, corsi privati, corsi nel weekend, ecc.<\/p>\n<p>Da molti anni abbiamo un programma estivo speciale per corsi di tedesco per un pubblico internazionale.<\/p>\n<p>Offriamo corsi di tedesco per economisti, per arricchire il proprio vocabolario e facilitare la conversazione.<\/p>\n<p>Naturalmente offriamo corsi di tedesco individuali.<\/p>\n<p>Offriamo corsi in ditta, veniamo noi da voi.<\/p>\n<p>I nostri corsi di tedesco sono flessibili , per quanto riguarda i livelli. Si pu\u00f2 decidere il ritmo dell&#8217;apprendimento, lento o veloce, e cambiare, senza problemi da un livello all &#8216;altro assecondando le proprie capacit\u00e0.<\/p>\n<p><\/p>","protected":false},"excerpt":{"rendered":"","protected":false},"author":1,"featured_media":0,"parent":202,"menu_order":0,"comment_status":"closed","ping_status":"closed","template":"","meta":{"footnotes":""},"aioseo_notices":[],"_links":{"self":[{"href":"https:\/\/www.sprachboerse.de\/it\/wp-json\/wp\/v2\/pages\/4"}],"collection":[{"href":"https:\/\/www.sprachboerse.de\/it\/wp-json\/wp\/v2\/pages"}],"about":[{"href":"https:\/\/www.sprachboerse.de\/it\/wp-json\/wp\/v2\/types\/page"}],"author":[{"embeddable":true,"href":"https:\/\/www.sprachboerse.de\/it\/wp-json\/wp\/v2\/users\/1"}],"replies":[{"embeddable":true,"href":"https:\/\/www.sprachboerse.de\/it\/wp-json\/wp\/v2\/comments?post=4"}],"version-history":[{"count":36,"href":"https:\/\/www.sprachboerse.de\/it\/wp-json\/wp\/v2\/pages\/4\/revisions"}],"predecessor-version":[{"id":1520,"href":"https:\/\/www.sprachboerse.de\/it\/wp-json\/wp\/v2\/pages\/4\/revisions\/1520"}],"up":[{"embeddable":true,"href":"https:\/\/www.sprachboerse.de\/it\/wp-json\/wp\/v2\/pages\/202"}],"wp:attachment":[{"href":"https:\/\/www.sprachboerse.de\/it\/wp-json\/wp\/v2\/media?parent=4"}],"curies":[{"name":"wp","href":"https:\/\/api.w.org\/{rel}","templated":true}]}}