{"id":1135,"date":"2018-05-21T15:55:26","date_gmt":"2018-05-21T13:55:26","guid":{"rendered":"http:\/\/www.sprachboerse.de\/?page_id=1135"},"modified":"2018-05-23T21:30:18","modified_gmt":"2018-05-23T19:30:18","slug":"datenschutz","status":"publish","type":"page","link":"https:\/\/www.sprachboerse.de\/it\/datenschutz\/","title":{"rendered":"Vita privata"},"content":{"rendered":"<p>Die Betreiber dieser Seiten nehmen den Schutz Ihrer pers\u00f6nlichen Daten sehr ernst. Wir behandeln Ihre personenbezogenen Daten vertraulich und entsprechend der gesetzlichen Datenschutzvorschriften sowie dieser Datenschutzerkl\u00e4rung.<\/p>\n<p>1 Pers\u00f6nliche Daten<\/p>\n<p>1.1 Eingetragene Daten im Registrierungsformular<\/p>\n<p>Alle Daten wie Name, Adresse, Telefonnummer oder E-Mail-Adresse, die in das Formular eingetragen werden, werden von der ABC Sprachb\u00f6rse nur dazu verwendet, die Rechnung zu erstellen, Informationen \u00fcber unsere Kurse zu geben, f\u00fcr die Aktualisierung der Daten oder f\u00fcr die Planung eines Kurses f\u00fcr den Kunden.<\/p>\n<p>Personenbezogene Daten, die Sie uns \u00fcber unsere Website oder per E-Mail \u00fcbermittelt haben, werden nur zur Korrespondenz mit Ihnen und nur f\u00fcr den Zweck verarbeitet, zu dem Sie uns Ihre Daten zur Verf\u00fcgung gestellt haben. Wir versichern, dass Ihre personenbezogenen Daten nicht an Dritte weitergegeben werden, es sei denn, dass gesetzliche Vorgaben dies verlangen.<\/p>\n<p>Falls Sie Ihre Rechnung oder Ihr Teilnehmerzertifikat verlieren, stehen wir gern zur Verf\u00fcgung, Ihnen eine Kopie per Mail oder Post zu senden.<\/p>\n<p>Jeder Kunde kann sich, wenn er m\u00f6chte, f\u00fcr das folgende Niveau oder auch f\u00fcr einen anderen Kurs anmelden, ohne die pers\u00f6nlichen Daten noch einmal angeben zu m\u00fcssen.<\/p>\n<p>1.2 Eingetragene Daten im Kontaktformular<\/p>\n<p>Name, Telefonnummer, Adresse, E-Mail-Adresse und die Anfragen der Kunden werden nur vom Fachpersonal unserer Schule gelesen, so dass man direkten Kontakt mit dem Kunden halten kann. Die Sprachschule wird seine Anfrage beantworten, die gew\u00fcnschten Informationen geben und anhand der gespeicherten Kundendaten \u00fcbermitteln.<\/p>\n<p>2 Server und Gebrauch<\/p>\n<p>Unsere Website befindet sich auf einem exklusiven Server bei ohv.de und alle erzeugten Daten bleiben in unserer Datenbank gespeichert. Nur das Fachpersonal der ABC Sprachb\u00f6rse ist dazu befugt, sie zu verwenden und hat Zugriff darauf, um einen direkten Kontakt mit den Kunden im Fall des Versands der Rechnung, der Zuordnung des Kurses, oder Informationen in Bezug auf den gesuchten Kurs zu erm\u00f6glichen.<br \/>\nFalls der Kunde nicht auf die Bezahlung nach dem Startdatum geachtet hat, trotz der Mahnungen per Mail und per Post, werden seine Angaben Herrn Rechtsanwalt Gordon Pankalla geliefert. Seine Aufgabe ist es, die Bezahlung mit dem Kunden zu bearbeiten.<\/p>\n<p>3 Zertifizierung SSL<\/p>\n<p>Unsere Schule arbeitet zur Gew\u00e4hrleistung der Sicherheit der Daten mit der aktuellsten Technologie. Momentan benutzen wir beim Zugriff auf jede Seite unseres Internetauftritts die Verschl\u00fcsselung nach SSL.<\/p>\n<p>4 Web Analytics<\/p>\n<p>Unsere Website verwendet Google Analytics der Google Inc. Wir benutzen dar\u00fcber hinaus Cookies, die auf dem Clientsystem des Kunden zwischengespeichert werden. Damit haben wir die M\u00f6glichkeit, zu analysieren, wie unsere Website genutzt wird (Nutzerverhalten).<\/p>\n<p>Lediglich in bestimmten Notf\u00e4llen wird die ganze IP dem Service Google in EE.UU \u00fcbermittelt, welche dort jedoch verk\u00fcrzt benutzt wird. Google verwendet diese Information, um den Gebrauch der Webseite einsch\u00e4tzen zu k\u00f6nnen, um die Berichte der Aktivit\u00e4ten zu sammeln und dem Server weitere Dienste anzubieten. Diese Dienste sind mit der Nutzung der Webseite und Internet verbunden. Die IP Adresse, welche von einem Computer an Google Analytics gesendet wurde, kann nicht mit anderen Angaben von Google (wie z.B. Benutzerkonten und andere Websites) verbunden werden.<\/p>\n<p>Es ist m\u00f6glich, die Speicherung von Cookies in den Einstellungen des Browsers zu deaktivieren. Man kann auch die \u00dcbermittlung von Daten an Google Analytics verhindern. Daf\u00fcr stellt Google ein Plug-In zur Verf\u00fcgung, welches Sie unter dem folgenden Link herunterladen und installieren k\u00f6nnen: <a href=\"http:\/\/tools.google.com\/dlpage\/gaoptout?hl=de\" target=\"_blank\">http:\/\/tools.google.com\/dlpage\/gaoptout?hl=de<\/a>.<\/p>\n<p>Falls Sie weitere Informationen \u00fcber den Gebrauch und Schutzdaten von Google Analytics lesen wollen, nutzen Sie diesen Link <a href=\"http:\/\/www.google.com\/analytics\/terms\/de.html\" target=\"_blank\">http:\/\/www.google.com\/analytics\/terms\/de.html<\/a><\/p>\n<p>5 Social Media<\/p>\n<p>Wir sind modern und verwenden die wichtigsten Social Media Dienste, welche Sie \u00fcber unsere Webseite finden, falls Sie schon einen Account haben:<\/p>\n<p>Facebook, von Facebook, 1601 S. California Ave, Palo Alto, CA 94304, EE.UU.<br \/>\nGoogle Plus, von Google Inc., 1600 Amphitheatre Parkway Mountain View, CA 94043, EE.UU.<\/p>\n<p>Pinterest, von Pinterest Inc. 635 High Street, Palo Alto, CA, EE.UU.<\/p>\n<p>Instagram, welches von der Facebook Inc., 1601 S. California Ave, Palo Alto, CA betrieben wird.<\/p>\n<p>Vk.com, V Kontakte Ltd. 191015, Sankt Petersburg, Str. Twerskaja, Haus 8. Lit. \u0411<\/p>\n<p>Odnoklassniki, 125167, Russische F\u00f6deration, Moskau, pr. Leningradskii, d.39, s.79<\/p>\n<p>youtube.com, welches von der YouTube LLC, 901 Cherry Ave., San Bruno, CA 94066, USA betrieben wird (&#8220;YouTube&#8221;). Die Plugins sind mit dem YouTube Logo gekennzeichnet.94304, USA betrieben wird (&#8220;Instagram&#8221;). Die Plugins sind mit einem Instagram Logo gekennzeichnet.<\/p>\n<p>Wenn Sie \u00fcber unseren Internet-Auftritt eine Website aufrufen, in welcher eines der genannten social Plugins integriert ist, baut Ihr Browser eine direkte Verbindung mit den jeweiligen Servern von Facebook\/Youtube\/Instagram\/Google Plus auf. Wir haben daher keinen Einfluss auf den Umfang der Daten, die Facebook\/Youtube\/Instagram\/Google Plus mit Hilfe des Plugins erhebt und informieren Sie daher entsprechend unserem Kenntnisstand:<\/p>\n<p>Durch die Einbindung des Plugins erh\u00e4lt Facebook\/Youtube\/Instagram\/Google Plus die Information, dass Sie die entsprechende Seite unseres Internetauftritts aufgerufen haben. Sofern Sie gleichzeitig bei Facebook\/Youtube\/Instagram\/Google Plus eingeloggt sind, kann Facebook\/Youtube\/Instagram\/Google Plus den Besuch Ihrem Facebook &#8211; Konto zuordnen.<\/p>\n<p>Wenn Sie mit den Plugins interagieren, zum Beispiel einen Kommentar abgeben, wird die entsprechende Information von Ihrem Browser direkt an Facebook\/Youtube\/Instagram \/Google Plus \u00fcbermittelt und dort gespeichert. Falls Sie kein Mitglied von Facebook\/Youtube\/Instagram\/Google Plus sind, besteht trotzdem die M\u00f6glichkeit, dass Facebook\/Youtube\/Instagram\/Google Plus Ihre IP-Adresse in Erfahrung bringt und speichert, wenn Sie mit den Plugins interagieren.<\/p>\n<p>Zweck und Umfang der Datenerhebung und die weitere Verarbeitung und Nutzung der Daten durch Facebook\/Youtube\/Instagram\/google Plus sowie Ihre diesbez\u00fcglichen Rechte und Einstellungsm\u00f6glichkeiten zum Schutz Ihrer Privatsph\u00e4re entnehmen Sie bitte den Datenschutzhinweisen des jeweiligen (sozialen) Netzwerks Facebook\/Youtube\/Instagram\/Google Plus in der jeweils g\u00fcltigen Form.<\/p>\n<p>Zu finden unter:<br \/>\nFacebook: <a href=\"https:\/\/www.facebook.com\/about\/privacy\/\" target=\"_blank\">https:\/\/www.facebook.com\/about\/privacy\/<\/a><br \/>\nYoutube: <a href=\"https:\/\/www.youtube.com\/static?template=privacy_guidelines\" target=\"_blank\">https:\/\/www.youtube.com\/static?template=privacy_guidelines<\/a><br \/>\nInstagram: <a href=\"https:\/\/help.instagram.com\/155833707900388\" target=\"_blank\">https:\/\/help.instagram.com\/155833707900388<\/a><\/p>\n<p>6 Google Remarketing<\/p>\n<p>Diese Webseite benutzt Google Remarketing, ein Service von Google, dessen Ziel es ist, Anzeigen im Internet zu ver\u00f6ffentlichen. Aus diesem Grund werden alle Informationen \u00fcber Ihre Navigation auf unserer Website anonym als Cookie gespeichert, wenn Sie unsere Webseite besuchen. Diese Informationen, zusammen mit den Google Anzeigen, k\u00f6nnen Sie in folgendem Link deaktivieren <a href=\"http:\/\/tools.google.com\/dlpage\/gaoptout?hl=de\" target=\"_blank\">http:\/\/tools.google.com\/dlpage\/gaoptout?hl=de<\/a>.<br \/>\nWenn Sie mehr Informationen \u00fcber die Technologien von Google lesen m\u00f6chten, k\u00f6nnen Sie das unter folgendem Link <a href=\"http:\/\/www.google.de\/intl\/de_ALL\/analytics\/index.html\" target=\"_blank\">http:\/\/www.google.de\/intl\/de_ALL\/analytics\/index.html<\/a>.<\/p>\n","protected":false},"excerpt":{"rendered":"<p>Die Betreiber dieser Seiten nehmen den Schutz Ihrer pers\u00f6nlichen Daten sehr ernst. Wir behandeln Ihre personenbezogenen Daten vertraulich und entsprechend der gesetzlichen Datenschutzvorschriften sowie dieser Datenschutzerkl\u00e4rung. 1 Pers\u00f6nliche Daten 1.1 Eingetragene Daten im Registrierungsformular Alle Daten wie Name, Adresse, Telefonnummer oder E-Mail-Adresse, die in das Formular eingetragen werden, werden von der ABC Sprachb\u00f6rse nur dazu [&hellip;]<\/p>\n","protected":false},"author":2,"featured_media":0,"parent":0,"menu_order":0,"comment_status":"closed","ping_status":"closed","template":"","meta":{"footnotes":""},"aioseo_notices":[],"_links":{"self":[{"href":"https:\/\/www.sprachboerse.de\/it\/wp-json\/wp\/v2\/pages\/1135"}],"collection":[{"href":"https:\/\/www.sprachboerse.de\/it\/wp-json\/wp\/v2\/pages"}],"about":[{"href":"https:\/\/www.sprachboerse.de\/it\/wp-json\/wp\/v2\/types\/page"}],"author":[{"embeddable":true,"href":"https:\/\/www.sprachboerse.de\/it\/wp-json\/wp\/v2\/users\/2"}],"replies":[{"embeddable":true,"href":"https:\/\/www.sprachboerse.de\/it\/wp-json\/wp\/v2\/comments?post=1135"}],"version-history":[{"count":4,"href":"https:\/\/www.sprachboerse.de\/it\/wp-json\/wp\/v2\/pages\/1135\/revisions"}],"predecessor-version":[{"id":1139,"href":"https:\/\/www.sprachboerse.de\/it\/wp-json\/wp\/v2\/pages\/1135\/revisions\/1139"}],"wp:attachment":[{"href":"https:\/\/www.sprachboerse.de\/it\/wp-json\/wp\/v2\/media?parent=1135"}],"curies":[{"name":"wp","href":"https:\/\/api.w.org\/{rel}","templated":true}]}}