{"id":1,"date":"2012-07-30T10:54:49","date_gmt":"2012-07-30T08:54:49","guid":{"rendered":""},"modified":"2025-07-27T23:55:46","modified_gmt":"2025-07-27T21:55:46","slug":"home","status":"publish","type":"page","link":"https:\/\/www.sprachboerse.de\/it\/","title":{"rendered":"Sprachboerse &#8211; Scuola di Lingua a Monaco di Baviera &#8211; Centro Esami telc"},"content":{"rendered":"<p><\/p>\n<p><\/p>\n<p><\/p>\n<p><div class=\"fusion-one-full fusion-layout-column fusion-column-last fusion-spacing-yes\" style=\"margin-top:0px;margin-bottom:20px;\"><div class=\"fusion-column-wrapper\"><div class=\"fusion-clearfix\"><\/div><\/div><\/div><div class=\"fusion-clearfix\"><\/div><div class=\"fusion-title title fusion-title-size-one\"><h1 class=\"title-heading-left\">Corsi intensivi di tedesco<\/h1><div class=\"title-sep-container\"><div class=\"title-sep sep-double\"><\/div><\/div><\/div><\/p>\n<p><\/p>\n<p><\/p>\n<p><\/p>\n\n<div class=\"fusion-one-half fusion-layout-column fusion-spacing-yes\" style=\"margin-top:0px;margin-bottom:20px;\"><div class=\"fusion-column-wrapper\"><div class=\"fusion-clearfix\"><\/div><\/div><\/div><p>Would you like to learn German?<\/p>\n<p>Our German intensive courses are in the morning, from Monday to Friday, 10.00-13.15 (20 academic hours per week).\u00a0With this course you can apply for or extend a visa as a language student (language visa for participation in a German course).<\/p>\n<p>Our language school is not very big and for this reason we work in a flexible way. The Sprachb\u00f6rse offers professionality in a friendly environment. We teach efficiently and interactively in small groups and\/or through private lessons. Our classes are modern and fully equipped.<\/p>\n<p>Moreover, our school has excellently qualified teachers with experience. Our price-performance ratio will impress you.<\/p>\n<p>Our partner school is a licensed center to administer exams for language certificates.<\/p>\n<p><\/p>\n<p><\/p>\n\n<div class=\"fusion-one-half fusion-layout-column fusion-spacing-yes\" style=\"margin-top:0px;margin-bottom:20px;\"><div class=\"fusion-column-wrapper\"><div class=\"fusion-clearfix\"><\/div><\/div><\/div><p>Ti piacerebbe imparare il tedesco, l\u2019inglese, il francese, lo spagnolo,\u00a0 l\u00b4italiano, il greco, il russo, il cinese, l\u2019ungherese, oppure il giapponese? La tua azienda \u00e8 alla ricerca di un corso d\u2019inglese per gli affari per i propri collaboratori?<\/p>\n<p>La nostra scuola di lingua non \u00e8 grandissima, e per questo molto flessibile negli orari. Offriamo professionalit\u00e0 in una calda atmosfera. Insegniamo efficientemente e in modo interattivo in piccoli gruppi ma anche in maniera individuale in corsi singoli. Le aule mostrano luminosit\u00e0, generosit\u00e0 negli spazi e modernit\u00e0.<\/p>\n<p>Con il corso intensivo mattutino (20 lezioni a settimana) \u00e8 possibile richiedere o prolungare un visto come studente di lingua (visto linguistico per la partecipazione a un corso di tedesco).<\/p>\n<p>La nostra scuola di lingue possiede i miglior insegnanti qualificati, che insegnano con passione. Il nostro rapporto qualit\u00e0- prezzo ti convincer\u00e0.<\/p>\n<p>Axioma \u00e8 un centro esami certificato per telc.<\/p>\n<p><\/p>\n<p><\/p>\n<p><\/p>\n<p><\/p>\n<p><\/p>\n<p><\/p>\n<p><br \/>\nNon perdiamo di vista il tuo obiettivo &#8211; imparare il tedesco, l\u2019inglese per gli affari, o un\u2019altra lingua straniera, con un corso intensivo oppure con un training privato, per riuscire a parlare velocemente un\u2019altra lingua a Monaco di Baviera, in Germania o all\u2019estero; possedere al lavoro il giusto vocabolario, prepararsi correttamente ad un esame linguistico &#8211; questo e molto di pi\u00f9, qui da noi, nella nostra scuola di lingua.<\/p>\n<p>Dicci il tuo obiettivo linguistico &#8211; nella nostra scuola potrai raggiungerlo!<\/p>\n<p><\/p>\n<p><\/p>\n<p><\/p>\n<p><\/p>\n<p><\/p>\n<p><br \/>\nLa nostra scuola di lingua a Monaco di Baviera si trova nel cuore del quartiere Schwabing, direttamente a pochi passi dall\u2019universit\u00e0. Si rivolge a noi non solo chi desidera imparare il tedesco o un\u2019altra lingua straniera in un clima bello e tranquillo, ma anche chi \u00e8 interessato alla cultura di questo paese.<\/p>\n<p>Nel nostro programma estivo offriamo regolarmente, oltre ad un corso intensivo di lingua tedesca, anche incontri culturali. Dopo il corso di tedesco, vi sono quindi escursioni ai famosi castelli Nynphenburg e Neuschwanstein, la visita al Deutsches Museum, la pinacoteca, i monumenti della rosa bianca (die Wei\u00dfe Rose) presso la Ludwig-Maximilians-Universit\u00e4t, cos\u00ec come le grigliate in compagnia al fiume Isar, i pranzi internazionali a scuola, dove ogni studente, se lo desidera, pu\u00f2 portare un piatto tipico del proprio paese, visite all\u2019 Oktoberfest, tour in bicicletta attraverso il giardino inglese, tornei di bowling, calcio, bocce e ping pong.<\/p>\n<p>Anche chi vuole prepararsi per un esame di lingua tedesca, come il TestDaf, il DSH o il test d\u2019ingresso per lo Studienkolleg di Monaco di Baviera, un test di lingua tedesca come le certificazioni Goethe o un test come il TOEFL o il TOEIC, si trova proprio nel posto giusto. In piccoli gruppi, o a richiesta anche a lezioni individuali, ti prepariamo professionalmente per il tuo esame linguistico.<\/p>\n<p><\/p>\n<div class=\"fusion-clearfix\"><\/div><\/div><\/div><div class=\"fusion-clearfix\"><\/div><div class=\"fusion-image-carousel fusion-image-carousel-fixed lightbox-enabled fusion-carousel-border\"><div class=\"fusion-carousel\" data-autoplay=\"no\" data-columns=\"5\" data-itemmargin=\"13\" data-itemwidth=\"180\" data-touchscroll=\"no\" data-imagesize=\"fixed\"><div class=\"fusion-carousel-positioner\"><ul class=\"fusion-carousel-holder\"><li class=\"fusion-carousel-item\"><div class=\"fusion-carousel-item-wrapper\"><div class=\"fusion-image-wrapper hover-type-none\"><a data-rel=\"iLightbox[gallery_image_1]\" data-title=\"Sprachboerse - Scuola di Lingua a Monaco di Baviera - Centro Esami telc\" href=\"http:\/\/www.sprachboerse.de\/wp-content\/uploads\/2012\/07\/37428_128573063841034_5653380_n-1.jpg\" target=\"_self\"><img decoding=\"async\" src=\"http:\/\/www.sprachboerse.de\/wp-content\/uploads\/2012\/07\/37428_128573063841034_5653380_n-1.jpg\" alt=\"\" \/><\/a><\/div><\/div><\/li><li class=\"fusion-carousel-item\"><div class=\"fusion-carousel-item-wrapper\"><div class=\"fusion-image-wrapper hover-type-none\"><a data-rel=\"iLightbox[gallery_image_1]\" data-title=\"Sprachboerse - Scuola di Lingua a Monaco di Baviera - Centro Esami telc\" href=\"http:\/\/www.sprachboerse.de\/wp-content\/uploads\/2012\/07\/60561_494636160568054_1159782295_n-1.jpg\" target=\"_self\"><img decoding=\"async\" src=\"http:\/\/www.sprachboerse.de\/wp-content\/uploads\/2012\/07\/60561_494636160568054_1159782295_n-1.jpg\" alt=\"\" \/><\/a><\/div><\/div><\/li><li class=\"fusion-carousel-item\"><div class=\"fusion-carousel-item-wrapper\"><div class=\"fusion-image-wrapper hover-type-none\"><a data-rel=\"iLightbox[gallery_image_1]\" data-title=\"Sprachboerse - Scuola di Lingua a Monaco di Baviera - Centro Esami telc\" href=\"http:\/\/www.sprachboerse.de\/wp-content\/uploads\/2012\/07\/168439_187317491299924_6190744_n.jpg\" target=\"_self\"><img decoding=\"async\" src=\"http:\/\/www.sprachboerse.de\/wp-content\/uploads\/2012\/07\/168439_187317491299924_6190744_n.jpg\" alt=\"\" \/><\/a><\/div><\/div><\/li><li class=\"fusion-carousel-item\"><div class=\"fusion-carousel-item-wrapper\"><div class=\"fusion-image-wrapper hover-type-none\"><a data-rel=\"iLightbox[gallery_image_1]\" data-title=\"Sprachboerse - Scuola di Lingua a Monaco di Baviera - Centro Esami telc\" href=\"http:\/\/www.sprachboerse.de\/wp-content\/uploads\/2012\/07\/180027_187316721300001_7255639_n.jpg\" target=\"_self\"><img decoding=\"async\" src=\"http:\/\/www.sprachboerse.de\/wp-content\/uploads\/2012\/07\/180027_187316721300001_7255639_n.jpg\" alt=\"\" \/><\/a><\/div><\/div><\/li><li class=\"fusion-carousel-item\"><div class=\"fusion-carousel-item-wrapper\"><div class=\"fusion-image-wrapper hover-type-none\"><a data-rel=\"iLightbox[gallery_image_1]\" data-title=\"Sprachboerse - Scuola di Lingua a Monaco di Baviera - Centro Esami telc\" href=\"http:\/\/www.sprachboerse.de\/wp-content\/uploads\/2012\/07\/182771_187317204633286_6717084_n.jpg\" target=\"_self\"><img decoding=\"async\" src=\"http:\/\/www.sprachboerse.de\/wp-content\/uploads\/2012\/07\/182771_187317204633286_6717084_n.jpg\" alt=\"\" \/><\/a><\/div><\/div><\/li><li class=\"fusion-carousel-item\"><div class=\"fusion-carousel-item-wrapper\"><div class=\"fusion-image-wrapper hover-type-none\"><a data-rel=\"iLightbox[gallery_image_1]\" data-title=\"Sprachboerse - Scuola di Lingua a Monaco di Baviera - Centro Esami telc\" href=\"http:\/\/www.sprachboerse.de\/wp-content\/uploads\/2012\/07\/296529_262816013750071_209709964_n.jpg\" target=\"_self\"><img decoding=\"async\" src=\"http:\/\/www.sprachboerse.de\/wp-content\/uploads\/2012\/07\/296529_262816013750071_209709964_n.jpg\" alt=\"\" \/><\/a><\/div><\/div><\/li><li class=\"fusion-carousel-item\"><div class=\"fusion-carousel-item-wrapper\"><div class=\"fusion-image-wrapper hover-type-none\"><a data-rel=\"iLightbox[gallery_image_1]\" data-title=\"Sprachboerse - Scuola di Lingua a Monaco di Baviera - Centro Esami telc\" href=\"http:\/\/www.sprachboerse.de\/wp-content\/uploads\/2012\/07\/299312_262817800416559_533463273_n.jpg\" target=\"_self\"><img decoding=\"async\" src=\"http:\/\/www.sprachboerse.de\/wp-content\/uploads\/2012\/07\/299312_262817800416559_533463273_n.jpg\" alt=\"\" \/><\/a><\/div><\/div><\/li><li class=\"fusion-carousel-item\"><div class=\"fusion-carousel-item-wrapper\"><div class=\"fusion-image-wrapper hover-type-none\"><a data-rel=\"iLightbox[gallery_image_1]\" data-title=\"Sprachboerse - Scuola di Lingua a Monaco di Baviera - Centro Esami telc\" href=\"http:\/\/www.sprachboerse.de\/wp-content\/uploads\/2012\/07\/13095981_1168721036492893_4356604244332697372_n.jpg\" target=\"_self\"><img decoding=\"async\" src=\"http:\/\/www.sprachboerse.de\/wp-content\/uploads\/2012\/07\/13095981_1168721036492893_4356604244332697372_n.jpg\" alt=\"\" \/><\/a><\/div><\/div><\/li><\/ul><div class=\"fusion-carousel-nav\"><span class=\"fusion-nav-prev\"><\/span><span class=\"fusion-nav-next\"><\/span><\/div><\/div><\/div><\/div><div class=\"fusion-fullwidth fullwidth-box fusion-fullwidth-2  fusion-parallax-none nonhundred-percent-fullwidth\" style=\"border-color:#eae9e9;border-bottom-width: 0px;border-top-width: 0px;border-bottom-style: solid;border-top-style: solid;padding-bottom:20px;padding-top:20px;padding-left:px;padding-right:px;\"><style type=\"text\/css\" scoped=\"scoped\">.fusion-fullwidth-2 {\n                            padding-left: px !important;\n                            padding-right: px !important;\n                        }<\/style><div class=\"fusion-row\"><p><\/p>\n<p><\/p>\n<p><\/p>\n<p><\/p>\n<p>Impara il tedesco in Germania, naturalmente nella bella parte meridionale. Impara il tedesco nel capoluogo bavarese, direttamente nel quartiere universitario, tra i monumenti della rosa bianca, le pinacoteche, il museo Brandhorst, il giardino inglese, i bei caf\u00e8 e negozi, questi i dintorni della nostra scuola di lingua a Monaco, uno dei luoghi migliori per imparare il tedesco.<\/p>\n<p>La nostra scuola di lingua offre corsi di tedesco in piccoli gruppi, un&#8217;assistenza individuale, una preparazione professionale per gli esami, un&#8217;atmosfera fantastica e un ottimo rapporto qualit\u00e0- prezzo.<\/p>\n<p>Studia il tedesco a Monaco, con i suoi importanti musei, un ampio programma culturale, ottimi Biergarten, una cucina internazionale, il giardino inglese, laghi meravigliosi e alpi davanti alla porta di casa. Impara il tedesco a Monaco nella capitale segreta della Germania.<\/p>\n<p>La Baviera \u00e8 la meta turistica numero uno in Germania. In Baviera potrai imparare il tedesco e conoscere una delle pi\u00f9 belle regioni della Germania con le sue attrazioni e meraviglie della natura. Le alpi bavaresi con la loro pi\u00f9 alta montagna (3000 m.) oppure il romantico castello dei sogni Neuschwanstein, i gala di Salisburgo, la festa della birra bavarese conosciuta in tutto il mondo, sciare, andare in barca, fare escursioni e imparare il tedesco nell\u00b4accademia linguistica centrale a Monaco di Baviera. Imparare il tedesco in Baviera \u00e8 la scelta migliore.<\/p>\n<p><strong>Escursioni<\/strong>: il museo tedesco, il parco delle Olimpiadi, il museo della BMW, il festival di Tollwood, il castello di Nymphenburg, il tour cinematografico della Baviera e molti altri\u2026<\/p>\n<p>Le attivit\u00e0 dopo la scuola ti aiuteranno ad avere i primi contatti\u00a0con\u00a0questa citt\u00e0 bavarese. Le esitazioni linguistiche diminuiranno\u00a0e imparerai a conoscere la quotidianit\u00e0 e potrai applicare le tue conoscenze di tedesco nella pratica. Nel nostro amato programma estivo \u201cimpara il tedesco a Monaco di Baviera\u201d vi saranno dei tutor, che ti assisteranno al meglio.<\/p>\n<p><\/p>\n<p><\/p>\n<div class=\"fusion-one-full fusion-layout-column fusion-column-last fusion-spacing-yes\" style=\"margin-top:0px;margin-bottom:20px;\"><div class=\"fusion-column-wrapper\"><span class=\"fusion-imageframe imageframe-none imageframe-4 hover-type-none\"> <img decoding=\"async\" src=\"http:\/\/www.sprachboerse.de\/wp-content\/uploads\/2012\/07\/map.png\" alt=\"\" class=\"img-responsive\"\/><\/span><div class=\"fusion-clearfix\"><\/div><\/div><\/div><div class=\"fusion-clearfix\"><\/div><\/div><\/div><div class=\"fusion-one-half fusion-layout-column fusion-column-last fusion-spacing-yes\" style=\"margin-top:0px;margin-bottom:20px;\"><div class=\"fusion-column-wrapper\"><div class=\"fusion-clearfix\"><\/div><\/div><\/div><div class=\"fusion-clearfix\"><\/div>","protected":false},"excerpt":{"rendered":"","protected":false},"author":1,"featured_media":0,"parent":0,"menu_order":0,"comment_status":"closed","ping_status":"closed","template":"","meta":{"footnotes":""},"aioseo_notices":[],"_links":{"self":[{"href":"https:\/\/www.sprachboerse.de\/it\/wp-json\/wp\/v2\/pages\/1"}],"collection":[{"href":"https:\/\/www.sprachboerse.de\/it\/wp-json\/wp\/v2\/pages"}],"about":[{"href":"https:\/\/www.sprachboerse.de\/it\/wp-json\/wp\/v2\/types\/page"}],"author":[{"embeddable":true,"href":"https:\/\/www.sprachboerse.de\/it\/wp-json\/wp\/v2\/users\/1"}],"replies":[{"embeddable":true,"href":"https:\/\/www.sprachboerse.de\/it\/wp-json\/wp\/v2\/comments?post=1"}],"version-history":[{"count":209,"href":"https:\/\/www.sprachboerse.de\/it\/wp-json\/wp\/v2\/pages\/1\/revisions"}],"predecessor-version":[{"id":1642,"href":"https:\/\/www.sprachboerse.de\/it\/wp-json\/wp\/v2\/pages\/1\/revisions\/1642"}],"wp:attachment":[{"href":"https:\/\/www.sprachboerse.de\/it\/wp-json\/wp\/v2\/media?parent=1"}],"curies":[{"name":"wp","href":"https:\/\/api.w.org\/{rel}","templated":true}]}}