{"id":35,"date":"2012-08-31T10:18:25","date_gmt":"2012-08-31T08:18:25","guid":{"rendered":""},"modified":"2015-12-02T15:15:55","modified_gmt":"2015-12-02T13:15:55","slug":"deutsch-sprachkursevisum-informationen-deutschland","status":"publish","type":"page","link":"https:\/\/www.sprachboerse.de\/fr\/deutsch-sprachkurse\/deutsch-sprachkursevisum-informationen-deutschland\/","title":{"rendered":"Informations en mati\u00e8re de visa pour l&rsquo;Allemagne"},"content":{"rendered":"<p><\/p>\n<p><p>Vous \u00eates ressortissant d\u2019un pays non-UE, des Etats-Unis, de l\u2019Australie, de la Nouvelle-Z\u00e9lande ou du Japon. Vous avez besoin d\u2019un visa pour pouvoir apprendre l\u2019allemand. <\/p>\n<p>Vous pouvez trouver ici les informations les plus importantes pour votre demande de visa : <a href=\"http:\/\/www.auswaertiges-amt.de\/DE\/EinreiseUndAufenthalt\/Visabestimmungen_node.html\" target=\"_blank\">Ausw\u00e4rtiges Amt<\/a> et les <a href=\"http:\/\/www.auswaertiges-amt.de\/DE\/Laenderinformationen\/03-WebseitenAV\/Uebersicht.html\" target=\"_blank\">adresses des consulats et de l\u2019ambassade de votre pays<\/a>.<\/p>\n<p>Veuillez bien noter que si vous arrivez en Allemagne avec un visa touristique vous avez le droit de rester 3 mois au maximum. Un visa touristique ne peut pas \u00eatre prolong\u00e9. <\/p>\n<p>Pour votre demande de visa vous avez besoin d\u2019une confirmation de l\u2019inscription \u00e0 un cours d\u2019allemand intensif de 20 unit\u00e9s de cours au minimum. En r\u00e8gle g\u00e9n\u00e9rale les consulats demandent le versement de 50% du montant du cours. Certains pays demandent le versement du montant total \u00e0 l\u2019avance.<\/p>\n<p>Pour votre visa vous avez besoin d\u2019une assurance-maladie, p.ex. <a href=\"http:\/\/www.care-concept.de\/krankenversicherung\/sprachschueler_und_studenten\/auslaendische_studenten_versicherung_e-antrag.php?vmnr=000708000S&amp;mail=welcome@sprachboerse.de\" target=\"_blank\">Care Concept<\/a>.<\/p>\n<p>Pour la d\u00e9claration de l\u2019engagement veuillez vous adresser \u00e0 votre banque. <\/p>\n<p>Le traitement de la demande dure en r\u00e8gle g\u00e9n\u00e9rale 6-8 semaines. Nous vous conseillons de d\u00e9poser votre demande trois mois avant le commencement du cours.<\/p>\n<p>Veuillez prendre en consid\u00e9ration nos <a href=\"..\/inscription-pour-un-cours-allemand-chez-sprachboerse-munich\">conditions de participation<\/a>.<\/p>\n<\/p>\n<p><\/p>","protected":false},"excerpt":{"rendered":"<p>Vous \u00eates ressortissant d\u2019un pays non-UE, des Etats-Unis, de l\u2019Australie, de la Nouvelle-Z\u00e9lande ou du Japon. Vous avez besoin d\u2019un visa pour pouvoir apprendre l\u2019allemand. Vous pouvez trouver ici les informations les plus importantes pour votre demande de visa : Ausw\u00e4rtiges Amt et les adresses des consulats et de l\u2019ambassade de votre pays. Veuillez bien [&hellip;]<\/p>\n","protected":false},"author":1,"featured_media":0,"parent":202,"menu_order":0,"comment_status":"closed","ping_status":"closed","template":"","meta":{"footnotes":""},"aioseo_notices":[],"_links":{"self":[{"href":"https:\/\/www.sprachboerse.de\/fr\/wp-json\/wp\/v2\/pages\/35"}],"collection":[{"href":"https:\/\/www.sprachboerse.de\/fr\/wp-json\/wp\/v2\/pages"}],"about":[{"href":"https:\/\/www.sprachboerse.de\/fr\/wp-json\/wp\/v2\/types\/page"}],"author":[{"embeddable":true,"href":"https:\/\/www.sprachboerse.de\/fr\/wp-json\/wp\/v2\/users\/1"}],"replies":[{"embeddable":true,"href":"https:\/\/www.sprachboerse.de\/fr\/wp-json\/wp\/v2\/comments?post=35"}],"version-history":[{"count":6,"href":"https:\/\/www.sprachboerse.de\/fr\/wp-json\/wp\/v2\/pages\/35\/revisions"}],"predecessor-version":[{"id":638,"href":"https:\/\/www.sprachboerse.de\/fr\/wp-json\/wp\/v2\/pages\/35\/revisions\/638"}],"up":[{"embeddable":true,"href":"https:\/\/www.sprachboerse.de\/fr\/wp-json\/wp\/v2\/pages\/202"}],"wp:attachment":[{"href":"https:\/\/www.sprachboerse.de\/fr\/wp-json\/wp\/v2\/media?parent=35"}],"curies":[{"name":"wp","href":"https:\/\/api.w.org\/{rel}","templated":true}]}}