{"id":29,"date":"2012-08-29T10:52:42","date_gmt":"2012-08-29T08:52:42","guid":{"rendered":""},"modified":"2017-08-08T09:40:22","modified_gmt":"2017-08-08T07:40:22","slug":"deutsch-sprachkursegoethe-zertifikat","status":"publish","type":"page","link":"https:\/\/www.sprachboerse.de\/fr\/deutsch-sprachkurse\/deutsch-sprachkursegoethe-zertifikat\/","title":{"rendered":"Le Goethe Zertifikat"},"content":{"rendered":"<p><\/p>\n<p>Dans notre \u00e9cole de langue, on vous pr\u00e9pare au Zertifikat Goethe et telc dans de petits groupes. Notre \u00e9cole est indiqu\u00e9e pour tout niveau d\u2019 enseignement, quel que soit le niveau de Zertifikat que vous voulez faire.<\/p>\n<p>Nous exercons avec vous les sujets type (dans le domaine de la lecture, l\u2019\u00e9coute, le parler et l\u2019\u00e9crit\u00a0) du niveau auquel vous aspirez.<\/p>\n<p>L\u2019examen en question sera ensuite fait \u00e0 l\u2019institut Goethe ou \u00e0 la Volkshochschule \u00e0 Gasteig.<\/p>\n<p><\/p>","protected":false},"excerpt":{"rendered":"<p>Dans notre \u00e9cole de langue, on vous pr\u00e9pare au Zertifikat Goethe et telc dans de petits groupes. Notre \u00e9cole est indiqu\u00e9e pour tout niveau d\u2019 enseignement, quel que soit le niveau de Zertifikat que vous voulez faire. Nous exercons avec vous les sujets type (dans le domaine de la lecture, l\u2019\u00e9coute, le parler et l\u2019\u00e9crit\u00a0) [&hellip;]<\/p>\n","protected":false},"author":1,"featured_media":0,"parent":202,"menu_order":0,"comment_status":"closed","ping_status":"closed","template":"","meta":{"footnotes":""},"aioseo_notices":[],"_links":{"self":[{"href":"https:\/\/www.sprachboerse.de\/fr\/wp-json\/wp\/v2\/pages\/29"}],"collection":[{"href":"https:\/\/www.sprachboerse.de\/fr\/wp-json\/wp\/v2\/pages"}],"about":[{"href":"https:\/\/www.sprachboerse.de\/fr\/wp-json\/wp\/v2\/types\/page"}],"author":[{"embeddable":true,"href":"https:\/\/www.sprachboerse.de\/fr\/wp-json\/wp\/v2\/users\/1"}],"replies":[{"embeddable":true,"href":"https:\/\/www.sprachboerse.de\/fr\/wp-json\/wp\/v2\/comments?post=29"}],"version-history":[{"count":8,"href":"https:\/\/www.sprachboerse.de\/fr\/wp-json\/wp\/v2\/pages\/29\/revisions"}],"predecessor-version":[{"id":1103,"href":"https:\/\/www.sprachboerse.de\/fr\/wp-json\/wp\/v2\/pages\/29\/revisions\/1103"}],"up":[{"embeddable":true,"href":"https:\/\/www.sprachboerse.de\/fr\/wp-json\/wp\/v2\/pages\/202"}],"wp:attachment":[{"href":"https:\/\/www.sprachboerse.de\/fr\/wp-json\/wp\/v2\/media?parent=29"}],"curies":[{"name":"wp","href":"https:\/\/api.w.org\/{rel}","templated":true}]}}