{"id":25,"date":"2012-08-29T10:47:42","date_gmt":"2012-08-29T08:47:42","guid":{"rendered":""},"modified":"2025-01-11T11:02:52","modified_gmt":"2025-01-11T09:02:52","slug":"deutsch-sprachkursestudienkolleg-muenchen","status":"publish","type":"page","link":"https:\/\/www.sprachboerse.de\/fr\/deutsch-sprachkurse\/deutsch-sprachkursestudienkolleg-muenchen\/","title":{"rendered":"Studienkolleg (\u00ab cours pr\u00e9paratoire \u00bb) de Munich"},"content":{"rendered":"<p><\/p>\n<p>Dans notre \u00e9cole de langue, les cours intensifs au Studienkolleg de Munich vous pr\u00e9parent \u00e0 l\u2019examen d\u2019admission \u00ab\u00a0Deutsch\u00a0\u00bb. Dans notre cours d\u2019allemand, vous vous exercez \u00e0 l\u2019aide des C-tests et des devoirs visant \u00e0 travailler la production de textes aussi bien que le vocabulaire et la grammaire. Nos professeurs d\u2019allemand au Studienkolleg de Munich sont sp\u00e9cialement form\u00e9s pour la pr\u00e9paration \u00e0 l\u2019examen d\u2019admission \u00ab\u00a0Deutsch\u00a0\u00bb.<\/p>\n<p><img decoding=\"async\" src=\"http:\/\/www.sprachboerse.de\/wp-content\/uploads\/2012\/08\/Grillen2-300x205.jpg\" alt=\"\" \/><\/p>\n<p>Les cours d\u2019allemand pour la pr\u00e9paration \u00e0 l\u2019examen \u00ab\u00a0Deutsch\u00a0\u00bb a lieu 4 heures par semaine.<\/p>\n<p>Les cours intensifs avec 20 heures par semaine\u00a0 ont\u00a0 le minimum d\u2019heures exig\u00e9es pour l\u2019obtention d\u2019un visa \u00e9tudiant (de langue) en Allemagne.<\/p>\n<p>Grace \u00e0 l\u2019organisation des cours en petits groupes dans notre \u00e9cole de langue, le taux de r\u00e9ussite \u00e0 l\u2019examen d\u2019admission \u00ab\u00a0Deutsch\u00a0\u00bb est au dessus de la moyenne.<br \/>\n<\/p>","protected":false},"excerpt":{"rendered":"<p>Dans notre \u00e9cole de langue, les cours intensifs au Studienkolleg de Munich vous pr\u00e9parent \u00e0 l\u2019examen d\u2019admission \u00ab\u00a0Deutsch\u00a0\u00bb. Dans notre cours d\u2019allemand, vous vous exercez \u00e0 l\u2019aide des C-tests et des devoirs visant \u00e0 travailler la production de textes aussi bien que le vocabulaire et la grammaire. Nos professeurs d\u2019allemand au Studienkolleg de Munich sont [&hellip;]<\/p>\n","protected":false},"author":1,"featured_media":0,"parent":202,"menu_order":0,"comment_status":"closed","ping_status":"closed","template":"","meta":{"footnotes":""},"aioseo_notices":[],"_links":{"self":[{"href":"https:\/\/www.sprachboerse.de\/fr\/wp-json\/wp\/v2\/pages\/25"}],"collection":[{"href":"https:\/\/www.sprachboerse.de\/fr\/wp-json\/wp\/v2\/pages"}],"about":[{"href":"https:\/\/www.sprachboerse.de\/fr\/wp-json\/wp\/v2\/types\/page"}],"author":[{"embeddable":true,"href":"https:\/\/www.sprachboerse.de\/fr\/wp-json\/wp\/v2\/users\/1"}],"replies":[{"embeddable":true,"href":"https:\/\/www.sprachboerse.de\/fr\/wp-json\/wp\/v2\/comments?post=25"}],"version-history":[{"count":76,"href":"https:\/\/www.sprachboerse.de\/fr\/wp-json\/wp\/v2\/pages\/25\/revisions"}],"predecessor-version":[{"id":1626,"href":"https:\/\/www.sprachboerse.de\/fr\/wp-json\/wp\/v2\/pages\/25\/revisions\/1626"}],"up":[{"embeddable":true,"href":"https:\/\/www.sprachboerse.de\/fr\/wp-json\/wp\/v2\/pages\/202"}],"wp:attachment":[{"href":"https:\/\/www.sprachboerse.de\/fr\/wp-json\/wp\/v2\/media?parent=25"}],"curies":[{"name":"wp","href":"https:\/\/api.w.org\/{rel}","templated":true}]}}