{"id":24,"date":"2012-08-29T10:46:57","date_gmt":"2012-08-29T08:46:57","guid":{"rendered":""},"modified":"2025-04-12T21:46:47","modified_gmt":"2025-04-12T19:46:47","slug":"deutsch-sprachkursedsh-muenchen","status":"publish","type":"page","link":"https:\/\/www.sprachboerse.de\/fr\/deutsch-sprachkurse\/deutsch-sprachkursedsh-muenchen\/","title":{"rendered":"telc et DSH Munich"},"content":{"rendered":"<div class=\"fusion-title title fusion-title-size-one\"><h1 class=\"title-heading-left\">\n<p>Wir bereiten auf Telcpr\u00fcfungen vor.<\/p>\n<p>Die n\u00e4chste Pr\u00fcfung telc B1 findet am 31. Mai 2025 und am 18. Oktober 2025 statt.<\/p>\n<p>Die n\u00e4chste Pr\u00fcfung telc B2 findet am 31. Mai 2025 und am 18. Oktober 2025 statt.<\/p>\n<p>Die n\u00e4chste Pr\u00fcfung telc C1 findet am 31. Mai 2025 und am 18. Oktober 2025 statt.<\/p>\n<\/h1><div class=\"title-sep-container\"><div class=\"title-sep sep-double\"><\/div><\/div><\/div><span class=\"fusion-imageframe imageframe-none imageframe-1 hover-type-none\"> <img decoding=\"async\" src=\"https:\/\/www.sprachboerse.de\/wp-content\/uploads\/2018\/04\/201804_sprachboerse_startslider02-300x135.jpg\" alt=\"\" class=\"img-responsive\"\/><\/span><hr \/>\n<p><\/p>\n<div class=\"fusion-one-full fusion-layout-column fusion-column-last fusion-spacing-yes\" style=\"margin-top:0px;margin-bottom:20px;\"><div class=\"fusion-column-wrapper\"><div class=\"fusion-title title fusion-title-size-one\"><h1 class=\"title-heading-left\">Starttermine der n\u00e4chsten Vorbereitungskurse<\/h1><div class=\"title-sep-container\"><div class=\"title-sep sep-double\"><\/div><\/div><\/div><div class=\"fusion-clearfix\"><\/div><\/div><\/div><div class=\"fusion-clearfix\"><\/div><div class=\"fusion-one-half fusion-layout-column fusion-spacing-yes\" style=\"margin-top:0px;margin-bottom:20px;\"><div class=\"fusion-column-wrapper\"><div class=\"table-1\">\n<table width=\"100%\">\n<thead>\n<tr>\n<th align=\"left\"><strong>Vorbereitungskurs auf Telc Zertifikat B2<\/strong><\/th>\n<\/tr>\n<\/thead>\n<tbody>\n<tr>\n<td>Datum: jede Woche Montag<\/td>\n<\/tr>\n<tr>\n<td>Uhrzeiten: Mo bis Frei, 10.00 -13.15 Uhr<\/td>\n<\/tr>\n<tr>\n<td>\n<table width=\"100%\">\n<tbody>\n<tr>\n<td>ab 590,00 \u20ac\/4 Wochen<\/td>\n<\/tr>\n<tr>\n<td>ab 1080,00 \u20ac\/8 Wochen<\/td>\n<\/tr>\n<\/tbody>\n<\/table>\n<\/td>\n<\/tr>\n<tr>\n<td>Anmeldung: im B\u00fcro oder per E-Mail an welcome@sprachboerse.de<\/td>\n<\/tr>\n<\/tbody>\n<\/table>\n<\/div>\n<div class=\"fusion-clearfix\"><\/div><\/div><\/div><div class=\"fusion-one-half fusion-layout-column fusion-column-last fusion-spacing-yes\" style=\"margin-top:0px;margin-bottom:20px;\"><div class=\"fusion-column-wrapper\"><div class=\"table-1\">\n<table width=\"100%\">\n<thead>\n<tr>\n<th align=\"left\"><strong>Vorbereitungskurs auf Telc Zertifikat C1<\/strong><\/th>\n<\/tr>\n<\/thead>\n<tbody>\n<tr>\n<td>Start: jede Woche Montag<\/td>\n<\/tr>\n<tr>\n<td>Uhrzeit: Mo bis Frei, 10.00 bis 13.15\u00a0 Uhr<\/td>\n<\/tr>\n<tr>\n<td>ab 590,00 \u20ac\/4 Wochen<\/td>\n<\/tr>\n<tr>\n<td>ab 1080,00 \/8 Wochen<\/td>\n<\/tr>\n<tr>\n<td>Anmeldung: Im Office oder per E-Mail an welcome@sprachboerse.de<\/td>\n<\/tr>\n<\/tbody>\n<\/table>\n<\/div>\n<div class=\"fusion-clearfix\"><\/div><\/div><\/div><div class=\"fusion-clearfix\"><\/div><div class=\"fusion-one-full fusion-layout-column fusion-column-last fusion-spacing-yes\" style=\"margin-top:0px;margin-bottom:20px;\"><div class=\"fusion-column-wrapper\"><p>In der Oberstufe unserer Deutschkurse trainieren wir die Pr\u00fcfung, Telc C1 Hochschule, den TestDaF und die DSH (Wissenschaftssprachliche Strukturen, H\u00f6ren, Lesen und Textproduktion [etwa 200 W\u00f6rter in 60 Minuten]). Sie haben in unserer Sprachschule die M\u00f6glichkeit, Modellteste zu trainieren, die wir korrigieren und besprechen.<\/p>\n<p>Bei der DSH gibt drei Noten:<\/p>\n<ul>\n<li>DSH 1:\u00a0 Insgesamt wurden 57 % der zu erreichenden Punkte erreicht.<\/li>\n<li>DSH 2: Insgesamt wurden 67 % erreicht.<\/li>\n<li>DSH 3: Insgesamt wurden mindestens 82 % erreicht.<\/li>\n<\/ul>\n<p>In der Regel reicht die Note DSH 2 f\u00fcr die Zulassung zu einem Studium an einer deutschen Hochschule.<\/p>\n<a href=\"\/deutsch-sprachkurse\/termine-preise-deutschkurse\/\" class=\"medium square otw-button\">Termine und Preise<\/a>\n<p style=\"text-align: right;\"><a href=\"\/sprachkurs-muenchen-anmeldung\/\" class=\"medium square otw-button\">Jetzt anmelden!<\/a><\/p>\n<div class=\"fusion-clearfix\"><\/div><\/div><\/div><div class=\"fusion-clearfix\"><\/div><div class=\"fusion-one-full fusion-layout-column fusion-column-last fusion-spacing-yes\" style=\"margin-top:0px;margin-bottom:20px;\"><div class=\"fusion-column-wrapper\"><p><\/p>\n<p>Dans notre \u00e9cole de langue \u00e0 Munich, nous offrons pour la pr\u00e9paration du Telc C1 Hochchule, TstDaF et DSH des cours de niveau avanc\u00e9. Si vous avez l\u2019intention de faire vos \u00e9tudes dans une universit\u00e9 allemande, vous devez pour certaines fili\u00e8res pr\u00e9senter le certificat d\u2019obtention du DSH (certificat exig\u00e9 aux \u00e9tudiants \u00e9trangers qui souhaitent \u00e9tudier dans une universit\u00e9 allemande).<\/p>\n<p>Le cours avec la pr\u00e9paration au DSH co\u00fbte 595,00 \u20ac\/ 4 semaines. Vous pouvez commencer chaque lundi. Avec ce cours vous pouvez aussi obtenir le visa pour\u00a0\u00e9tudiants.<\/p>\n<p>Le but vis\u00e9 dans les cours du niveau avanc\u00e9 est de s\u2019exercer pour le DSH , \u00e0 savoir maitriser les structures utilis\u00e9es dans le langage scientifique, travailler l\u2019\u00e9coute, la prononciation \u00e0 travers la lecture et l\u2019expression \u00e9crite (environ 200 mots en 60 minutes). Dans notre \u00e9cole, vous avez la possibilit\u00e9 de vous exercer avec des exercices type que nous corrigeons et commentons.<\/p>\n<p>Il y a trois types de notes\u00a0:<\/p>\n<ul>\n<li>DSH 1\u00a0: En tout 57% des points sont atteints<\/li>\n<li>DSH 2 : En tout 67% des points sont atteints<\/li>\n<li>DSH 3 : En tout au moins 82% des points sont atteints.<\/li>\n<\/ul>\n<p>En g\u00e9n\u00e9ral, la note du DSH 2 suffit pour l\u2019admission dans une universit\u00e9.<\/p>\n<div class=\"fusion-clearfix\"><\/div><\/div><\/div><div class=\"fusion-clearfix\"><\/div><div class=\"fusion-one-full fusion-layout-column fusion-column-last fusion-spacing-yes\" style=\"margin-top:0px;margin-bottom:20px;\"><div class=\"fusion-column-wrapper\"><p>","protected":false},"excerpt":{"rendered":"","protected":false},"author":1,"featured_media":0,"parent":202,"menu_order":0,"comment_status":"closed","ping_status":"closed","template":"","meta":{"footnotes":""},"aioseo_notices":[],"_links":{"self":[{"href":"https:\/\/www.sprachboerse.de\/fr\/wp-json\/wp\/v2\/pages\/24"}],"collection":[{"href":"https:\/\/www.sprachboerse.de\/fr\/wp-json\/wp\/v2\/pages"}],"about":[{"href":"https:\/\/www.sprachboerse.de\/fr\/wp-json\/wp\/v2\/types\/page"}],"author":[{"embeddable":true,"href":"https:\/\/www.sprachboerse.de\/fr\/wp-json\/wp\/v2\/users\/1"}],"replies":[{"embeddable":true,"href":"https:\/\/www.sprachboerse.de\/fr\/wp-json\/wp\/v2\/comments?post=24"}],"version-history":[{"count":38,"href":"https:\/\/www.sprachboerse.de\/fr\/wp-json\/wp\/v2\/pages\/24\/revisions"}],"predecessor-version":[{"id":1638,"href":"https:\/\/www.sprachboerse.de\/fr\/wp-json\/wp\/v2\/pages\/24\/revisions\/1638"}],"up":[{"embeddable":true,"href":"https:\/\/www.sprachboerse.de\/fr\/wp-json\/wp\/v2\/pages\/202"}],"wp:attachment":[{"href":"https:\/\/www.sprachboerse.de\/fr\/wp-json\/wp\/v2\/media?parent=24"}],"curies":[{"name":"wp","href":"https:\/\/api.w.org\/{rel}","templated":true}]}}