{"id":23,"date":"2012-08-29T10:46:04","date_gmt":"2012-08-29T08:46:04","guid":{"rendered":""},"modified":"2022-04-10T19:39:39","modified_gmt":"2022-04-10T17:39:39","slug":"deutsch-sprachkursetestdaf-muenchen","status":"publish","type":"page","link":"https:\/\/www.sprachboerse.de\/fr\/deutsch-sprachkurse\/deutsch-sprachkursetestdaf-muenchen\/","title":{"rendered":"TestDaF Munich"},"content":{"rendered":"<p><\/p>\n<p>Dans les cours de langue de notre \u00e9cole, nous vous pr\u00e9parons dans de petits groupes au TestDaF (Test Deutsch als Fremdsprache\/Test Deutsch comme langue \u00e9trang\u00e8re). Les exercices type sont faits r\u00e9guli\u00e8rement. D notre \u00e9cole vous pouvez ainsi vous entra<em>\u00ee<\/em>ner dans les aptitudes exig\u00e9es au TestDaf \u00e0 savoir lire (trois textes), \u00e9couter (trois textes audio), r\u00e9diger (environ 200 mots en 60mn) et le parler (sept devoirs oraux).<\/p>\n<p>Le TestDaF dure trois heures en tout.<\/p>\n<p>Il y a trois notes :<\/p>\n<ul>\n<li>TestDaF niveau 3<\/li>\n<li>TestDaF niveau 4<\/li>\n<li>TestDaF niveau 5<\/li>\n<\/ul>\n<p>Ceci correspond aux niveaux B2-C1 dans l\u2019\u00e9chelle du cadre europ\u00e9en commun de r\u00e9f\u00e9rence.<\/p>\n<p>La note 4 suffit tr\u00e8s souvent pour l\u2019admission aux \u00e9tudes dans une universit\u00e9 allemande.<\/p>\n<p>A Munich, le TestDaF peut \u00eatre fait dans divers centres d\u2019examen comme l\u2019institut Goethe. Le droit d\u2019examen pour le TestDaF s\u2019\u00e9l\u00e8ve \u00e0 175,00\u20ac<\/p>\n<p>&nbsp;<\/p>\n<p>Le cours avec la pr\u00e9paration au TestDaF\u00a0co\u00fbte 595,00 \u20ac\/4 semaines. Vous pouvez commencer chaque lundi.<\/p>\n<p><\/p>","protected":false},"excerpt":{"rendered":"<p>Dans les cours de langue de notre \u00e9cole, nous vous pr\u00e9parons dans de petits groupes au TestDaF (Test Deutsch als Fremdsprache\/Test Deutsch comme langue \u00e9trang\u00e8re). Les exercices type sont faits r\u00e9guli\u00e8rement. D notre \u00e9cole vous pouvez ainsi vous entra\u00eener dans les aptitudes exig\u00e9es au TestDaf \u00e0 savoir lire (trois textes), \u00e9couter (trois textes audio), r\u00e9diger [&hellip;]<\/p>\n","protected":false},"author":1,"featured_media":0,"parent":202,"menu_order":0,"comment_status":"closed","ping_status":"closed","template":"","meta":{"footnotes":""},"aioseo_notices":[],"_links":{"self":[{"href":"https:\/\/www.sprachboerse.de\/fr\/wp-json\/wp\/v2\/pages\/23"}],"collection":[{"href":"https:\/\/www.sprachboerse.de\/fr\/wp-json\/wp\/v2\/pages"}],"about":[{"href":"https:\/\/www.sprachboerse.de\/fr\/wp-json\/wp\/v2\/types\/page"}],"author":[{"embeddable":true,"href":"https:\/\/www.sprachboerse.de\/fr\/wp-json\/wp\/v2\/users\/1"}],"replies":[{"embeddable":true,"href":"https:\/\/www.sprachboerse.de\/fr\/wp-json\/wp\/v2\/comments?post=23"}],"version-history":[{"count":18,"href":"https:\/\/www.sprachboerse.de\/fr\/wp-json\/wp\/v2\/pages\/23\/revisions"}],"predecessor-version":[{"id":1500,"href":"https:\/\/www.sprachboerse.de\/fr\/wp-json\/wp\/v2\/pages\/23\/revisions\/1500"}],"up":[{"embeddable":true,"href":"https:\/\/www.sprachboerse.de\/fr\/wp-json\/wp\/v2\/pages\/202"}],"wp:attachment":[{"href":"https:\/\/www.sprachboerse.de\/fr\/wp-json\/wp\/v2\/media?parent=23"}],"curies":[{"name":"wp","href":"https:\/\/api.w.org\/{rel}","templated":true}]}}