{"id":1569,"date":"2024-02-15T11:27:47","date_gmt":"2024-02-15T09:27:47","guid":{"rendered":"https:\/\/www.sprachboerse.de\/?page_id=1569"},"modified":"2024-04-21T22:18:00","modified_gmt":"2024-04-21T20:18:00","slug":"deutschkurse-studenten-aupairs","status":"publish","type":"page","link":"https:\/\/www.sprachboerse.de\/fr\/deutsch-sprachkurse\/deutschkurse-studenten-aupairs\/","title":{"rendered":"Cours d\u2019allemand pour au pairs"},"content":{"rendered":"<p><br \/>\nSi vous \u00eates \u00e9tudiant, immatricul\u00e9 ou au moins pr\u00e9inscrit \u00e0 une universit\u00e9, une \u00e9cole sup\u00e9rieure ou une \u00e9cole professionnelle \u00e0 Munich, vous pouvez suivre nos cours d\u2019allemand pour un tarif avantageux. Pour les jeunes gens au pair : veuillez pr\u00e9senter votre carte au pair ou une attestation de votre famille au pair.<\/p>\n<p><img decoding=\"async\" src=\"http:\/\/www.sprachboerse.de\/wp-admin\/admin-ajax.php?action=imgedit-preview&amp;_ajax_nonce=13e5d679e1&amp;postid=772&amp;rand=32353\" alt=\"\" \/><\/p>\n<p><strong>Cours d\u2019allemand pour \u00e9tudiants \/ au pairs<\/strong><\/p>\n<p>Cours intensifs d\u2019allemand<\/p>\n<p>20 UC*\/semaine . <strong>Niveau \u00e9l\u00e9mentaire A1 et A2<\/strong><\/p>\n<p>De lundi \u00e0 vendredi, 10.00 \u2013 13.15h<\/p>\n<p>&nbsp;<\/p>\n<p>&nbsp;<\/p>\n<p><strong>Cours d\u2019allemand pour \u00e9tudiants \/ au pairs<\/strong><\/p>\n<p>Cours intensifs d\u2019allemand<\/p>\n<p>20 UC*\/semaine . <strong>Niveau interm\u00e9diaire B1 et B2 et niveau avanc\u00e9 C<\/strong><\/p>\n<p>De lundi \u00e0 vendredi 10.00h \u2013 13.15h ou dans l\u2019apr\u00e8s-midi<\/p>\n<p>&nbsp;<\/p>\n<p>&nbsp;<\/p>\n<p><strong>Cours d\u2019allemand pour \u00e9tudiants \/ au pairs<\/strong><\/p>\n<p>Cours intensifs d\u2019allemand \u00a0PLUS<\/p>\n<p>24 UC*\/semaine . <strong>Niveau interm\u00e9diaire B1 et B2 et niveau avanc\u00e9 C<\/strong><\/p>\n<p>De lundi \u00e0 vendredi 10.00h \u2013 13.15h ou dans l\u2019apr\u00e8s-midi ,\u00a0lundi + mercredi, 14.00h &#8211; 15.30h<\/p>\n<p>&nbsp;<\/p>\n<p>*UC = unit\u00e9 de cours = 45 minutes<\/p>\n<p>&nbsp;<\/p>\n<p><\/p>","protected":false},"excerpt":{"rendered":"<p>Si vous \u00eates \u00e9tudiant, immatricul\u00e9 ou au moins pr\u00e9inscrit \u00e0 une universit\u00e9, une \u00e9cole sup\u00e9rieure ou une \u00e9cole professionnelle \u00e0 Munich, vous pouvez suivre nos cours d\u2019allemand pour un tarif avantageux. Pour les jeunes gens au pair : veuillez pr\u00e9senter votre carte au pair ou une attestation de votre famille au pair. Cours d\u2019allemand pour [&hellip;]<\/p>\n","protected":false},"author":2,"featured_media":0,"parent":202,"menu_order":0,"comment_status":"closed","ping_status":"closed","template":"","meta":{"footnotes":""},"aioseo_notices":[],"_links":{"self":[{"href":"https:\/\/www.sprachboerse.de\/fr\/wp-json\/wp\/v2\/pages\/1569"}],"collection":[{"href":"https:\/\/www.sprachboerse.de\/fr\/wp-json\/wp\/v2\/pages"}],"about":[{"href":"https:\/\/www.sprachboerse.de\/fr\/wp-json\/wp\/v2\/types\/page"}],"author":[{"embeddable":true,"href":"https:\/\/www.sprachboerse.de\/fr\/wp-json\/wp\/v2\/users\/2"}],"replies":[{"embeddable":true,"href":"https:\/\/www.sprachboerse.de\/fr\/wp-json\/wp\/v2\/comments?post=1569"}],"version-history":[{"count":7,"href":"https:\/\/www.sprachboerse.de\/fr\/wp-json\/wp\/v2\/pages\/1569\/revisions"}],"predecessor-version":[{"id":1591,"href":"https:\/\/www.sprachboerse.de\/fr\/wp-json\/wp\/v2\/pages\/1569\/revisions\/1591"}],"up":[{"embeddable":true,"href":"https:\/\/www.sprachboerse.de\/fr\/wp-json\/wp\/v2\/pages\/202"}],"wp:attachment":[{"href":"https:\/\/www.sprachboerse.de\/fr\/wp-json\/wp\/v2\/media?parent=1569"}],"curies":[{"name":"wp","href":"https:\/\/api.w.org\/{rel}","templated":true}]}}