{"id":14,"date":"2012-08-02T10:42:17","date_gmt":"2012-08-02T08:42:17","guid":{"rendered":""},"modified":"2020-08-14T12:00:34","modified_gmt":"2020-08-14T10:00:34","slug":"impressum","status":"publish","type":"page","link":"https:\/\/www.sprachboerse.de\/fr\/impressum\/","title":{"rendered":"Mentions l\u00e9gales"},"content":{"rendered":"<p><\/p>\n<p><strong>ABC Sprachb\u00f6rse M\u00fcnchen<\/strong><\/p>\n<p>T\u00fcrkenstr. 72<br \/>\n80799 M\u00fcnchen<br \/>\nDeutschland<\/p>\n<p>verantwortlich gem\u00e4\u00df \u00a7 5 TMG:<br \/>\nFrank Peter Heinzmann<\/p>\n<p>welcome@sprachboerse.de<br \/>\nTel +49 (0)89 \/\u00a02102 9725<\/p>\n<p><strong>Mentions l\u00e9gales<\/strong><br \/>\nwww.sprachboerse n\u2019est en aucun cas responsable du contenu des liens externes. Pour l\u2019exactitude du contenu www.sprachboerse.de ne peut pas \u00eatre tenu responsable.<\/p>\n<p><\/p>","protected":false},"excerpt":{"rendered":"<p>ABC Sprachb\u00f6rse M\u00fcnchen T\u00fcrkenstr. 72 80799 M\u00fcnchen Deutschland verantwortlich gem\u00e4\u00df \u00a7 5 TMG: Frank Peter Heinzmann welcome@sprachboerse.de Tel +49 (0)89 \/\u00a02102 9725 Mentions l\u00e9gales www.sprachboerse n\u2019est en aucun cas responsable du contenu des liens externes. Pour l\u2019exactitude du contenu www.sprachboerse.de ne peut pas \u00eatre tenu responsable.<\/p>\n","protected":false},"author":1,"featured_media":0,"parent":0,"menu_order":0,"comment_status":"closed","ping_status":"closed","template":"","meta":{"footnotes":""},"aioseo_notices":[],"_links":{"self":[{"href":"https:\/\/www.sprachboerse.de\/fr\/wp-json\/wp\/v2\/pages\/14"}],"collection":[{"href":"https:\/\/www.sprachboerse.de\/fr\/wp-json\/wp\/v2\/pages"}],"about":[{"href":"https:\/\/www.sprachboerse.de\/fr\/wp-json\/wp\/v2\/types\/page"}],"author":[{"embeddable":true,"href":"https:\/\/www.sprachboerse.de\/fr\/wp-json\/wp\/v2\/users\/1"}],"replies":[{"embeddable":true,"href":"https:\/\/www.sprachboerse.de\/fr\/wp-json\/wp\/v2\/comments?post=14"}],"version-history":[{"count":27,"href":"https:\/\/www.sprachboerse.de\/fr\/wp-json\/wp\/v2\/pages\/14\/revisions"}],"predecessor-version":[{"id":1357,"href":"https:\/\/www.sprachboerse.de\/fr\/wp-json\/wp\/v2\/pages\/14\/revisions\/1357"}],"wp:attachment":[{"href":"https:\/\/www.sprachboerse.de\/fr\/wp-json\/wp\/v2\/media?parent=14"}],"curies":[{"name":"wp","href":"https:\/\/api.w.org\/{rel}","templated":true}]}}