{"id":10,"date":"2012-07-30T14:10:29","date_gmt":"2012-07-30T12:10:29","guid":{"rendered":""},"modified":"2024-02-16T23:20:21","modified_gmt":"2024-02-16T21:20:21","slug":"deutsch-sprachkursedeutsch-abendkurse","status":"publish","type":"page","link":"https:\/\/www.sprachboerse.de\/fr\/deutsch-sprachkurse\/deutsch-sprachkursedeutsch-abendkurse\/","title":{"rendered":"Programme de cours d\u2019allemand du soir \u00e0 Munich"},"content":{"rendered":"<p><\/p>\n<p>Vous cherchez un cours du soir? Dans nos cours d\u2019allemand en soir\u00e9e vous travaillez dans des petits groupes avec des enseignants engag\u00e9s et dans une atmosph\u00e8re familiale. Nos cours en groupes sont tr\u00e8s internationaux et \u00e0 des tarifs incomparables.<\/p>\n<p><strong>Cours d\u2019allemand du soir<\/strong><\/p>\n<p><strong>Niveaux \u00e9l\u00e9mentaires d&rsquo;allemand A1\/A2<\/strong><\/p>\n<p>6UC*\/semaine. <strong>Niveau A1.1<\/strong><\/p>\n<p>Mardi + Jeudi, 18.30h &#8211; 21.00h<\/p>\n<p>470,00 \u20ac\/8 semaines<\/p>\n<p>&nbsp;<\/p>\n<p>4UC*\/semaine. <strong>Niveau A2<\/strong><\/p>\n<p>Lundi + Mercredi, 18.30h &#8211; 21.00h<\/p>\n<p>470,00\/8 semaines<\/p>\n<p><a href=\"dates-prix-cours-allemand\">Horaires et tarifs<\/a><\/p>\n<p>&nbsp;<\/p>\n<p><strong>Niveaux interm\u00e9diaires\u00a0d&rsquo;allemand B1\/B2<\/strong><\/p>\n<p>6 UC*\/semaine. <strong>Niveau B1<\/strong><\/p>\n<p>Mardi + Jeudi, 18.15h &#8211; 20.30h<\/p>\n<p>495,00 \u20ac\/12 semaines<\/p>\n<p>&nbsp;<\/p>\n<p>4 UC*\/semaine. <strong>Niveau B2<\/strong><\/p>\n<p>Lundi\u00a0+ Mercredi,\u00a019.00h \u2013 20.30h<\/p>\n<p>495,00 \u20ac\/12 semaines<\/p>\n<p>&nbsp;<\/p>\n<p><a href=\"dates-prix-cours-allemand\">Horaires et tarifs<\/a><\/p>\n<p>&nbsp;<\/p>\n<p><strong>Niveau avanc\u00e9<span lang=\"fr\">\u00e9<\/span>\u00a0d&rsquo;allemand\u00a0C1<\/strong><\/p>\n<p>4 UC*\/semaine. <strong>Niveau C1<\/strong><\/p>\n<p>Mardi\u00a0+ Jeudi,\u00a019.00h \u2013 20.30h<\/p>\n<p>495,00 \u20ac\/12 semaines<\/p>\n<p><a href=\"dates-prix-cours-allemand\">Horaires et tarifs<\/a><\/p>\n<p>&nbsp;<\/p>\n<p><strong>Cours d\u2019allemand interm\u00e9diaire + avanc\u00e9 du soir PLUS<\/strong><\/p>\n<p>8 UC*\/semaine. <strong>Niveau B2<\/strong> +\u00a0<strong>C1<\/strong><\/p>\n<p>Lundi &#8211; Jeudi,\u00a019.00h \u2013 20.30h<\/p>\n<p>580,00 \u20ac\/8 semaines, 870,00 \u20ac\/12 semaines<\/p>\n<p><a href=\"dates-prix-cours-allemand\">Horaires et tarifs<\/a><\/p>\n<p>&nbsp;<\/p>\n<p>*UC = unit\u00e9 de cours = 45 minutes<\/p>\n<p><\/p>","protected":false},"excerpt":{"rendered":"<p>Vous cherchez un cours du soir? Dans nos cours d\u2019allemand en soir\u00e9e vous travaillez dans des petits groupes avec des enseignants engag\u00e9s et dans une atmosph\u00e8re familiale. Nos cours en groupes sont tr\u00e8s internationaux et \u00e0 des tarifs incomparables. Cours d\u2019allemand du soir Niveaux \u00e9l\u00e9mentaires d&rsquo;allemand A1\/A2 6UC*\/semaine. Niveau A1.1 Mardi + Jeudi, 18.30h &#8211; [&hellip;]<\/p>\n","protected":false},"author":1,"featured_media":0,"parent":202,"menu_order":0,"comment_status":"closed","ping_status":"closed","template":"","meta":{"footnotes":""},"aioseo_notices":[],"_links":{"self":[{"href":"https:\/\/www.sprachboerse.de\/fr\/wp-json\/wp\/v2\/pages\/10"}],"collection":[{"href":"https:\/\/www.sprachboerse.de\/fr\/wp-json\/wp\/v2\/pages"}],"about":[{"href":"https:\/\/www.sprachboerse.de\/fr\/wp-json\/wp\/v2\/types\/page"}],"author":[{"embeddable":true,"href":"https:\/\/www.sprachboerse.de\/fr\/wp-json\/wp\/v2\/users\/1"}],"replies":[{"embeddable":true,"href":"https:\/\/www.sprachboerse.de\/fr\/wp-json\/wp\/v2\/comments?post=10"}],"version-history":[{"count":86,"href":"https:\/\/www.sprachboerse.de\/fr\/wp-json\/wp\/v2\/pages\/10\/revisions"}],"predecessor-version":[{"id":1579,"href":"https:\/\/www.sprachboerse.de\/fr\/wp-json\/wp\/v2\/pages\/10\/revisions\/1579"}],"up":[{"embeddable":true,"href":"https:\/\/www.sprachboerse.de\/fr\/wp-json\/wp\/v2\/pages\/202"}],"wp:attachment":[{"href":"https:\/\/www.sprachboerse.de\/fr\/wp-json\/wp\/v2\/media?parent=10"}],"curies":[{"name":"wp","href":"https:\/\/api.w.org\/{rel}","templated":true}]}}