{"id":46,"date":"2012-09-05T14:29:30","date_gmt":"2012-09-05T12:29:30","guid":{"rendered":""},"modified":"2015-12-02T14:10:49","modified_gmt":"2015-12-02T12:10:49","slug":"deutsch-sprachkursewirtschaftsdeutsch","status":"publish","type":"page","link":"https:\/\/www.sprachboerse.de\/es\/deutsch-sprachkurse\/deutsch-sprachkursewirtschaftsdeutsch\/","title":{"rendered":"Alem\u00e1n econ\u00f3mico y alem\u00e1n para la profesi\u00f3n"},"content":{"rendered":"<p><\/p>\n<p><p>Nuestra academia de idiomas en M\u00fanich ofrece clases particulares en alem\u00e1n econ\u00f3mico y para la profesi\u00f3n. Para ello identificaremos sus metas personales de aprendizaje y le crearemos un plan de formaci\u00f3n personalizado.<\/p>\n<p>Dejamos la elecci\u00f3n de las fechas y frecuencia de las clases a su conveniencia.\u00a0 A estos efectos, le preparamos con correspondencia de negocios, llamadas telef\u00f3nicas, vocabulario, frases t\u00edpicamente usadas en su profesi\u00f3n,\u00a0 escribiendo y hablando.<\/p>\n<p>Nuestra academia de idiomas ofrece asequibles paquetes completos. Pueden solicitar asimismo clases particulares en bloque e incluso en s\u00e1bados. Ofrecemos igualmente descuentos en el caso de que deseen traer un compa\u00f1ero de aprendizaje a las clases.<\/p>\n<\/p>\n<p><\/p>","protected":false},"excerpt":{"rendered":"<p>Nuestra academia de idiomas en M\u00fanich ofrece clases particulares en alem\u00e1n econ\u00f3mico y para la profesi\u00f3n. Para ello identificaremos sus metas personales de aprendizaje y le crearemos un plan de formaci\u00f3n personalizado. Dejamos la elecci\u00f3n de las fechas y frecuencia de las clases a su conveniencia.\u00a0 A estos efectos, le preparamos con correspondencia de negocios, [&hellip;]<\/p>\n","protected":false},"author":1,"featured_media":0,"parent":202,"menu_order":0,"comment_status":"closed","ping_status":"closed","template":"","meta":{"footnotes":""},"aioseo_notices":[],"_links":{"self":[{"href":"https:\/\/www.sprachboerse.de\/es\/wp-json\/wp\/v2\/pages\/46"}],"collection":[{"href":"https:\/\/www.sprachboerse.de\/es\/wp-json\/wp\/v2\/pages"}],"about":[{"href":"https:\/\/www.sprachboerse.de\/es\/wp-json\/wp\/v2\/types\/page"}],"author":[{"embeddable":true,"href":"https:\/\/www.sprachboerse.de\/es\/wp-json\/wp\/v2\/users\/1"}],"replies":[{"embeddable":true,"href":"https:\/\/www.sprachboerse.de\/es\/wp-json\/wp\/v2\/comments?post=46"}],"version-history":[{"count":5,"href":"https:\/\/www.sprachboerse.de\/es\/wp-json\/wp\/v2\/pages\/46\/revisions"}],"predecessor-version":[{"id":630,"href":"https:\/\/www.sprachboerse.de\/es\/wp-json\/wp\/v2\/pages\/46\/revisions\/630"}],"up":[{"embeddable":true,"href":"https:\/\/www.sprachboerse.de\/es\/wp-json\/wp\/v2\/pages\/202"}],"wp:attachment":[{"href":"https:\/\/www.sprachboerse.de\/es\/wp-json\/wp\/v2\/media?parent=46"}],"curies":[{"name":"wp","href":"https:\/\/api.w.org\/{rel}","templated":true}]}}