{"id":4,"date":"2012-07-30T10:58:16","date_gmt":"2012-07-30T08:58:16","guid":{"rendered":""},"modified":"2022-08-17T11:48:11","modified_gmt":"2022-08-17T09:48:11","slug":"deutsch-sprachkursedeutschkurs-muenchen","status":"publish","type":"page","link":"https:\/\/www.sprachboerse.de\/es\/deutsch-sprachkurse\/deutsch-sprachkursedeutschkurs-muenchen\/","title":{"rendered":"Cursos de alem\u00e1n en M\u00fanich, Alemania"},"content":{"rendered":"<div class=\"fusion-fullwidth fullwidth-box fusion-fullwidth-1  fusion-parallax-none nonhundred-percent-fullwidth\" style=\"border-color:#eae9e9;border-bottom-width: 0px;border-top-width: 0px;border-bottom-style: solid;border-top-style: solid;padding-bottom:20px;padding-top:20px;padding-left:px;padding-right:px;\"><style type=\"text\/css\" scoped=\"scoped\">.fusion-fullwidth-1 {\n                            padding-left: px !important;\n                            padding-right: px !important;\n                        }<\/style><div class=\"fusion-row\"><div class=\"fusion-one-full fusion-layout-column fusion-column-last fusion-spacing-yes\" style=\"margin-top:0px;margin-bottom:20px;\"><div class=\"fusion-column-wrapper\"><p>Die drei wichtigsten Gr\u00fcnde f\u00fcr Deutschkurse in M\u00fcnchen:<\/p>\n<ol>\n<li>Der Deutschkurs hat maximal 12 Teilnehmer. Sie kommen zu Wort!<\/li>\n<li>Das Preis-Leistungsverh\u00e4ltnis der Deutschkurse ist unvergleichlich gut, vergleichen\/pr\u00fcfen Sie selbst!<\/li>\n<li>Die Deutsch-Sprachkurse werden von bestens ausgebildeten und engagierten Sprachtrainern geleitet, die jeden Sprachstudenten im Auge behalten. Die Dozenten haben alle einen Hochschulabschluss und Erfahrung im Umgang mit ausl\u00e4ndischen Sprachstudenten &#8211; Sie werden verstanden!<\/li>\n<\/ol>\n<div class=\"fusion-clearfix\"><\/div><\/div><\/div><div class=\"fusion-clearfix\"><\/div><div class=\"fusion-one-half fusion-layout-column fusion-spacing-no\" style=\"margin-top:0px;margin-bottom:20px;\"><div class=\"fusion-column-wrapper\" style=\"padding:5px;\"><div class=\"fusion-column-table\"><div class=\"fusion-column-tablecell\"><span class=\"fusion-imageframe imageframe-none imageframe-1 hover-type-none\"> <img decoding=\"async\" src=\"https:\/\/www.sprachboerse.de\/wp-content\/uploads\/2012\/07\/Bootstour2.jpg\" alt=\"\" class=\"img-responsive\"\/><\/span><div class=\"fusion-clearfix\"><\/div><\/div><\/div><\/div><\/div><div class=\"fusion-one-half fusion-layout-column fusion-column-last fusion-spacing-yes\" style=\"margin-top:0px;margin-bottom:20px;\"><div class=\"fusion-column-wrapper\" style=\"padding:5px;\"><span class=\"fusion-imageframe imageframe-none imageframe-2 hover-type-none\"> <img decoding=\"async\" src=\"https:\/\/www.sprachboerse.de\/wp-content\/uploads\/2012\/07\/Wei\u00dfwurstfr\u00fchst\u00fcck.jpg\" alt=\"\" class=\"img-responsive\"\/><\/span><div class=\"fusion-clearfix\"><\/div><\/div><\/div><div class=\"fusion-clearfix\"><\/div><div class=\"fusion-one-full fusion-layout-column fusion-column-last fusion-spacing-yes\" style=\"margin-top:0px;margin-bottom:0px;\"><div class=\"fusion-column-wrapper\"><p><\/p>\n<div class=\"fusion-clearfix\"><\/div><\/div><\/div><div class=\"fusion-clearfix\"><\/div><\/div><\/div><div class=\"fusion-fullwidth fullwidth-box fusion-fullwidth-2  fusion-parallax-none nonhundred-percent-fullwidth\" style=\"border-color:#eae9e9;border-bottom-width: 0px;border-top-width: 0px;border-bottom-style: solid;border-top-style: solid;padding-bottom:20px;padding-top:0px;padding-left:px;padding-right:px;\"><style type=\"text\/css\" scoped=\"scoped\">.fusion-fullwidth-2 {\n                            padding-left: px !important;\n                            padding-right: px !important;\n                        }<\/style><div class=\"fusion-row\"><div class=\"fusion-one-half fusion-layout-column fusion-spacing-no\" style=\"margin-top:0px;margin-bottom:20px;\"><div class=\"fusion-column-wrapper\" style=\"padding:5px;\"><span class=\"fusion-imageframe imageframe-none imageframe-3 hover-type-none\"> <img decoding=\"async\" src=\"https:\/\/www.sprachboerse.de\/wp-content\/uploads\/2012\/07\/deutschintensivkurs-muenchen.jpg\" alt=\"\" class=\"img-responsive\"\/><\/span><div class=\"fusion-clearfix\"><\/div><\/div><\/div><div class=\"fusion-one-half fusion-layout-column fusion-column-last fusion-spacing-no\" style=\"margin-top:0px;margin-bottom:20px;\"><div class=\"fusion-column-wrapper\" style=\"padding:5px;\"><span class=\"fusion-imageframe imageframe-none imageframe-4 hover-type-none\"> <img decoding=\"async\" src=\"https:\/\/www.sprachboerse.de\/wp-content\/uploads\/2012\/07\/deutschkurs-muenchen.jpg\" alt=\"\" class=\"img-responsive\"\/><\/span><div class=\"fusion-clearfix\"><\/div><\/div><\/div><div class=\"fusion-clearfix\"><\/div><\/div><\/div><p><\/p>\n<p><strong>Tres razones importantes para inscribirse en los cursos de alem\u00e1n<\/strong><\/p>\n<ol>\n<li>Los cursos de alem\u00e1n tienen como m\u00e1ximo 12 alumnos por clase , por lo que Vd. podr\u00e1 participar activamente.<\/li>\n<li>La relaci\u00f3n precio-calidad de los cursos de alem\u00e1n es insuperable.!Compru\u00e9belo Vd. mismo!<\/li>\n<li>Nuestro equipo de profesores posee una alta cualificaci\u00f3n (son licenciados) y una gran experiencia en la ense\u00f1anza del alem\u00e1n a estudiantes extranjeros. !Estamos para atenderle en sus dificultades!<\/li>\n<li>Con el curso intensivo de ma\u00f1ana (20 lecciones\/semana) puede solicitar o ampliar un visado como estudiante de idiomas (visado de idiomas para participar en un curso de alem\u00e1n)!<\/li>\n<\/ol>\n<p>Le ofrecemos cursos de alem\u00e1n con diferentes niveles, elemental (Grundstufe), intermedio (Mittelstufe) y superior (Oberstufe); nivel A1 hasta el nivel C2.<\/p>\n<p>Le preparamos, para los m\u00e1s importantes ex\u00e1menes de alem\u00e1n, como el Certificado del Instituto Goethe B1 (Zertifikat Deutsch), C1(Zentrale Mittelstufenpr\u00fcfung) y C2 (Zentrale Oberstufenpr\u00fcfung), como tambi\u00e9n para el test Daf, DSH, el Kleine Deutsche Sprachdiplom y el Gro\u00dfe Deutsche Sprachdiplom.<\/p>\n<p>Le ofrecemos cursos intensivos de alem\u00e1n, cursos intensivos PLUS, y cursos por la tarde.<\/p>\n<p>Desde hace muchos a\u00f1os ofrecemos cursos de alem\u00e1n en verano con un amplio programa de actividades para nuestros clientes internacionales.<\/p>\n<p>Tambien puede Vd. decidirse por un curso de alem\u00e1n de empresa con vocabulario espec\u00edfico y conversaci\u00f3n.<\/p>\n<p>Le ofrecemos tambi\u00e9n clases de alem\u00e1n individuales que se ajusten a sus deseos personales.<\/p>\n<p>Le ofrecemos cursos de alem\u00e1n para empresas. Nosotros nos desplazamos a donde Vd. est\u00e9.<\/p>\n<p><strong>Nuestros cursos de alem\u00e1n son flexibles en cada nivel. <\/strong>Puede aprender con m\u00e1s rapidez, o de una forma m\u00e1s relajada dentro de los niveles elemental, intermedio o superior, y cambiar de nivel seg\u00fan sus conocimientos.<\/p>\n<p><\/p>","protected":false},"excerpt":{"rendered":"","protected":false},"author":1,"featured_media":0,"parent":202,"menu_order":0,"comment_status":"closed","ping_status":"closed","template":"","meta":{"footnotes":""},"aioseo_notices":[],"_links":{"self":[{"href":"https:\/\/www.sprachboerse.de\/es\/wp-json\/wp\/v2\/pages\/4"}],"collection":[{"href":"https:\/\/www.sprachboerse.de\/es\/wp-json\/wp\/v2\/pages"}],"about":[{"href":"https:\/\/www.sprachboerse.de\/es\/wp-json\/wp\/v2\/types\/page"}],"author":[{"embeddable":true,"href":"https:\/\/www.sprachboerse.de\/es\/wp-json\/wp\/v2\/users\/1"}],"replies":[{"embeddable":true,"href":"https:\/\/www.sprachboerse.de\/es\/wp-json\/wp\/v2\/comments?post=4"}],"version-history":[{"count":36,"href":"https:\/\/www.sprachboerse.de\/es\/wp-json\/wp\/v2\/pages\/4\/revisions"}],"predecessor-version":[{"id":1520,"href":"https:\/\/www.sprachboerse.de\/es\/wp-json\/wp\/v2\/pages\/4\/revisions\/1520"}],"up":[{"embeddable":true,"href":"https:\/\/www.sprachboerse.de\/es\/wp-json\/wp\/v2\/pages\/202"}],"wp:attachment":[{"href":"https:\/\/www.sprachboerse.de\/es\/wp-json\/wp\/v2\/media?parent=4"}],"curies":[{"name":"wp","href":"https:\/\/api.w.org\/{rel}","templated":true}]}}