{"id":35,"date":"2012-08-31T10:18:25","date_gmt":"2012-08-31T08:18:25","guid":{"rendered":""},"modified":"2015-12-02T15:15:55","modified_gmt":"2015-12-02T13:15:55","slug":"deutsch-sprachkursevisum-informationen-deutschland","status":"publish","type":"page","link":"https:\/\/www.sprachboerse.de\/es\/deutsch-sprachkurse\/deutsch-sprachkursevisum-informationen-deutschland\/","title":{"rendered":"Informaciones sobre el visado para aprender alem\u00e1n"},"content":{"rendered":"<p><\/p>\n<p><p>ISi Vd. no es ciudadano de la UE, de los EE.UU., de Australia o de Jap\u00f3n, necesitar\u00e1 un visado para poder aprender alem\u00e1n en Alemania.<\/p>\n<p>Aqu\u00ed puede encontrar las informaciones m\u00e1s importantes para la solicitud de su visado: <a href=\"http:\/\/www.auswaertiges-amt.de\/DE\/EinreiseUndAufenthalt\/Visabestimmungen_node.html\" target=\"_blank\">Ausw\u00e4rtiges Amt<\/a> y <a href=\"http:\/\/www.auswaertiges-amt.de\/DE\/Laenderinformationen\/03-WebseitenAV\/Uebersicht.html\" target=\"_blank\">Auslandsvertretungen<\/a>.<\/p>\n<p>Tenga en cuenta que con un visado tur\u00edstico solo puede permanecer 3 meses en Alemania y no es posible prolongarlo.<\/p>\n<p>Para conseguir un visado, necesita Vd. el comprobante de estar inscrito en un curso intensivo de alem\u00e1n de por lo menos 20 horas a la semana. Por lo general, se exige el pago del 50% de la matr\u00edcula del curso. Algunos paises exigen el pago completo por anticipado.<\/p>\n<p>Tambi\u00e9n se necesita para el visado un seguro de enfermedad. V\u00e9a por ejemplo el siguiente <a href=\"http:\/\/www.care-concept.de\/krankenversicherung\/sprachschueler_und_studenten\/auslaendische_studenten_versicherung_e-antrag.php?vmnr=000708000S&amp;mail=welcome@sprachboerse.de\" target=\"_blank\">Care Concept<\/a>.<\/p>\n<p>Para asuntos financieros, consulte con su banco.<\/p>\n<p>Los tr\u00e1mites del visado duran por lo general de 6 a 8 semanas. Le aconsejamos que haga su solicitud tres meses antes del comienzo del curso.<\/p>\n<p>Les rogamos lean nuestras <a href=\"..\/inscripcion-en-un-curso-de-aleman-de-la-escuela-sprachboerse\">condiciones de contrato<\/a>.<\/p>\n<\/p>\n<p><\/p>","protected":false},"excerpt":{"rendered":"<p>ISi Vd. no es ciudadano de la UE, de los EE.UU., de Australia o de Jap\u00f3n, necesitar\u00e1 un visado para poder aprender alem\u00e1n en Alemania. Aqu\u00ed puede encontrar las informaciones m\u00e1s importantes para la solicitud de su visado: Ausw\u00e4rtiges Amt y Auslandsvertretungen. Tenga en cuenta que con un visado tur\u00edstico solo puede permanecer 3 meses [&hellip;]<\/p>\n","protected":false},"author":1,"featured_media":0,"parent":202,"menu_order":0,"comment_status":"closed","ping_status":"closed","template":"","meta":{"footnotes":""},"aioseo_notices":[],"_links":{"self":[{"href":"https:\/\/www.sprachboerse.de\/es\/wp-json\/wp\/v2\/pages\/35"}],"collection":[{"href":"https:\/\/www.sprachboerse.de\/es\/wp-json\/wp\/v2\/pages"}],"about":[{"href":"https:\/\/www.sprachboerse.de\/es\/wp-json\/wp\/v2\/types\/page"}],"author":[{"embeddable":true,"href":"https:\/\/www.sprachboerse.de\/es\/wp-json\/wp\/v2\/users\/1"}],"replies":[{"embeddable":true,"href":"https:\/\/www.sprachboerse.de\/es\/wp-json\/wp\/v2\/comments?post=35"}],"version-history":[{"count":6,"href":"https:\/\/www.sprachboerse.de\/es\/wp-json\/wp\/v2\/pages\/35\/revisions"}],"predecessor-version":[{"id":638,"href":"https:\/\/www.sprachboerse.de\/es\/wp-json\/wp\/v2\/pages\/35\/revisions\/638"}],"up":[{"embeddable":true,"href":"https:\/\/www.sprachboerse.de\/es\/wp-json\/wp\/v2\/pages\/202"}],"wp:attachment":[{"href":"https:\/\/www.sprachboerse.de\/es\/wp-json\/wp\/v2\/media?parent=35"}],"curies":[{"name":"wp","href":"https:\/\/api.w.org\/{rel}","templated":true}]}}