{"id":3,"date":"2012-07-30T10:56:42","date_gmt":"2012-07-30T08:56:42","guid":{"rendered":""},"modified":"2019-09-04T18:03:52","modified_gmt":"2019-09-04T16:03:52","slug":"fremdsprachenkursefremdsprachen-muenchen","status":"publish","type":"page","link":"https:\/\/www.sprachboerse.de\/es\/fremdsprachenkurse\/fremdsprachenkursefremdsprachen-muenchen\/","title":{"rendered":"Cursos de idiomas[it]Corsi di lingua"},"content":{"rendered":"<div class=\"fusion-one-full fusion-layout-column fusion-column-last fusion-spacing-yes\" style=\"margin-top:0px;margin-bottom:20px;\"><div class=\"fusion-column-wrapper\"><p><br \/>\nIdiomas del mundo en Munich &#8211; Ofrecemos cursos de ingl\u00e9s, cursos de franc\u00e9s, cursos de idioma espa\u00f1ol, clases de italiano y griego, h\u00fangaro, japon\u00e9s. Ya sea como jugador, tur\u00edstica global o de inter\u00e9s en la comunicaci\u00f3n intercultural &#8211; conocimientos de idiomas extranjeros son una gran ventaja en el trabajo y de vacaciones. Mejoran las cualificaciones profesionales que facilitan la b\u00fasqueda de empleo y promuevan la comprensi\u00f3n del pa\u00eds y la gente en casa y en el extranjero.<\/p>\n<p>\u00bfQu\u00e9 forma de aprendizaje es el mejor para usted? Ofrecemos cursos de idiomas en ingl\u00e9s, japon\u00e9s, espa\u00f1ol, italiano y griego, h\u00fangaro, franc\u00e9s para empresas y particulares, en la formaci\u00f3n sencillas y dobles y en peque\u00f1os grupos de 3 a un m\u00e1ximo de 7 participantes. O reservar el curso de lengua extranjera \u00aball-in\u00bb: La formaci\u00f3n individual, materiales de ense\u00f1anza, pel\u00edcula autoadhesiva para su hogar en la pared y CD sobre la marcha.<\/p>\n<p>Alta calidad, larga experiencia y una relaci\u00f3n precio-rendimiento equilibrado nos distinguen. Renombrados corporativos, empresas e instituciones de formaci\u00f3n M\u00fanich incluyen, entre muchos ciudadanos de Munich de nuestros clientes satisfechos, a menudo de larga data.<\/p>\n<p>Nuestros cursos de idiomas extranjeros en Ingl\u00e9s, franc\u00e9s, espa\u00f1ol, italiano, griego, h\u00fangaro y japon\u00e9s se llevar\u00e1n a cabo en las aulas modernas en el centro de M\u00fanich. O nos dirigimos a ustedes en la empresa.<\/p>\n<p>Nuestros profesores de idiomas \/ interior de lenguas extranjeras son altamente calificados, motivados y con experiencia en la ense\u00f1anza de su pa\u00eds de la lengua \/ nativo.<\/p>\n<p>Ellos quieren aprender Ingl\u00e9s, franc\u00e9s, espa\u00f1ol, italiano, griego, h\u00fangaro o japon\u00e9s o mejorar su nivel del idioma?<\/p>\n<p>El ABC de Intercambio de Idiomas en Munich ayuda.<\/p>\n<p><\/p>\n<div class=\"fusion-clearfix\"><\/div><\/div><\/div><div class=\"fusion-clearfix\"><\/div>","protected":false},"excerpt":{"rendered":"","protected":false},"author":1,"featured_media":0,"parent":201,"menu_order":0,"comment_status":"closed","ping_status":"closed","template":"","meta":{"footnotes":""},"aioseo_notices":[],"_links":{"self":[{"href":"https:\/\/www.sprachboerse.de\/es\/wp-json\/wp\/v2\/pages\/3"}],"collection":[{"href":"https:\/\/www.sprachboerse.de\/es\/wp-json\/wp\/v2\/pages"}],"about":[{"href":"https:\/\/www.sprachboerse.de\/es\/wp-json\/wp\/v2\/types\/page"}],"author":[{"embeddable":true,"href":"https:\/\/www.sprachboerse.de\/es\/wp-json\/wp\/v2\/users\/1"}],"replies":[{"embeddable":true,"href":"https:\/\/www.sprachboerse.de\/es\/wp-json\/wp\/v2\/comments?post=3"}],"version-history":[{"count":7,"href":"https:\/\/www.sprachboerse.de\/es\/wp-json\/wp\/v2\/pages\/3\/revisions"}],"predecessor-version":[{"id":1277,"href":"https:\/\/www.sprachboerse.de\/es\/wp-json\/wp\/v2\/pages\/3\/revisions\/1277"}],"up":[{"embeddable":true,"href":"https:\/\/www.sprachboerse.de\/es\/wp-json\/wp\/v2\/pages\/201"}],"wp:attachment":[{"href":"https:\/\/www.sprachboerse.de\/es\/wp-json\/wp\/v2\/media?parent=3"}],"curies":[{"name":"wp","href":"https:\/\/api.w.org\/{rel}","templated":true}]}}