{"id":29,"date":"2012-08-29T10:52:42","date_gmt":"2012-08-29T08:52:42","guid":{"rendered":""},"modified":"2017-08-08T09:40:22","modified_gmt":"2017-08-08T07:40:22","slug":"deutsch-sprachkursegoethe-zertifikat","status":"publish","type":"page","link":"https:\/\/www.sprachboerse.de\/es\/deutsch-sprachkurse\/deutsch-sprachkursegoethe-zertifikat\/","title":{"rendered":"Certificado Goethe"},"content":{"rendered":"<p><\/p>\n<p>En nuestra academia de idiomas en M\u00fanich se le preparara en peque\u00f1os grupos para la obtenci\u00f3n del certificado del Goethe Institut\/telc. Nuestra academia es la indicada independientemente de que usted requiera un certificado \u00a0A1, A2, B1, B2, C1 o el Zertifikat C2.<\/p>\n<p>Preparamos con usted modelos de examen (comprensi\u00f3n de lectura, auditiva, expresi\u00f3n oral y escrita) correspondientes al nivel aspirado.<\/p>\n<p>El examen se presenta en el Instituto Goethe o en la Volkshochschule (universidad popular) en el Gasteig.<\/p>\n<p><\/p>","protected":false},"excerpt":{"rendered":"<p>En nuestra academia de idiomas en M\u00fanich se le preparara en peque\u00f1os grupos para la obtenci\u00f3n del certificado del Goethe Institut\/telc. Nuestra academia es la indicada independientemente de que usted requiera un certificado \u00a0A1, A2, B1, B2, C1 o el Zertifikat C2. Preparamos con usted modelos de examen (comprensi\u00f3n de lectura, auditiva, expresi\u00f3n oral y [&hellip;]<\/p>\n","protected":false},"author":1,"featured_media":0,"parent":202,"menu_order":0,"comment_status":"closed","ping_status":"closed","template":"","meta":{"footnotes":""},"aioseo_notices":[],"_links":{"self":[{"href":"https:\/\/www.sprachboerse.de\/es\/wp-json\/wp\/v2\/pages\/29"}],"collection":[{"href":"https:\/\/www.sprachboerse.de\/es\/wp-json\/wp\/v2\/pages"}],"about":[{"href":"https:\/\/www.sprachboerse.de\/es\/wp-json\/wp\/v2\/types\/page"}],"author":[{"embeddable":true,"href":"https:\/\/www.sprachboerse.de\/es\/wp-json\/wp\/v2\/users\/1"}],"replies":[{"embeddable":true,"href":"https:\/\/www.sprachboerse.de\/es\/wp-json\/wp\/v2\/comments?post=29"}],"version-history":[{"count":8,"href":"https:\/\/www.sprachboerse.de\/es\/wp-json\/wp\/v2\/pages\/29\/revisions"}],"predecessor-version":[{"id":1103,"href":"https:\/\/www.sprachboerse.de\/es\/wp-json\/wp\/v2\/pages\/29\/revisions\/1103"}],"up":[{"embeddable":true,"href":"https:\/\/www.sprachboerse.de\/es\/wp-json\/wp\/v2\/pages\/202"}],"wp:attachment":[{"href":"https:\/\/www.sprachboerse.de\/es\/wp-json\/wp\/v2\/media?parent=29"}],"curies":[{"name":"wp","href":"https:\/\/api.w.org\/{rel}","templated":true}]}}