{"id":25,"date":"2012-08-29T10:47:42","date_gmt":"2012-08-29T08:47:42","guid":{"rendered":""},"modified":"2025-01-11T11:02:52","modified_gmt":"2025-01-11T09:02:52","slug":"deutsch-sprachkursestudienkolleg-muenchen","status":"publish","type":"page","link":"https:\/\/www.sprachboerse.de\/es\/deutsch-sprachkurse\/deutsch-sprachkursestudienkolleg-muenchen\/","title":{"rendered":"Studienkolleg M\u00fanich"},"content":{"rendered":"<p><\/p>\n<p>Con los cursos intensivos de nuestra academia de idiomas les entrenamos para el examen de nivel de alem\u00e1n requerido para el acceso al Studienkolleg de M\u00fanich. En nuestro curso de alem\u00e1n practicar\u00e1n con ex\u00e1menes tipo C y ejercicios tanto la planificada redacci\u00f3n de textos como vocabulario y gram\u00e1tica. Nuestros profesores de alem\u00e1n est\u00e1n especializados en la preparaci\u00f3n del examen de acceso al Studienkolleg de M\u00fanich.<\/p>\n<p><img decoding=\"async\" src=\"http:\/\/www.sprachboerse.de\/wp-content\/uploads\/2012\/08\/Grillen2-300x205.jpg\" alt=\"\" \/><\/p>\n<p>Los cursos de alem\u00e1n para la preparaci\u00f3n de este examen de acceso tienen lugar en 18 horas de clase por semana, y ofrecen adem\u00e1s el n\u00famero m\u00ednimo de horas requerido para el visado de estudiante en Alemania.<\/p>\n<p>Gracias al reducido n\u00famero de los grupos en nuestra academia, nuestros estudiantes de alem\u00e1n consiguen, de una manera muy superior a la media, exitosos resultados en la preparaci\u00f3n de este tipo de ex\u00e1menes de acceso.<\/p>\n<p><\/p>","protected":false},"excerpt":{"rendered":"<p>Con los cursos intensivos de nuestra academia de idiomas les entrenamos para el examen de nivel de alem\u00e1n requerido para el acceso al Studienkolleg de M\u00fanich. En nuestro curso de alem\u00e1n practicar\u00e1n con ex\u00e1menes tipo C y ejercicios tanto la planificada redacci\u00f3n de textos como vocabulario y gram\u00e1tica. Nuestros profesores de alem\u00e1n est\u00e1n especializados en [&hellip;]<\/p>\n","protected":false},"author":1,"featured_media":0,"parent":202,"menu_order":0,"comment_status":"closed","ping_status":"closed","template":"","meta":{"footnotes":""},"aioseo_notices":[],"_links":{"self":[{"href":"https:\/\/www.sprachboerse.de\/es\/wp-json\/wp\/v2\/pages\/25"}],"collection":[{"href":"https:\/\/www.sprachboerse.de\/es\/wp-json\/wp\/v2\/pages"}],"about":[{"href":"https:\/\/www.sprachboerse.de\/es\/wp-json\/wp\/v2\/types\/page"}],"author":[{"embeddable":true,"href":"https:\/\/www.sprachboerse.de\/es\/wp-json\/wp\/v2\/users\/1"}],"replies":[{"embeddable":true,"href":"https:\/\/www.sprachboerse.de\/es\/wp-json\/wp\/v2\/comments?post=25"}],"version-history":[{"count":76,"href":"https:\/\/www.sprachboerse.de\/es\/wp-json\/wp\/v2\/pages\/25\/revisions"}],"predecessor-version":[{"id":1626,"href":"https:\/\/www.sprachboerse.de\/es\/wp-json\/wp\/v2\/pages\/25\/revisions\/1626"}],"up":[{"embeddable":true,"href":"https:\/\/www.sprachboerse.de\/es\/wp-json\/wp\/v2\/pages\/202"}],"wp:attachment":[{"href":"https:\/\/www.sprachboerse.de\/es\/wp-json\/wp\/v2\/media?parent=25"}],"curies":[{"name":"wp","href":"https:\/\/api.w.org\/{rel}","templated":true}]}}