{"id":24,"date":"2012-08-29T10:46:57","date_gmt":"2012-08-29T08:46:57","guid":{"rendered":""},"modified":"2025-04-12T21:46:47","modified_gmt":"2025-04-12T19:46:47","slug":"deutsch-sprachkursedsh-muenchen","status":"publish","type":"page","link":"https:\/\/www.sprachboerse.de\/es\/deutsch-sprachkurse\/deutsch-sprachkursedsh-muenchen\/","title":{"rendered":"telc y DSH M\u00fanich"},"content":{"rendered":"<div class=\"fusion-title title fusion-title-size-one\"><h1 class=\"title-heading-left\">\n<p>Wir bereiten auf Telcpr\u00fcfungen vor.<\/p>\n<p>Die n\u00e4chste Pr\u00fcfung telc B1 findet am 31. Mai 2025 und am 18. Oktober 2025 statt.<\/p>\n<p>Die n\u00e4chste Pr\u00fcfung telc B2 findet am 31. Mai 2025 und am 18. Oktober 2025 statt.<\/p>\n<p>Die n\u00e4chste Pr\u00fcfung telc C1 findet am 31. Mai 2025 und am 18. Oktober 2025 statt.<\/p>\n<\/h1><div class=\"title-sep-container\"><div class=\"title-sep sep-double\"><\/div><\/div><\/div><span class=\"fusion-imageframe imageframe-none imageframe-1 hover-type-none\"> <img decoding=\"async\" src=\"https:\/\/www.sprachboerse.de\/wp-content\/uploads\/2018\/04\/201804_sprachboerse_startslider02-300x135.jpg\" alt=\"\" class=\"img-responsive\"\/><\/span><hr \/>\n<p><\/p>\n<div class=\"fusion-one-full fusion-layout-column fusion-column-last fusion-spacing-yes\" style=\"margin-top:0px;margin-bottom:20px;\"><div class=\"fusion-column-wrapper\"><div class=\"fusion-title title fusion-title-size-one\"><h1 class=\"title-heading-left\">Starttermine der n\u00e4chsten Vorbereitungskurse<\/h1><div class=\"title-sep-container\"><div class=\"title-sep sep-double\"><\/div><\/div><\/div><div class=\"fusion-clearfix\"><\/div><\/div><\/div><div class=\"fusion-clearfix\"><\/div><div class=\"fusion-one-half fusion-layout-column fusion-spacing-yes\" style=\"margin-top:0px;margin-bottom:20px;\"><div class=\"fusion-column-wrapper\"><div class=\"table-1\">\n<table width=\"100%\">\n<thead>\n<tr>\n<th align=\"left\"><strong>Vorbereitungskurs auf Telc Zertifikat B2<\/strong><\/th>\n<\/tr>\n<\/thead>\n<tbody>\n<tr>\n<td>Datum: jede Woche Montag<\/td>\n<\/tr>\n<tr>\n<td>Uhrzeiten: Mo bis Frei, 10.00 -13.15 Uhr<\/td>\n<\/tr>\n<tr>\n<td>\n<table width=\"100%\">\n<tbody>\n<tr>\n<td>ab 590,00 \u20ac\/4 Wochen<\/td>\n<\/tr>\n<tr>\n<td>ab 1080,00 \u20ac\/8 Wochen<\/td>\n<\/tr>\n<\/tbody>\n<\/table>\n<\/td>\n<\/tr>\n<tr>\n<td>Anmeldung: im B\u00fcro oder per E-Mail an welcome@sprachboerse.de<\/td>\n<\/tr>\n<\/tbody>\n<\/table>\n<\/div>\n<div class=\"fusion-clearfix\"><\/div><\/div><\/div><div class=\"fusion-one-half fusion-layout-column fusion-column-last fusion-spacing-yes\" style=\"margin-top:0px;margin-bottom:20px;\"><div class=\"fusion-column-wrapper\"><div class=\"table-1\">\n<table width=\"100%\">\n<thead>\n<tr>\n<th align=\"left\"><strong>Vorbereitungskurs auf Telc Zertifikat C1<\/strong><\/th>\n<\/tr>\n<\/thead>\n<tbody>\n<tr>\n<td>Start: jede Woche Montag<\/td>\n<\/tr>\n<tr>\n<td>Uhrzeit: Mo bis Frei, 10.00 bis 13.15\u00a0 Uhr<\/td>\n<\/tr>\n<tr>\n<td>ab 590,00 \u20ac\/4 Wochen<\/td>\n<\/tr>\n<tr>\n<td>ab 1080,00 \/8 Wochen<\/td>\n<\/tr>\n<tr>\n<td>Anmeldung: Im Office oder per E-Mail an welcome@sprachboerse.de<\/td>\n<\/tr>\n<\/tbody>\n<\/table>\n<\/div>\n<div class=\"fusion-clearfix\"><\/div><\/div><\/div><div class=\"fusion-clearfix\"><\/div><div class=\"fusion-one-full fusion-layout-column fusion-column-last fusion-spacing-yes\" style=\"margin-top:0px;margin-bottom:20px;\"><div class=\"fusion-column-wrapper\"><p>In der Oberstufe unserer Deutschkurse trainieren wir die Pr\u00fcfung, Telc C1 Hochschule, den TestDaF und die DSH (Wissenschaftssprachliche Strukturen, H\u00f6ren, Lesen und Textproduktion [etwa 200 W\u00f6rter in 60 Minuten]). Sie haben in unserer Sprachschule die M\u00f6glichkeit, Modellteste zu trainieren, die wir korrigieren und besprechen.<\/p>\n<p>Bei der DSH gibt drei Noten:<\/p>\n<ul>\n<li>DSH 1:\u00a0 Insgesamt wurden 57 % der zu erreichenden Punkte erreicht.<\/li>\n<li>DSH 2: Insgesamt wurden 67 % erreicht.<\/li>\n<li>DSH 3: Insgesamt wurden mindestens 82 % erreicht.<\/li>\n<\/ul>\n<p>In der Regel reicht die Note DSH 2 f\u00fcr die Zulassung zu einem Studium an einer deutschen Hochschule.<\/p>\n<a href=\"\/deutsch-sprachkurse\/termine-preise-deutschkurse\/\" class=\"medium square otw-button\">Termine und Preise<\/a>\n<p style=\"text-align: right;\"><a href=\"\/sprachkurs-muenchen-anmeldung\/\" class=\"medium square otw-button\">Jetzt anmelden!<\/a><\/p>\n<div class=\"fusion-clearfix\"><\/div><\/div><\/div><div class=\"fusion-clearfix\"><\/div><div class=\"fusion-one-full fusion-layout-column fusion-column-last fusion-spacing-yes\" style=\"margin-top:0px;margin-bottom:20px;\"><div class=\"fusion-column-wrapper\"><p><\/p>\n<p>Nuestra academia de idiomas en M\u00fanich ofrece cursos avanzados de preparaci\u00f3n para el DSH. En el caso de que usted desee llevar a cabo sus estudios en una instituci\u00f3n de educaci\u00f3n superior alemana le ser\u00e1 requerido, en algunos programas, la presentaci\u00f3n del certificado DSH.<\/p>\n<p>En el nivel superior de nuestro curso de alem\u00e1n, se prepara el examen Telc C1 Hochschule, el examen TestDaF , el examen DSH (Estructura gramatical, comprensi\u00f3n auditiva, de lectura y producci\u00f3n de textos [aproximadamente 200 palabras en 60 minutos]). En nuestra academia usted tendr\u00e1 la posibilidad de practicar mediante modelos de examen, los cuales ser\u00e1n corregidos y discutidos.<\/p>\n<p>Hay tres notas posibles:<\/p>\n<ul>\n<li>DSH 1:\u00a0 Alcanzado un total del 57 % de los puntos.<\/li>\n<li>DSH 2: Alcanzado un total del 67 % de los puntos.<\/li>\n<li>DSH 3: Alcanzado en total al menos un 82% de los puntos.<\/li>\n<\/ul>\n<p>Por regla general, la nota de admisi\u00f3n DSH 2 es necesaria para estudiar en una instituci\u00f3n de educaci\u00f3n superior alemana.<\/p>\n<div class=\"fusion-clearfix\"><\/div><\/div><\/div><div class=\"fusion-clearfix\"><\/div><div class=\"fusion-one-full fusion-layout-column fusion-column-last fusion-spacing-yes\" style=\"margin-top:0px;margin-bottom:20px;\"><div class=\"fusion-column-wrapper\"><p>","protected":false},"excerpt":{"rendered":"","protected":false},"author":1,"featured_media":0,"parent":202,"menu_order":0,"comment_status":"closed","ping_status":"closed","template":"","meta":{"footnotes":""},"aioseo_notices":[],"_links":{"self":[{"href":"https:\/\/www.sprachboerse.de\/es\/wp-json\/wp\/v2\/pages\/24"}],"collection":[{"href":"https:\/\/www.sprachboerse.de\/es\/wp-json\/wp\/v2\/pages"}],"about":[{"href":"https:\/\/www.sprachboerse.de\/es\/wp-json\/wp\/v2\/types\/page"}],"author":[{"embeddable":true,"href":"https:\/\/www.sprachboerse.de\/es\/wp-json\/wp\/v2\/users\/1"}],"replies":[{"embeddable":true,"href":"https:\/\/www.sprachboerse.de\/es\/wp-json\/wp\/v2\/comments?post=24"}],"version-history":[{"count":38,"href":"https:\/\/www.sprachboerse.de\/es\/wp-json\/wp\/v2\/pages\/24\/revisions"}],"predecessor-version":[{"id":1638,"href":"https:\/\/www.sprachboerse.de\/es\/wp-json\/wp\/v2\/pages\/24\/revisions\/1638"}],"up":[{"embeddable":true,"href":"https:\/\/www.sprachboerse.de\/es\/wp-json\/wp\/v2\/pages\/202"}],"wp:attachment":[{"href":"https:\/\/www.sprachboerse.de\/es\/wp-json\/wp\/v2\/media?parent=24"}],"curies":[{"name":"wp","href":"https:\/\/api.w.org\/{rel}","templated":true}]}}