{"id":23,"date":"2012-08-29T10:46:04","date_gmt":"2012-08-29T08:46:04","guid":{"rendered":""},"modified":"2022-04-10T19:39:39","modified_gmt":"2022-04-10T17:39:39","slug":"deutsch-sprachkursetestdaf-muenchen","status":"publish","type":"page","link":"https:\/\/www.sprachboerse.de\/es\/deutsch-sprachkurse\/deutsch-sprachkursetestdaf-muenchen\/","title":{"rendered":"TestDaf de M\u00fanich"},"content":{"rendered":"<p><\/p>\n<p>Los cursos de alem\u00e1n de nuestra academia de idiomas le preparan, en peque\u00f1os grupos, para el TestDaF (Examen de alem\u00e1n como lengua extranjera). Se le entrenar\u00e1 regularmente con ex\u00e1menes modelo; de esta manera usted podr\u00e1 practicar las habilidades requeridas en el TestDaf: comprensi\u00f3n de lectura (tres textos de comprensi\u00f3n de lectura), comprensi\u00f3n auditiva (tres textos de comprensi\u00f3n auditiva), redacci\u00f3n de textos (aproximadamente 200 palabras en 60 minutos) y expresi\u00f3n verbal (siete ejercicios verbales) .<\/p>\n<p>La duraci\u00f3n total del TestDaF es de tres horas.<\/p>\n<p>Hay tres notas posibles:<\/p>\n<ul>\n<li>TestDaf-Niveaustufe 3 (tercer nivel)<\/li>\n<li>TestDaF-Niveaustufe 4 (cuarto nivel)<\/li>\n<li>TestDaF-Niveaustufe 5 (quinto nivel)<\/li>\n<\/ul>\n<p>Estas equivalen, en la escala del marco com\u00fan europeo de referencia para las lenguas, a los niveles B2-C1.<\/p>\n<p>Para la admisi\u00f3n a una instituci\u00f3n de educaci\u00f3n superior alemana es requerida generalmente una nota<br \/>\nde 4.<\/p>\n<p>El examen puede ser presentado en diferentes centros de evaluaci\u00f3n, tales como el Instituto Goethe.<br \/>\nEl precio de inscripci\u00f3n para el examen TestDaf es de 175,00\u20ac.<\/p>\n<p><\/p>","protected":false},"excerpt":{"rendered":"<p>Los cursos de alem\u00e1n de nuestra academia de idiomas le preparan, en peque\u00f1os grupos, para el TestDaF (Examen de alem\u00e1n como lengua extranjera). Se le entrenar\u00e1 regularmente con ex\u00e1menes modelo; de esta manera usted podr\u00e1 practicar las habilidades requeridas en el TestDaf: comprensi\u00f3n de lectura (tres textos de comprensi\u00f3n de lectura), comprensi\u00f3n auditiva (tres textos [&hellip;]<\/p>\n","protected":false},"author":1,"featured_media":0,"parent":202,"menu_order":0,"comment_status":"closed","ping_status":"closed","template":"","meta":{"footnotes":""},"aioseo_notices":[],"_links":{"self":[{"href":"https:\/\/www.sprachboerse.de\/es\/wp-json\/wp\/v2\/pages\/23"}],"collection":[{"href":"https:\/\/www.sprachboerse.de\/es\/wp-json\/wp\/v2\/pages"}],"about":[{"href":"https:\/\/www.sprachboerse.de\/es\/wp-json\/wp\/v2\/types\/page"}],"author":[{"embeddable":true,"href":"https:\/\/www.sprachboerse.de\/es\/wp-json\/wp\/v2\/users\/1"}],"replies":[{"embeddable":true,"href":"https:\/\/www.sprachboerse.de\/es\/wp-json\/wp\/v2\/comments?post=23"}],"version-history":[{"count":18,"href":"https:\/\/www.sprachboerse.de\/es\/wp-json\/wp\/v2\/pages\/23\/revisions"}],"predecessor-version":[{"id":1500,"href":"https:\/\/www.sprachboerse.de\/es\/wp-json\/wp\/v2\/pages\/23\/revisions\/1500"}],"up":[{"embeddable":true,"href":"https:\/\/www.sprachboerse.de\/es\/wp-json\/wp\/v2\/pages\/202"}],"wp:attachment":[{"href":"https:\/\/www.sprachboerse.de\/es\/wp-json\/wp\/v2\/media?parent=23"}],"curies":[{"name":"wp","href":"https:\/\/api.w.org\/{rel}","templated":true}]}}