{"id":1569,"date":"2024-02-15T11:27:47","date_gmt":"2024-02-15T09:27:47","guid":{"rendered":"https:\/\/www.sprachboerse.de\/?page_id=1569"},"modified":"2024-04-21T22:18:00","modified_gmt":"2024-04-21T20:18:00","slug":"deutschkurse-studenten-aupairs","status":"publish","type":"page","link":"https:\/\/www.sprachboerse.de\/es\/deutsch-sprachkurse\/deutschkurse-studenten-aupairs\/","title":{"rendered":"Cursos de alem\u00e1n para estudiantes \/ Au Pair"},"content":{"rendered":"<p><br \/>\nSi est\u00e1 Vd. matriculado o por lo menos inscrito en una universidad, escuela superior o escuela profesional en M\u00fanich, tendr\u00e1 un descuento en todos los cursos de la escuela Sprachb\u00f6rse. Au Pair: Solo tiene que mostrarnos su carnet de Au Pair, o la confirmaci\u00f3n de la familia en donde se aloja.<\/p>\n<p><img decoding=\"async\" src=\"http:\/\/www.sprachboerse.de\/wp-admin\/admin-ajax.php?action=imgedit-preview&amp;_ajax_nonce=13e5d679e1&amp;postid=772&amp;rand=32353\" alt=\"\" \/><\/p>\n<p><strong>Curso de alem\u00e1n para estudiantes \/ Au Pair<\/strong><\/p>\n<p>Curso intensivo<\/p>\n<p>20UE*\/a la semana. <strong>Nivel principiantes-elemental A1 y A2<\/strong><\/p>\n<p>De lunes a viernes 10.00 \u2013 13.15 h.<\/p>\n<p>&nbsp;<\/p>\n<p>&nbsp;<\/p>\n<p><strong>Curso de alem\u00e1n para estudiantes \/ Au Pair<\/strong><\/p>\n<p>Curso intensivo<\/p>\n<p>20UE*\/a la semana. <strong>Nivel intermedio B1 y B2 y nivel superior C1<\/strong><\/p>\n<p>De lunes a viernes 10.00 \u2013 13.15 h. o tardes.<\/p>\n<p>&nbsp;<\/p>\n<p>&nbsp;<\/p>\n<p><strong>Curso de alem\u00e1n para estudiantes \/ Au Pair<\/strong><\/p>\n<p>Curso intensivo PLUS<\/p>\n<p>24UE*\/a la semana. <strong>Nivel intermedio B1 y B2 y nivel superior C1<\/strong><\/p>\n<p>De lunes a viernes, 10.00 \u2013 13.15 h. o tardes,\u00a0lunes +\u00a0mi\u00e9rcoles, 14.00 \u2013 15.30 h.<\/p>\n<p>&nbsp;<\/p>\n<p>*1UE = 1 unidad = 45 minutos.<\/p>\n<p><\/p>","protected":false},"excerpt":{"rendered":"<p>Si est\u00e1 Vd. matriculado o por lo menos inscrito en una universidad, escuela superior o escuela profesional en M\u00fanich, tendr\u00e1 un descuento en todos los cursos de la escuela Sprachb\u00f6rse. Au Pair: Solo tiene que mostrarnos su carnet de Au Pair, o la confirmaci\u00f3n de la familia en donde se aloja. Curso de alem\u00e1n para [&hellip;]<\/p>\n","protected":false},"author":2,"featured_media":0,"parent":202,"menu_order":0,"comment_status":"closed","ping_status":"closed","template":"","meta":{"footnotes":""},"aioseo_notices":[],"_links":{"self":[{"href":"https:\/\/www.sprachboerse.de\/es\/wp-json\/wp\/v2\/pages\/1569"}],"collection":[{"href":"https:\/\/www.sprachboerse.de\/es\/wp-json\/wp\/v2\/pages"}],"about":[{"href":"https:\/\/www.sprachboerse.de\/es\/wp-json\/wp\/v2\/types\/page"}],"author":[{"embeddable":true,"href":"https:\/\/www.sprachboerse.de\/es\/wp-json\/wp\/v2\/users\/2"}],"replies":[{"embeddable":true,"href":"https:\/\/www.sprachboerse.de\/es\/wp-json\/wp\/v2\/comments?post=1569"}],"version-history":[{"count":7,"href":"https:\/\/www.sprachboerse.de\/es\/wp-json\/wp\/v2\/pages\/1569\/revisions"}],"predecessor-version":[{"id":1591,"href":"https:\/\/www.sprachboerse.de\/es\/wp-json\/wp\/v2\/pages\/1569\/revisions\/1591"}],"up":[{"embeddable":true,"href":"https:\/\/www.sprachboerse.de\/es\/wp-json\/wp\/v2\/pages\/202"}],"wp:attachment":[{"href":"https:\/\/www.sprachboerse.de\/es\/wp-json\/wp\/v2\/media?parent=1569"}],"curies":[{"name":"wp","href":"https:\/\/api.w.org\/{rel}","templated":true}]}}