{"id":1,"date":"2012-07-30T10:54:49","date_gmt":"2012-07-30T08:54:49","guid":{"rendered":""},"modified":"2025-07-27T23:55:46","modified_gmt":"2025-07-27T21:55:46","slug":"home","status":"publish","type":"page","link":"https:\/\/www.sprachboerse.de\/es\/","title":{"rendered":"Sprachboerse &#8211; Academia de idiomas en M\u00fanich"},"content":{"rendered":"<p><\/p>\n<p><\/p>\n<p><\/p>\n<p><\/p>\n<p><\/p>\n\n<div class=\"fusion-one-half fusion-layout-column fusion-spacing-yes\" style=\"margin-top:0px;margin-bottom:20px;\"><div class=\"fusion-column-wrapper\"><div class=\"fusion-clearfix\"><\/div><\/div><\/div><p>Would you like to learn German?<\/p>\n<p>Our German intensive courses are in the morning, from Monday to Friday, 10.00-13.15 (20 academic hours per week).\u00a0With this course you can apply for or extend a visa as a language student (language visa for participation in a German course).<\/p>\n<p>Our language school is not very big and for this reason we work in a flexible way. The Sprachb\u00f6rse offers professionality in a friendly environment. We teach efficiently and interactively in small groups and\/or through private lessons. Our classes are modern and fully equipped.<\/p>\n<p>Moreover, our school has excellently qualified teachers with experience. Our price-performance ratio will impress you.<\/p>\n<p>Our partner school is a licensed center to administer exams for language certificates.<\/p>\n<p><\/p>\n<p><\/p>\n<p><\/p>\n<p><\/p>\n<p><\/p>\n<p><\/p>\n<p>\u00bfQuiere aprender alem\u00e1n, ingl\u00e9s, franc\u00e9s, espa\u00f1ol, italiano, griego, ruso, chino, h\u00fangaro o japon\u00e9s? \u00bfSu empresa busca clases de ingl\u00e9s de negocios para sus trabajadores?<\/p>\n<p>Nuestra escuela de idiomas no es muy grande, y precisamente por eso es flexible. Ofrecemos profesionalidad en una atm\u00f3sfera personal. Nuestra ense\u00f1anza es eficiente e interactiva en peque\u00f1os grupos, as\u00ed como absolutamente individual en el entrenamiento particular. Las aulas de las clases son luminosas, grandes y equipadas en un estilo moderno.<\/p>\n<p>Nuestra academia de idiomas cuenta con los profesores m\u00e1s altamente cualificados, que ense\u00f1an con gran experiencia y compromiso. Nuestra lista de precios y servicios le convencer\u00e1.<\/p>\n<p>No perdemos de vista su objetivo de estudios: aprender alem\u00e1n, ingl\u00e9s de negocios u otra lengua, cursos intensivos o clases particulares, hacer frente de manera r\u00e1pida a la lengua extranjera, tanto en M\u00fanich como en el extranjero, tener listo el vocabulario adecuado para la profesi\u00f3n, preparar un examen de nivel de alem\u00e1n para el ingreso a la universidad\u2026 todo esto y mucho m\u00e1s es posible en nuestra academia de idiomas.<\/p>\n<p>Com\u00e9ntenos su meta en el aprendizaje del idioma, en nuestra academia la pueden alcanzar.<\/p>\n<p><\/p>\n<p><\/p>\n<p><\/p>\n<p><\/p>\n<p><\/p>\n<p><\/p>\n<p><br \/>\nNuestra academia de idiomas en M\u00fanich se encuentra en el mismo coraz\u00f3n de Schwabing, directamente al lado de la Universidad. No s\u00f3lo acuden a nuestra escuela quienes deseen aprender alem\u00e1n u otro idioma en una hermosa zona con un ambiente tranquilo, sino tambi\u00e9n quienes se interesan en aprender m\u00e1s sobre la cultura de esa lengua.<\/p>\n<p>En nuestros programas de verano ofrecemos regularmente, junto con nuestros cursos intensivos de alem\u00e1n como lengua extranjera, variadas actividades culturales. De esta manera su curso de alem\u00e1n incluye excursiones a los castillos de Nymphenburg, de Herrenchiemsee y de Neuschwanstein, adem\u00e1s de visitas al museo alem\u00e1n, las pinacotecas, el monumento conmemorativo Wei\u03b2e Rose (rosa blanca) en la Universidad Ludwig-Maximilian, as\u00ed como parrilladas a lado del r\u00edo Isar, almuerzos internacionales en la academia, en los que todos los estudiantes podr\u00e1n traer si lo desean platos de sus pa\u00edses, visitas a la Oktoberfest, tours en bicicleta a trav\u00e9s del Englischer Garten (jard\u00edn ingl\u00e9s), adem\u00e1s de campeonatos de bolos, tenis o ping-pong.<\/p>\n<p>Adem\u00e1s, quien quiera preparar un examen de alem\u00e1n como el TestDaF, DSH, examen de acceso al Studienkolleg de M\u00fanich, el certificado del Goethe Institut o un examen de nivel como el TOEFL o el TOEIC encontrar\u00e1 en nuestra academia el lugar adecuado. En grupos reducidos o, si se desea, en entrenamiento individual, les preparamos profesionalmente para su examen de idiomas.<\/p>\n<p><\/p>\n<p><\/p>\n<p><\/p>\n<p><\/p>\n<div class=\"fusion-clearfix\"><\/div><\/div><\/div><div class=\"fusion-clearfix\"><\/div><div class=\"fusion-image-carousel fusion-image-carousel-fixed lightbox-enabled fusion-carousel-border\"><div class=\"fusion-carousel\" data-autoplay=\"no\" data-columns=\"5\" data-itemmargin=\"13\" data-itemwidth=\"180\" data-touchscroll=\"no\" data-imagesize=\"fixed\"><div class=\"fusion-carousel-positioner\"><ul class=\"fusion-carousel-holder\"><li class=\"fusion-carousel-item\"><div class=\"fusion-carousel-item-wrapper\"><div class=\"fusion-image-wrapper hover-type-none\"><a data-rel=\"iLightbox[gallery_image_1]\" data-title=\"Sprachboerse - Academia de idiomas en M\u00fanich\" href=\"http:\/\/www.sprachboerse.de\/wp-content\/uploads\/2012\/07\/37428_128573063841034_5653380_n-1.jpg\" target=\"_self\"><img decoding=\"async\" src=\"http:\/\/www.sprachboerse.de\/wp-content\/uploads\/2012\/07\/37428_128573063841034_5653380_n-1.jpg\" alt=\"\" \/><\/a><\/div><\/div><\/li><li class=\"fusion-carousel-item\"><div class=\"fusion-carousel-item-wrapper\"><div class=\"fusion-image-wrapper hover-type-none\"><a data-rel=\"iLightbox[gallery_image_1]\" data-title=\"Sprachboerse - Academia de idiomas en M\u00fanich\" href=\"http:\/\/www.sprachboerse.de\/wp-content\/uploads\/2012\/07\/60561_494636160568054_1159782295_n-1.jpg\" target=\"_self\"><img decoding=\"async\" src=\"http:\/\/www.sprachboerse.de\/wp-content\/uploads\/2012\/07\/60561_494636160568054_1159782295_n-1.jpg\" alt=\"\" \/><\/a><\/div><\/div><\/li><li class=\"fusion-carousel-item\"><div class=\"fusion-carousel-item-wrapper\"><div class=\"fusion-image-wrapper hover-type-none\"><a data-rel=\"iLightbox[gallery_image_1]\" data-title=\"Sprachboerse - Academia de idiomas en M\u00fanich\" href=\"http:\/\/www.sprachboerse.de\/wp-content\/uploads\/2012\/07\/168439_187317491299924_6190744_n.jpg\" target=\"_self\"><img decoding=\"async\" src=\"http:\/\/www.sprachboerse.de\/wp-content\/uploads\/2012\/07\/168439_187317491299924_6190744_n.jpg\" alt=\"\" \/><\/a><\/div><\/div><\/li><li class=\"fusion-carousel-item\"><div class=\"fusion-carousel-item-wrapper\"><div class=\"fusion-image-wrapper hover-type-none\"><a data-rel=\"iLightbox[gallery_image_1]\" data-title=\"Sprachboerse - Academia de idiomas en M\u00fanich\" href=\"http:\/\/www.sprachboerse.de\/wp-content\/uploads\/2012\/07\/180027_187316721300001_7255639_n.jpg\" target=\"_self\"><img decoding=\"async\" src=\"http:\/\/www.sprachboerse.de\/wp-content\/uploads\/2012\/07\/180027_187316721300001_7255639_n.jpg\" alt=\"\" \/><\/a><\/div><\/div><\/li><li class=\"fusion-carousel-item\"><div class=\"fusion-carousel-item-wrapper\"><div class=\"fusion-image-wrapper hover-type-none\"><a data-rel=\"iLightbox[gallery_image_1]\" data-title=\"Sprachboerse - Academia de idiomas en M\u00fanich\" href=\"http:\/\/www.sprachboerse.de\/wp-content\/uploads\/2012\/07\/182771_187317204633286_6717084_n.jpg\" target=\"_self\"><img decoding=\"async\" src=\"http:\/\/www.sprachboerse.de\/wp-content\/uploads\/2012\/07\/182771_187317204633286_6717084_n.jpg\" alt=\"\" \/><\/a><\/div><\/div><\/li><li class=\"fusion-carousel-item\"><div class=\"fusion-carousel-item-wrapper\"><div class=\"fusion-image-wrapper hover-type-none\"><a data-rel=\"iLightbox[gallery_image_1]\" data-title=\"Sprachboerse - Academia de idiomas en M\u00fanich\" href=\"http:\/\/www.sprachboerse.de\/wp-content\/uploads\/2012\/07\/296529_262816013750071_209709964_n.jpg\" target=\"_self\"><img decoding=\"async\" src=\"http:\/\/www.sprachboerse.de\/wp-content\/uploads\/2012\/07\/296529_262816013750071_209709964_n.jpg\" alt=\"\" \/><\/a><\/div><\/div><\/li><li class=\"fusion-carousel-item\"><div class=\"fusion-carousel-item-wrapper\"><div class=\"fusion-image-wrapper hover-type-none\"><a data-rel=\"iLightbox[gallery_image_1]\" data-title=\"Sprachboerse - Academia de idiomas en M\u00fanich\" href=\"http:\/\/www.sprachboerse.de\/wp-content\/uploads\/2012\/07\/299312_262817800416559_533463273_n.jpg\" target=\"_self\"><img decoding=\"async\" src=\"http:\/\/www.sprachboerse.de\/wp-content\/uploads\/2012\/07\/299312_262817800416559_533463273_n.jpg\" alt=\"\" \/><\/a><\/div><\/div><\/li><li class=\"fusion-carousel-item\"><div class=\"fusion-carousel-item-wrapper\"><div class=\"fusion-image-wrapper hover-type-none\"><a data-rel=\"iLightbox[gallery_image_1]\" data-title=\"Sprachboerse - Academia de idiomas en M\u00fanich\" href=\"http:\/\/www.sprachboerse.de\/wp-content\/uploads\/2012\/07\/13095981_1168721036492893_4356604244332697372_n.jpg\" target=\"_self\"><img decoding=\"async\" src=\"http:\/\/www.sprachboerse.de\/wp-content\/uploads\/2012\/07\/13095981_1168721036492893_4356604244332697372_n.jpg\" alt=\"\" \/><\/a><\/div><\/div><\/li><\/ul><div class=\"fusion-carousel-nav\"><span class=\"fusion-nav-prev\"><\/span><span class=\"fusion-nav-next\"><\/span><\/div><\/div><\/div><\/div><div class=\"fusion-fullwidth fullwidth-box fusion-fullwidth-2  fusion-parallax-none nonhundred-percent-fullwidth\" style=\"border-color:#eae9e9;border-bottom-width: 0px;border-top-width: 0px;border-bottom-style: solid;border-top-style: solid;padding-bottom:20px;padding-top:20px;padding-left:px;padding-right:px;\"><style type=\"text\/css\" scoped=\"scoped\">.fusion-fullwidth-2 {\n                            padding-left: px !important;\n                            padding-right: px !important;\n                        }<\/style><div class=\"fusion-row\"><p><\/p>\n<p><\/p>\n<p>Aprender alem\u00e1n en Alemania \u00a1por supuesto que en el hermoso sur! En la capital del estado de Baviera, M\u00fanich, justo en el sector universitario, Universit\u00e4t (universidad). Sitio conmemorativo de la \u201crosa blanca\u201d, galer\u00edas de arte, el Museo Brandhorst, el jard\u00edn ingl\u00e9s, agradables caf\u00e9s y bellas tiendas son los vecinos inmediatos de nuestra academia de idiomas en M\u00fanich, el mejor lugar para aprender alem\u00e1n.<\/p>\n<p>Nuestra academia ofrece cursos de alem\u00e1n en peque\u00f1os grupos, atenci\u00f3n personalizada a los estudiantes, preparaci\u00f3n profesional para los ex\u00e1menes, una encantadora atmosfera y una justa relaci\u00f3n calidad y precio.<\/p>\n<p>Aprender alem\u00e1n en M\u00fanich, la ciudad ol\u00edmpica, con famosos museos, generosa oferta cultural, bellos jardines de la cerveza, gastronom\u00eda internacional, el jard\u00edn ingl\u00e9s, hermosos lagos y los Alpes tocando justo a nuestra puerta, aprender alem\u00e1n en la secreta capital de Alemania.<\/p>\n<p>Baviera es el principal destino tur\u00edstico en Alemania. En Baviera usted puede aprender alem\u00e1n a la vez que conoce la m\u00e1s bella de las regiones alemanas, adornada por sus atractivos y bellezas naturales. Los Alpes b\u00e1varos con su pico m\u00e1s alto, el \u201cZugspitze\u201c, a m\u00e1s de 3000 metros sobre el nivel del mar, o el rom\u00e1ntico castillo de ensue\u00f1o de Neuschwanstein, el festival de Salzburgo, el mundialmente famoso \u201cOktoberfest\u201d, esqu\u00ed, vela, senderismo y aprender alem\u00e1n en el centro de M\u00fanich. Aprender alem\u00e1n en Baviera, la mejor elecci\u00f3n.<\/p>\n<p><strong>Excursiones<\/strong>: El museo alem\u00e1n, Olimpiapark (parque ol\u00edmpico), Museo de BMW, festival de Tollwood, Castillo de Nymphenburg, el Bavaria Film Tour entre otras\u2026<\/p>\n<p>Las actividades extraescolares le ayudar\u00e1n a socializar y familiarizarse con la ciudad de M\u00fanich. A su vez reducir\u00e1n sus inhibiciones idiom\u00e1ticas, mientras conoce el d\u00eda a d\u00eda de M\u00fanich y pone en pr\u00e1ctica sus conocimientos de alem\u00e1n. En nuestro muy solicitado programa de verano, \u201caprender alem\u00e1n en M\u00fanich\u201d, podr\u00e1 tener acceso a la asesor\u00eda de nuestros tutores.<\/p>\n<p><\/p>\n<p><\/p>\n<p><\/p>\n<p><\/p>\n<div class=\"fusion-one-full fusion-layout-column fusion-column-last fusion-spacing-yes\" style=\"margin-top:0px;margin-bottom:20px;\"><div class=\"fusion-column-wrapper\"><span class=\"fusion-imageframe imageframe-none imageframe-4 hover-type-none\"> <img decoding=\"async\" src=\"http:\/\/www.sprachboerse.de\/wp-content\/uploads\/2012\/07\/map.png\" alt=\"\" class=\"img-responsive\"\/><\/span><div class=\"fusion-clearfix\"><\/div><\/div><\/div><div class=\"fusion-clearfix\"><\/div><\/div><\/div><div class=\"fusion-one-half fusion-layout-column fusion-column-last fusion-spacing-yes\" style=\"margin-top:0px;margin-bottom:20px;\"><div class=\"fusion-column-wrapper\"><div class=\"fusion-clearfix\"><\/div><\/div><\/div><div class=\"fusion-clearfix\"><\/div>","protected":false},"excerpt":{"rendered":"","protected":false},"author":1,"featured_media":0,"parent":0,"menu_order":0,"comment_status":"closed","ping_status":"closed","template":"","meta":{"footnotes":""},"aioseo_notices":[],"_links":{"self":[{"href":"https:\/\/www.sprachboerse.de\/es\/wp-json\/wp\/v2\/pages\/1"}],"collection":[{"href":"https:\/\/www.sprachboerse.de\/es\/wp-json\/wp\/v2\/pages"}],"about":[{"href":"https:\/\/www.sprachboerse.de\/es\/wp-json\/wp\/v2\/types\/page"}],"author":[{"embeddable":true,"href":"https:\/\/www.sprachboerse.de\/es\/wp-json\/wp\/v2\/users\/1"}],"replies":[{"embeddable":true,"href":"https:\/\/www.sprachboerse.de\/es\/wp-json\/wp\/v2\/comments?post=1"}],"version-history":[{"count":209,"href":"https:\/\/www.sprachboerse.de\/es\/wp-json\/wp\/v2\/pages\/1\/revisions"}],"predecessor-version":[{"id":1642,"href":"https:\/\/www.sprachboerse.de\/es\/wp-json\/wp\/v2\/pages\/1\/revisions\/1642"}],"wp:attachment":[{"href":"https:\/\/www.sprachboerse.de\/es\/wp-json\/wp\/v2\/media?parent=1"}],"curies":[{"name":"wp","href":"https:\/\/api.w.org\/{rel}","templated":true}]}}