{"id":9,"date":"2012-07-30T14:05:37","date_gmt":"2012-07-30T12:05:37","guid":{"rendered":""},"modified":"2025-07-28T00:13:00","modified_gmt":"2025-07-27T22:13:00","slug":"deutsch-sprachkursedeutsch-intensivkurse","status":"publish","type":"page","link":"https:\/\/www.sprachboerse.de\/en\/deutsch-sprachkurse\/deutsch-sprachkursedeutsch-intensivkurse\/","title":{"rendered":"German Intensive Course in small groupsIntensivkurs deutsch"},"content":{"rendered":"<p>Sie suchen einen Abendkurs Deutsch oder einen Intensivkurs am Morgen? Unsere Sprachschule in M\u00fcnchen ist seit mehr als 14 Jahren spezialisiert auf Deutsch Intensivkurse. Unser Deutschkurs bereitet Sie auf Deutschpr\u00fcfungen wie das Goethe-Zertifikat oder das Telc Zertifikat sowie auf den TestDaF, die DSH und den Aufnahmetest beim Studienkolleg vor. Sie lernen in kleinen Gruppen (5-12 Teilnehmer) in sympathisch-famili\u00e4rer Atmosph\u00e4re. Sie kommen zu Wort!<\/p>\n<p>Das Preis-Leistungsverh\u00e4ltnis des Intensivkurs deutsch unserer Sprachschule ist unvergleichlich gut, pr\u00fcfen Sie selbst.<\/p>\n<p><a href=\"http:\/\/www.sprachboerse.de\/wp-content\/uploads\/2012\/08\/AusflugStarnbergerSee.jpg\"><img loading=\"lazy\" decoding=\"async\" class=\"alignnone wp-image-769\" src=\"http:\/\/www.sprachboerse.de\/wp-content\/uploads\/2012\/08\/AusflugStarnbergerSee-300x200.jpg\" alt=\"AusflugStarnbergerSee\" width=\"574\" height=\"382\" srcset=\"https:\/\/www.sprachboerse.de\/wp-content\/uploads\/2012\/08\/AusflugStarnbergerSee-300x200.jpg 300w, https:\/\/www.sprachboerse.de\/wp-content\/uploads\/2012\/08\/AusflugStarnbergerSee-1024x683.jpg 1024w, https:\/\/www.sprachboerse.de\/wp-content\/uploads\/2012\/08\/AusflugStarnbergerSee.jpg 2048w\" sizes=\"(max-width: 574px) 100vw, 574px\" \/><\/a><\/p>\n<p>Der Deutschkurs wird von bestens ausgebildeten und engagierten Sprachtrainern geleitet. In kurzer Zeit werden Sprachhemmungen abgebaut und Ihre Deutschkenntnisse aktiviert.<\/p>\n<p>Mit unserem Intensivkurs (20 Unterrichtsstunden\/Woche) k\u00f6nnen Sie ein Visum als Sprachstudent (Sprachvisum f\u00fcr die Teilnahme an einem Deutschkurs) beantragen oder verl\u00e4ngern.<\/p>\n<p><strong>Deutsch Intensivkurs in kleinen Gruppen<\/strong><\/p>\n<p><\/p>\n<p>Our language school in Munich specializes in German intensive courses. You learn in small groups of 6 &#8211; 12 participants in a nice and cozy atmosphere! Our pricing for high quality service is very reasonable. Compare yourself!<\/p>\n<p>We employ the best and most qualified lecturers that take individual approach with each student. In a short time, you will overcome your lack of confidence and begin to communicate in German actively.<\/p>\n<p>With the intensive morning course (20 academic hours\/week) you can apply for or extend a visa as a language student (language visa for participation in a German course).<\/p>\n<p><strong>German intensive courses in small groups<\/strong><\/p>\n<div class=\"fusion-one-third one_third fusion-layout-column fusion-spacing-yes\" style=\"margin-top:0px;margin-bottom:20px;\"><div class=\"fusion-column-wrapper\"><div class=\"table-1\">\n<table width=\"100%\">\n<thead>\n<tr>\n<th align=\"left\"><strong>A1.1. Intensive course<br \/>\n<\/strong><\/th>\n<\/tr>\n<\/thead>\n<tbody>\n<tr>\n<td><strong>Start: <\/strong>25th August, 20th October 2025, 5th January, 2nd March, 4th May, 29th June, 24th August, 19th October 2026<\/td>\n<\/tr>\n<tr>\n<td>Hours \/ Week: 2<\/td>\n<\/tr>\n<tr>\n<td>Time: 10.00 &#8211; 13.15<\/td>\n<\/tr>\n<tr>\n<td>Days: Monday &#8211; Friday<\/td>\n<\/tr>\n<tr>\n<td><strong>Price: from 590,00 Euro \/ 4 weeks <\/strong><\/td>\n<\/tr>\n<\/tbody>\n<\/table>\n<\/div>\n<div class=\"fusion-sep-clear\"><\/div><div class=\"fusion-separator fusion-full-width-sep sep-none\" style=\"border-color:#e0dede;margin-left: auto;margin-right: auto;margin-top:px;\"><\/div><div class=\"fusion-clearfix\"><\/div><\/div><\/div><div class=\"fusion-one-third one_third fusion-layout-column fusion-spacing-yes\" style=\"margin-top:0px;margin-bottom:20px;\"><div class=\"fusion-column-wrapper\"><div class=\"table-1\">\n<table width=\"100%\">\n<thead>\n<tr>\n<th align=\"left\"><strong>A1.2. Intensive course<br \/>\n<\/strong><\/th>\n<\/tr>\n<\/thead>\n<tbody>\n<tr>\n<td>Start: 28th July, 22nd September, 17th November 2025, 2nd February, 30th March, 1st June, 27th July, 21st September, 16th November 2026<\/td>\n<\/tr>\n<tr>\n<td>Hours \/ Week: 20<\/td>\n<\/tr>\n<tr>\n<td>Time: 10.00 &#8211; 13.15<\/td>\n<\/tr>\n<tr>\n<td>Days: Monday &#8211; Friday<\/td>\n<\/tr>\n<tr>\n<td><strong>Price: from 590,00 Euro \/ 4 weeks <\/strong><\/td>\n<\/tr>\n<\/tbody>\n<\/table>\n<\/div>\n<div class=\"fusion-sep-clear\"><\/div><div class=\"fusion-separator fusion-full-width-sep sep-none\" style=\"border-color:#e0dede;margin-left: auto;margin-right: auto;margin-top:px;\"><\/div><div class=\"fusion-clearfix\"><\/div><\/div><\/div><div class=\"fusion-one-third one_third fusion-layout-column fusion-column-last fusion-spacing-yes\" style=\"margin-top:0px;margin-bottom:20px;\"><div class=\"fusion-column-wrapper\"><div class=\"table-1\">\n<table width=\"100%\">\n<thead>\n<tr>\n<th align=\"left\"><strong>A2.1. Intensive course<br \/>\n<\/strong><\/th>\n<\/tr>\n<\/thead>\n<tbody>\n<tr>\n<td><strong>Start: <\/strong>25th August, 20th October 2025, 5th January, 2nd May, 29th June, 24th August, 19th October 2026<\/td>\n<\/tr>\n<tr>\n<td>Hours \/ Week: 20<\/td>\n<\/tr>\n<tr>\n<td>Time: 10.00 &#8211; 13.15<\/td>\n<\/tr>\n<tr>\n<td>Days: Monday &#8211; Friday<\/td>\n<\/tr>\n<tr>\n<td><strong>Price: from 590,00 Euro \/ 4 weeks <\/strong><\/td>\n<\/tr>\n<\/tbody>\n<\/table>\n<\/div>\n<div class=\"fusion-sep-clear\"><\/div><div class=\"fusion-separator fusion-full-width-sep sep-none\" style=\"border-color:#e0dede;margin-left: auto;margin-right: auto;margin-top:px;\"><\/div><div class=\"fusion-clearfix\"><\/div><\/div><\/div><div class=\"fusion-clearfix\"><\/div><div class=\"fusion-one-third one_third fusion-layout-column fusion-spacing-yes\" style=\"margin-top:0px;margin-bottom:20px;\"><div class=\"fusion-column-wrapper\"><div class=\"table-1\">\n<table width=\"100%\">\n<thead>\n<tr>\n<th align=\"left\"><strong>A2.2. Intensive course<br \/>\n<\/strong><\/th>\n<\/tr>\n<\/thead>\n<tbody>\n<tr>\n<td><strong>Start: <\/strong>28th July, 22nd September, 17th November 2025, 2nd February, 30th March, 1st June, 27th July, 21st September, 16th November 2026<strong><br \/>\n<\/strong><\/td>\n<\/tr>\n<tr>\n<td>Hours \/ Week: 20<\/td>\n<\/tr>\n<tr>\n<td>Time: 10.00 &#8211; 13.15<\/td>\n<\/tr>\n<tr>\n<td>Days: Monday &#8211; Friday<\/td>\n<\/tr>\n<tr>\n<td><strong>Price: from 590,00 Euro \/ 4 weeks <\/strong><\/td>\n<\/tr>\n<\/tbody>\n<\/table>\n<\/div>\n<div class=\"fusion-sep-clear\"><\/div><div class=\"fusion-separator fusion-full-width-sep sep-none\" style=\"border-color:#e0dede;margin-left: auto;margin-right: auto;margin-top:px;\"><\/div><div class=\"fusion-clearfix\"><\/div><\/div><\/div><div class=\"fusion-one-third one_third fusion-layout-column fusion-spacing-yes\" style=\"margin-top:0px;margin-bottom:20px;\"><div class=\"fusion-column-wrapper\"><div class=\"table-1\">\n<table width=\"100%\">\n<thead>\n<tr>\n<th align=\"left\"><strong>B1.1. Intensive course<br \/>\n<\/strong><\/th>\n<\/tr>\n<\/thead>\n<tbody>\n<tr>\n<td><strong>Start:<\/strong> 25th August, 20th October 2025, 5th January, 2nd March, 4th May, 29th June, 24th August, 19th October 2026 (after a test every Monday)<\/td>\n<\/tr>\n<tr>\n<td>Hours \/ Week: 20<\/td>\n<\/tr>\n<tr>\n<td>Time: 10.00 &#8211; 13.15<\/td>\n<\/tr>\n<tr>\n<td>Days: Monday &#8211; Friday<\/td>\n<\/tr>\n<tr>\n<td><strong>Price: from 590,00 Euro \/ 4 weeks <\/strong><\/td>\n<\/tr>\n<\/tbody>\n<\/table>\n<\/div>\n<div class=\"fusion-sep-clear\"><\/div><div class=\"fusion-separator fusion-full-width-sep sep-none\" style=\"border-color:#e0dede;margin-left: auto;margin-right: auto;margin-top:px;\"><\/div><div class=\"fusion-clearfix\"><\/div><\/div><\/div><div class=\"fusion-one-third one_third fusion-layout-column fusion-column-last fusion-spacing-yes\" style=\"margin-top:0px;margin-bottom:20px;\"><div class=\"fusion-column-wrapper\"><div class=\"table-1\">\n<table width=\"100%\">\n<thead>\n<tr>\n<th align=\"left\"><strong>B1.2. Intensive course<br \/>\n<\/strong><\/th>\n<\/tr>\n<\/thead>\n<tbody>\n<tr>\n<td><strong>Start: <\/strong>22nd September, 17th November 2025, 2nd February, 30th March, 1st June, 27th July, 21st September, 16th November 2026 (after a test every Monday)<\/td>\n<\/tr>\n<tr>\n<td>Hours \/ Week: 20<\/td>\n<\/tr>\n<tr>\n<td>Time: 10.00 &#8211; 13.15<\/td>\n<\/tr>\n<tr>\n<td>Days: Monday &#8211; Friday<\/td>\n<\/tr>\n<tr>\n<td><strong>Price: from 590,00 Euro \/ 4 weeks <\/strong><\/td>\n<\/tr>\n<\/tbody>\n<\/table>\n<\/div>\n<div class=\"fusion-sep-clear\"><\/div><div class=\"fusion-separator fusion-full-width-sep sep-none\" style=\"border-color:#e0dede;margin-left: auto;margin-right: auto;margin-top:px;\"><\/div><div class=\"fusion-clearfix\"><\/div><\/div><\/div><div class=\"fusion-clearfix\"><\/div><div class=\"fusion-one-third one_third fusion-layout-column fusion-spacing-yes\" style=\"margin-top:0px;margin-bottom:20px;\"><div class=\"fusion-column-wrapper\"><div class=\"table-1\">\n<table width=\"100%\">\n<thead>\n<tr>\n<th align=\"left\"><strong>B2 Intensive course<br \/>\n<\/strong><\/th>\n<\/tr>\n<\/thead>\n<tbody>\n<tr>\n<td><strong>Start:<\/strong>\u00a0every Monday after the placement test<\/td>\n<\/tr>\n<tr>\n<td>Hours \/ Week: 20<\/td>\n<\/tr>\n<tr>\n<td>Time: 10.00 &#8211; 13.15<\/td>\n<\/tr>\n<tr>\n<td>Days: Monday &#8211; Friday<\/td>\n<\/tr>\n<tr>\n<td><strong>Price: from 590,00 Euro \/ 4 weeks<\/strong><\/td>\n<\/tr>\n<\/tbody>\n<\/table>\n<\/div>\n<div class=\"fusion-sep-clear\"><\/div><div class=\"fusion-separator fusion-full-width-sep sep-none\" style=\"border-color:#e0dede;margin-left: auto;margin-right: auto;margin-top:px;\"><\/div><div class=\"fusion-clearfix\"><\/div><\/div><\/div><div class=\"fusion-one-third one_third fusion-layout-column fusion-column-last fusion-spacing-yes\" style=\"margin-top:0px;margin-bottom:20px;\"><div class=\"fusion-column-wrapper\"><div class=\"table-1\">\n<table width=\"100%\">\n<thead>\n<tr>\n<th align=\"left\"><strong>C1 Intensive course<br \/>\n<\/strong><\/th>\n<\/tr>\n<\/thead>\n<tbody>\n<tr>\n<td><strong>Start:\u00a0<\/strong>every Monday after the\u00a0placement test.<\/td>\n<\/tr>\n<tr>\n<td>Hours \/ Week: 20<\/td>\n<\/tr>\n<tr>\n<td>Time: 10.00 &#8211; 13.15<\/td>\n<\/tr>\n<tr>\n<td>Days: Monday &#8211; Friday<\/td>\n<\/tr>\n<tr>\n<td><strong>Price: from 595,00 Euro \/ 4 weeks<\/strong><\/td>\n<\/tr>\n<\/tbody>\n<\/table>\n<\/div>\n<div class=\"fusion-sep-clear\"><\/div><div class=\"fusion-separator fusion-full-width-sep sep-none\" style=\"border-color:#e0dede;margin-left: auto;margin-right: auto;margin-top:px;\"><\/div><div class=\"fusion-clearfix\"><\/div><\/div><\/div><div class=\"fusion-clearfix\"><\/div><p><\/p>\n<div class=\"fusion-one-full fusion-layout-column fusion-column-last fusion-spacing-yes\" style=\"margin-top:0px;margin-bottom:20px;\"><div class=\"fusion-column-wrapper\"><div class=\"fusion-clearfix\"><\/div><\/div><\/div><div class=\"fusion-clearfix\"><\/div>","protected":false},"excerpt":{"rendered":"","protected":false},"author":1,"featured_media":0,"parent":202,"menu_order":0,"comment_status":"closed","ping_status":"closed","template":"","meta":{"footnotes":""},"aioseo_notices":[],"_links":{"self":[{"href":"https:\/\/www.sprachboerse.de\/en\/wp-json\/wp\/v2\/pages\/9"}],"collection":[{"href":"https:\/\/www.sprachboerse.de\/en\/wp-json\/wp\/v2\/pages"}],"about":[{"href":"https:\/\/www.sprachboerse.de\/en\/wp-json\/wp\/v2\/types\/page"}],"author":[{"embeddable":true,"href":"https:\/\/www.sprachboerse.de\/en\/wp-json\/wp\/v2\/users\/1"}],"replies":[{"embeddable":true,"href":"https:\/\/www.sprachboerse.de\/en\/wp-json\/wp\/v2\/comments?post=9"}],"version-history":[{"count":151,"href":"https:\/\/www.sprachboerse.de\/en\/wp-json\/wp\/v2\/pages\/9\/revisions"}],"predecessor-version":[{"id":1643,"href":"https:\/\/www.sprachboerse.de\/en\/wp-json\/wp\/v2\/pages\/9\/revisions\/1643"}],"up":[{"embeddable":true,"href":"https:\/\/www.sprachboerse.de\/en\/wp-json\/wp\/v2\/pages\/202"}],"wp:attachment":[{"href":"https:\/\/www.sprachboerse.de\/en\/wp-json\/wp\/v2\/media?parent=9"}],"curies":[{"name":"wp","href":"https:\/\/api.w.org\/{rel}","templated":true}]}}