{"id":4,"date":"2012-07-30T10:58:16","date_gmt":"2012-07-30T08:58:16","guid":{"rendered":""},"modified":"2022-08-17T11:48:11","modified_gmt":"2022-08-17T09:48:11","slug":"deutsch-sprachkursedeutschkurs-muenchen","status":"publish","type":"page","link":"https:\/\/www.sprachboerse.de\/en\/deutsch-sprachkurse\/deutsch-sprachkursedeutschkurs-muenchen\/","title":{"rendered":"German Language Courses in Munich \/ Germany"},"content":{"rendered":"<div class=\"fusion-fullwidth fullwidth-box fusion-fullwidth-1  fusion-parallax-none nonhundred-percent-fullwidth\" style=\"border-color:#eae9e9;border-bottom-width: 0px;border-top-width: 0px;border-bottom-style: solid;border-top-style: solid;padding-bottom:20px;padding-top:20px;padding-left:px;padding-right:px;\"><style type=\"text\/css\" scoped=\"scoped\">.fusion-fullwidth-1 {\n                            padding-left: px !important;\n                            padding-right: px !important;\n                        }<\/style><div class=\"fusion-row\"><div class=\"fusion-one-full fusion-layout-column fusion-column-last fusion-spacing-yes\" style=\"margin-top:0px;margin-bottom:20px;\"><div class=\"fusion-column-wrapper\"><p>Die drei wichtigsten Gr\u00fcnde f\u00fcr Deutschkurse in M\u00fcnchen:<\/p>\n<ol>\n<li>Der Deutschkurs hat maximal 12 Teilnehmer. Sie kommen zu Wort!<\/li>\n<li>Das Preis-Leistungsverh\u00e4ltnis der Deutschkurse ist unvergleichlich gut, vergleichen\/pr\u00fcfen Sie selbst!<\/li>\n<li>Die Deutsch-Sprachkurse werden von bestens ausgebildeten und engagierten Sprachtrainern geleitet, die jeden Sprachstudenten im Auge behalten. Die Dozenten haben alle einen Hochschulabschluss und Erfahrung im Umgang mit ausl\u00e4ndischen Sprachstudenten &#8211; Sie werden verstanden!<\/li>\n<\/ol>\n<div class=\"fusion-clearfix\"><\/div><\/div><\/div><div class=\"fusion-clearfix\"><\/div><div class=\"fusion-one-half fusion-layout-column fusion-spacing-no\" style=\"margin-top:0px;margin-bottom:20px;\"><div class=\"fusion-column-wrapper\" style=\"padding:5px;\"><div class=\"fusion-column-table\"><div class=\"fusion-column-tablecell\"><span class=\"fusion-imageframe imageframe-none imageframe-1 hover-type-none\"> <img decoding=\"async\" src=\"https:\/\/www.sprachboerse.de\/wp-content\/uploads\/2012\/07\/Bootstour2.jpg\" alt=\"\" class=\"img-responsive\"\/><\/span><div class=\"fusion-clearfix\"><\/div><\/div><\/div><\/div><\/div><div class=\"fusion-one-half fusion-layout-column fusion-column-last fusion-spacing-yes\" style=\"margin-top:0px;margin-bottom:20px;\"><div class=\"fusion-column-wrapper\" style=\"padding:5px;\"><span class=\"fusion-imageframe imageframe-none imageframe-2 hover-type-none\"> <img decoding=\"async\" src=\"https:\/\/www.sprachboerse.de\/wp-content\/uploads\/2012\/07\/Wei\u00dfwurstfr\u00fchst\u00fcck.jpg\" alt=\"\" class=\"img-responsive\"\/><\/span><div class=\"fusion-clearfix\"><\/div><\/div><\/div><div class=\"fusion-clearfix\"><\/div><div class=\"fusion-one-full fusion-layout-column fusion-column-last fusion-spacing-yes\" style=\"margin-top:0px;margin-bottom:0px;\"><div class=\"fusion-column-wrapper\"><p><\/p>\n<div class=\"fusion-clearfix\"><\/div><\/div><\/div><div class=\"fusion-clearfix\"><\/div><\/div><\/div><div class=\"fusion-fullwidth fullwidth-box fusion-fullwidth-2  fusion-parallax-none nonhundred-percent-fullwidth\" style=\"border-color:#eae9e9;border-bottom-width: 0px;border-top-width: 0px;border-bottom-style: solid;border-top-style: solid;padding-bottom:20px;padding-top:0px;padding-left:px;padding-right:px;\"><style type=\"text\/css\" scoped=\"scoped\">.fusion-fullwidth-2 {\n                            padding-left: px !important;\n                            padding-right: px !important;\n                        }<\/style><div class=\"fusion-row\"><div class=\"fusion-one-half fusion-layout-column fusion-spacing-no\" style=\"margin-top:0px;margin-bottom:20px;\"><div class=\"fusion-column-wrapper\" style=\"padding:5px;\"><span class=\"fusion-imageframe imageframe-none imageframe-3 hover-type-none\"> <img decoding=\"async\" src=\"https:\/\/www.sprachboerse.de\/wp-content\/uploads\/2012\/07\/deutschintensivkurs-muenchen.jpg\" alt=\"\" class=\"img-responsive\"\/><\/span><div class=\"fusion-clearfix\"><\/div><\/div><\/div><div class=\"fusion-one-half fusion-layout-column fusion-column-last fusion-spacing-no\" style=\"margin-top:0px;margin-bottom:20px;\"><div class=\"fusion-column-wrapper\" style=\"padding:5px;\"><span class=\"fusion-imageframe imageframe-none imageframe-4 hover-type-none\"> <img decoding=\"async\" src=\"https:\/\/www.sprachboerse.de\/wp-content\/uploads\/2012\/07\/deutschkurs-muenchen.jpg\" alt=\"\" class=\"img-responsive\"\/><\/span><div class=\"fusion-clearfix\"><\/div><\/div><\/div><div class=\"fusion-clearfix\"><\/div><\/div><\/div><p><\/p>\n<p>The three most important reasons why you should take your German language courses:<\/p>\n<ol>\n<li>Our courses contain maximum 12 participants. You will get to speak!<\/li>\n<li>You get reasonable pricing for high quality service, compare yourself!<\/li>\n<li>We employ the best and most qualified lecturers that take individual approach with each student. All our docents have graduated with diplomas and have experiences in guidance of foreign students, you will see for yourself!<\/li>\n<li>We help you with your visa &#8211; with our intensive course (20 academic hours\/week) you can apply for or extend your German course visa!<\/li>\n<\/ol>\n<p>We offer German language courses from Basic Level all the way to Advance Level, marked A1 to C2.<\/p>\n<p>We prepare you for the most important German exams, the Goethe-Certificate A1, the Goethe-Certificate A2, the Goethe-Certificate B1, the Goethe-Certificate B2, the Goethe-Certificate C1, the Goethe-Certificate C2 as well as telc Certificate A1, A2, B1, B2, C1 und C2, telc B2\/C1 Medizin, TestDaF, DSH, Studienkolleg\u201d.<\/p>\n<p>We offer the German language courses as Intensive Course, Intensive Course PLUS und Evening Course.<\/p>\n<p>For many years we have been offering a special Summer German Language Program for international students wanting to study during summer.<\/p>\n<p>Furthermore; you may want to attend a course in Commercial German, Extended Vocabulary or Conversational German.<\/p>\n<p>We also offer German language courses in Individual training, fit to your individual learning goals.<\/p>\n<p>We offer German language courses to companies with lecturing within your premises.<\/p>\n<p><strong>Our German language courses are flexible in all levels.<\/strong> You choose your pace, slow or fast and change freely within Basic\/Intermediate\/Advance Levels as long as it suits your language abilities.<\/p>\n<p><\/p>","protected":false},"excerpt":{"rendered":"","protected":false},"author":1,"featured_media":0,"parent":202,"menu_order":0,"comment_status":"closed","ping_status":"closed","template":"","meta":{"footnotes":""},"aioseo_notices":[],"_links":{"self":[{"href":"https:\/\/www.sprachboerse.de\/en\/wp-json\/wp\/v2\/pages\/4"}],"collection":[{"href":"https:\/\/www.sprachboerse.de\/en\/wp-json\/wp\/v2\/pages"}],"about":[{"href":"https:\/\/www.sprachboerse.de\/en\/wp-json\/wp\/v2\/types\/page"}],"author":[{"embeddable":true,"href":"https:\/\/www.sprachboerse.de\/en\/wp-json\/wp\/v2\/users\/1"}],"replies":[{"embeddable":true,"href":"https:\/\/www.sprachboerse.de\/en\/wp-json\/wp\/v2\/comments?post=4"}],"version-history":[{"count":36,"href":"https:\/\/www.sprachboerse.de\/en\/wp-json\/wp\/v2\/pages\/4\/revisions"}],"predecessor-version":[{"id":1520,"href":"https:\/\/www.sprachboerse.de\/en\/wp-json\/wp\/v2\/pages\/4\/revisions\/1520"}],"up":[{"embeddable":true,"href":"https:\/\/www.sprachboerse.de\/en\/wp-json\/wp\/v2\/pages\/202"}],"wp:attachment":[{"href":"https:\/\/www.sprachboerse.de\/en\/wp-json\/wp\/v2\/media?parent=4"}],"curies":[{"name":"wp","href":"https:\/\/api.w.org\/{rel}","templated":true}]}}